{"id":190632,"date":"2022-02-17T14:00:48","date_gmt":"2022-02-17T14:00:48","guid":{"rendered":"https:\/\/www.kroftman.com\/?page_id=190632"},"modified":"2025-12-04T13:47:03","modified_gmt":"2025-12-04T13:47:03","slug":"vacature-odoo-applicatiebeheer","status":"publish","type":"page","link":"https:\/\/www.kroftman.com\/nl-nl\/vacature-odoo-applicatiebeheer\/","title":{"rendered":"Vacature Odoo &#038; applicatiebeheer"},"content":{"rendered":"<div class=\"wpb-content-wrapper\"><p>[vc_row el_class=&#8221;blog_top&#8221; conditional_render=&#8221;%5B%7B%22value_role%22%3A%22administrator%22%7D%5D&#8221;][vc_column][vc_column_text css=&#8221;&#8221; el_class=&#8221;blog_title&#8221; css_params=&#8221;&#8221;]<\/p>\n<h1>VACATURE: ODOO &amp;<br \/>\nAPPLICATIEBEHEER<\/h1>\n<p>[\/vc_column_text][vc_column_text css=&#8221;&#8221; css_params=&#8221;&#8221;][\/vc_column_text][\/vc_column][\/vc_row][vc_row el_class=&#8221;blog_content&#8221; conditional_render=&#8221;%5B%7B%22value_role%22%3A%22administrator%22%7D%5D&#8221;][vc_column css=&#8221;.vc_custom_1764340746012{background-color: #ffffff !important;border-color: #ffffff !important;}&#8221; conditional_render=&#8221;%5B%7B%22value_role%22%3A%22administrator%22%7D%5D&#8221; css_params=&#8221;&#8221;][vc_row_inner][vc_column_inner][vc_column_text css=&#8221;&#8221; el_class=&#8221;move_up&#8221; css_params=&#8221;&#8221;]https:\/\/vimeo.com\/1141445504[\/vc_column_text][\/vc_column_inner][\/vc_row_inner][\/vc_column][\/vc_row][vc_row][vc_column][vc_column_text css=&#8221;&#8221; css_params=&#8221;&#8221;]<\/p>\n<h5>Over ons<\/h5>\n<p>Bij Kroftman groeien we liever door slimmer te werken dan door ons team eindeloos uit te bouwen. Odoo speelt daarin een centrale rol. Ons interne motto is eigenlijk \u201cgeen gekut\u201d,\u00a0 maar dat fluisteren we alleen binnenshuis \ud83d\ude09. Wat we w\u00e9l vertellen: we houden van slimme, praktische oplossingen die gewoon werken, zonder onnodige rompslomp.<\/p>\n<p>&nbsp;<\/p>\n<h5><strong>Jouw rol<\/strong><\/h5>\n<p>Als Applicatie beheerder ben jij de schakel tussen IT en de business. Je duikt in de mogelijkheden van Odoo, bedenkt en bouwt slimme oplossingen en maakt zo het werk van je collega\u2019s makkelijker \u00e9n leuker.<\/p>\n<p>Je krijgt energie van processen verbeteren en vindt het tof om mensen te verrassen met praktische toepassingen die echt het verschil maken. De focus ligt op het verder optimaliseren en uitrollen van Odoo. Tegelijkertijd houd je ook het bredere IT-landschap in de gaten.<\/p>\n<p>Ervaring met Odoo is niet nodig: je krijgt bij ons alle ruimte om dit veelzijdige pakket te leren kennen en je erin te ontwikkelen.<\/p>\n<p>&nbsp;<\/p>\n<h5><strong>Odoo als jouw speelveld<\/strong><\/h5>\n<p>Odoo is een van de snelst groeiende zakelijke softwarepakketten ter wereld, met enorme mogelijkheden. Van CRM tot Finance en van HR tot Logistiek: Odoo biedt \u00e9\u00e9n ge\u00efntegreerd platform waarin alles samenkomt.<\/p>\n<p>Wij gebruiken Odoo nu als ERP-systeem, aangevuld met CRM. Maar er kan nog veel meer, en daar hebben we jou voor nodig. Samen met jou willen we Odoo verder uitrollen en optimaal laten aansluiten op onze bedrijfsprocessen.<\/p>\n<p>Je krijgt de kans om je hier volledig in vast te bijten, bijvoorbeeld via:<\/p>\n<ul>\n<li>Jaarlijkse deelname aan de Odoo Experience<\/li>\n<li>Trainingen via Odoo University<\/li>\n<li>Ruime mogelijkheden om jezelf inhoudelijk en persoonlijk te ontwikkelen<\/li>\n<\/ul>\n<p>Daarnaast verdiep je je in ons IT-landschap en ben je het aanspreekpunt voor onze IT-partners.<\/p>\n<p>&nbsp;<\/p>\n<h5><strong>Met wie werk je samen?<\/strong><\/h5>\n<p>We zijn een platte organisatie met zo\u2019n 15 collega\u2019s, ieder met zijn of haar eigen specialisme. Je collega\u2019s kennen de organisatie en processen door en door en nemen je daar graag in mee.<\/p>\n<p>Daarnaast werk je samen met externe partners die ons ondersteunen met kennis van IT en AI. Zij zijn jouw sparringpartners en helpen je bij het uitrollen van verbeteringen en nieuwe oplossingen. Je staat er dus niet alleen voor, maar krijgt w\u00e9l de vrijheid en verantwoordelijkheid om zelf de regie te nemen.<\/p>\n<p>&nbsp;<\/p>\n<h5><strong>Innovatie met AI<\/strong><\/h5>\n<p>Een deel van onze processen wordt al ondersteund door AI, maar we zien nog veel meer kansen. Door slimme inzet van AI kunnen processen n\u00f3g effici\u00ebnter, analyses sneller en beslissingen beter worden.<\/p>\n<p>Jij krijgt de ruimte om:<\/p>\n<ul>\n<li>AI-tools te verkennen en te testen<\/li>\n<li>Te onderzoeken waar AI waarde toevoegt in onze processen<\/li>\n<li>Deze oplossingen daadwerkelijk in de praktijk te brengen<\/li>\n<\/ul>\n<p>We werken samen met een partij die ons ondersteunt bij het automatiseren van processen met behulp van AI, ook daar ga jij actief mee aan de slag.<\/p>\n<p>&nbsp;<\/p>\n<h5><strong>Wat ga je doen?<\/strong><\/h5>\n<ul>\n<li>Onderzoeken welke Odoo-functionaliteiten waarde toevoegen en deze implementeren<\/li>\n<li>Bedrijfsprocessen slimmer en eenvoudiger maken met behulp van Odoo en ons IT-landschap<\/li>\n<li>Collega\u2019s ondersteunen, trainen en inspireren in het gebruik van Odoo<\/li>\n<li>Nieuwe modules en releases testen, documenteren en optimaliseren<\/li>\n<li>Experimenteren met AI-functionaliteiten en toepassen waar dit \u00e9cht meerwaarde heeft<\/li>\n<li>Collega\u2019s verrassen met slimme oplossingen die zichtbaar impact maken<\/li>\n<\/ul>\n<p>&nbsp;<\/p>\n<h5><strong>Wat breng je mee?<\/strong><\/h5>\n<ul>\n<li>HBO werk- en denkniveau, bij voorkeur richting Bedrijfskunde of ICT<\/li>\n<li>Geen ervaring met Odoo nodig \u2013 w\u00e9l veel zin om erin te duiken<\/li>\n<li>Interesse in bedrijfsprocessen (bijv. finance, sales, logistiek, HR)<\/li>\n<li>Nieuwsgierigheid naar AI en hoe dit processen kan versterken<\/li>\n<li>Sterke analytische en communicatieve vaardigheden<\/li>\n<li>Enthousiasme om continu te verbeteren en collega\u2019s verder te helpen<\/li>\n<li>Je denkt mee \u00e9n helpt mee uitvoeren bij verbeterprojecten<\/li>\n<li>Je kunt zelfstandig werken, maar bent ook echt een teamplayer<\/li>\n<\/ul>\n<p>&nbsp;<\/p>\n<h5><strong>Wat bieden<\/strong><strong> wij jou?<\/strong><\/h5>\n<ul>\n<li>Een uitdagende rol met veel verantwoordelijkheid en vrijheid<\/li>\n<li>Volop scholingsmogelijkheden, o.a. via Odoo University en externe trainingen<\/li>\n<li>Jaarlijkse deelname aan de Odoo Experience om kennis op te doen en te netwerken<\/li>\n<li>De kans om te werken aan \u00e9n te bouwen met de nieuwste AI-functionaliteiten<\/li>\n<li>Een omgeving waarin jouw idee\u00ebn direct zichtbaar resultaat opleveren<\/li>\n<li>Salarisrange \u20ac2700 &#8211; \u20ac3300<\/li>\n<li>Werken in een dynamisch, groeiend bedrijf met korte lijnen en een ondernemende, no-nonsense cultuur<\/li>\n<\/ul>\n<p>Ben je enthousiast bel of mail Dineke om te reageren!<br \/>\ndineke@kroftman.nl<br \/>\n+31615671474<\/p>\n<p>[\/vc_column_text][\/vc_column][\/vc_row]<\/p>\n<\/div>","protected":false},"excerpt":{"rendered":"<p>[vc_row el_class=&#8221;blog_top&#8221; conditional_render=&#8221;%5B%7B%22value_role%22%3A%22administrator%22%7D%5D&#8221;][vc_column][vc_column_text css=&#8221;&#8221; el_class=&#8221;blog_title&#8221; css_params=&#8221;&#8221;] VACATURE: ODOO &amp; APPLICATIEBEHEER [\/vc_column_text][vc_column_text css=&#8221;&#8221; css_params=&#8221;&#8221;][\/vc_column_text][\/vc_column][\/vc_row][vc_row el_class=&#8221;blog_content&#8221; conditional_render=&#8221;%5B%7B%22value_role%22%3A%22administrator%22%7D%5D&#8221;][vc_column css=&#8221;.vc_custom_1764340746012{background-color: #ffffff !important;border-color: #ffffff !important;}&#8221; conditional_render=&#8221;%5B%7B%22value_role%22%3A%22administrator%22%7D%5D&#8221; css_params=&#8221;&#8221;][vc_row_inner][vc_column_inner][vc_column_text css=&#8221;&#8221; el_class=&#8221;move_up&#8221; css_params=&#8221;&#8221;]https:\/\/vimeo.com\/1141445504[\/vc_column_text][\/vc_column_inner][\/vc_row_inner][\/vc_column][\/vc_row][vc_row][vc_column][vc_column_text css=&#8221;&#8221; css_params=&#8221;&#8221;] Over ons Bij Kroftman groeien we liever door slimmer te werken dan door ons team eindeloos uit te bouwen. Odoo speelt daarin een centrale rol. Ons interne motto [&hellip;]<\/p>\n","protected":false},"author":55,"featured_media":190696,"parent":0,"menu_order":0,"comment_status":"closed","ping_status":"closed","template":"","meta":{"_acf_changed":false,"content-type":"","inline_featured_image":false,"footnotes":""},"class_list":["post-190632","page","type-page","status-publish","has-post-thumbnail","hentry"],"acf":[],"yoast_head":"<!-- This site is optimized with the Yoast SEO plugin v27.1.1 - https:\/\/yoast.com\/product\/yoast-seo-wordpress\/ -->\n<title>Vacature Odoo &amp; applicatiebeheer | Kroftman<\/title>\n<meta name=\"description\" content=\"We zijn op zoek naar een inhouse videograaf die helpt onze nieuwe strategie uit te dragen en ter uitbreiding van de marketing- en salesafdeling.\" \/>\n<meta name=\"robots\" content=\"index, follow, max-snippet:-1, max-image-preview:large, max-video-preview:-1\" \/>\n<link rel=\"canonical\" href=\"https:\/\/www.kroftman.com\/nl-nl\/vacature-odoo-applicatiebeheer\/\" \/>\n<meta property=\"og:locale\" content=\"nl_NL\" \/>\n<meta property=\"og:type\" content=\"article\" \/>\n<meta property=\"og:title\" content=\"Vacature Odoo &amp; applicatiebeheer | Kroftman\" \/>\n<meta property=\"og:description\" content=\"We zijn op zoek naar een inhouse videograaf die helpt onze nieuwe strategie uit te dragen en ter uitbreiding van de marketing- en salesafdeling.\" \/>\n<meta property=\"og:url\" content=\"https:\/\/www.kroftman.com\/nl-nl\/vacature-odoo-applicatiebeheer\/\" \/>\n<meta property=\"og:site_name\" content=\"Kroftman\" \/>\n<meta property=\"article:modified_time\" content=\"2025-12-04T13:47:03+00:00\" \/>\n<meta property=\"og:image\" content=\"https:\/\/www.kroftman.com\/wp-content\/uploads\/2022\/02\/Vacature-videograaf.jpg\" \/>\n\t<meta property=\"og:image:width\" content=\"1920\" \/>\n\t<meta property=\"og:image:height\" content=\"1279\" \/>\n\t<meta property=\"og:image:type\" content=\"image\/jpeg\" \/>\n<meta name=\"twitter:card\" content=\"summary_large_image\" \/>\n<meta name=\"twitter:label1\" content=\"Geschatte leestijd\" \/>\n\t<meta name=\"twitter:data1\" content=\"4 minuten\" \/>\n<script type=\"application\/ld+json\" class=\"yoast-schema-graph\">{\"@context\":\"https:\/\/schema.org\",\"@graph\":[{\"@type\":\"WebPage\",\"@id\":\"https:\/\/www.kroftman.com\/nl-nl\/vacature-odoo-applicatiebeheer\/\",\"url\":\"https:\/\/www.kroftman.com\/nl-nl\/vacature-odoo-applicatiebeheer\/\",\"name\":\"Vacature Odoo & applicatiebeheer | Kroftman\",\"isPartOf\":{\"@id\":\"https:\/\/www.kroftman.com\/en-eu\/#website\"},\"primaryImageOfPage\":{\"@id\":\"https:\/\/www.kroftman.com\/nl-nl\/vacature-odoo-applicatiebeheer\/#primaryimage\"},\"image\":{\"@id\":\"https:\/\/www.kroftman.com\/nl-nl\/vacature-odoo-applicatiebeheer\/#primaryimage\"},\"thumbnailUrl\":\"https:\/\/www.kroftman.com\/wp-content\/uploads\/2022\/02\/Vacature-videograaf.jpg\",\"datePublished\":\"2022-02-17T14:00:48+00:00\",\"dateModified\":\"2025-12-04T13:47:03+00:00\",\"description\":\"We zijn op zoek naar een inhouse videograaf die helpt onze nieuwe strategie uit te dragen en ter uitbreiding van de marketing- en salesafdeling.\",\"breadcrumb\":{\"@id\":\"https:\/\/www.kroftman.com\/nl-nl\/vacature-odoo-applicatiebeheer\/#breadcrumb\"},\"inLanguage\":\"nl-NL\",\"potentialAction\":[{\"@type\":\"ReadAction\",\"target\":[\"https:\/\/www.kroftman.com\/nl-nl\/vacature-odoo-applicatiebeheer\/\"]}]},{\"@type\":\"ImageObject\",\"inLanguage\":\"nl-NL\",\"@id\":\"https:\/\/www.kroftman.com\/nl-nl\/vacature-odoo-applicatiebeheer\/#primaryimage\",\"url\":\"https:\/\/www.kroftman.com\/wp-content\/uploads\/2022\/02\/Vacature-videograaf.jpg\",\"contentUrl\":\"https:\/\/www.kroftman.com\/wp-content\/uploads\/2022\/02\/Vacature-videograaf.jpg\",\"width\":1920,\"height\":1279,\"caption\":\"Vacature videograaf Kroftman\"},{\"@type\":\"BreadcrumbList\",\"@id\":\"https:\/\/www.kroftman.com\/nl-nl\/vacature-odoo-applicatiebeheer\/#breadcrumb\",\"itemListElement\":[{\"@type\":\"ListItem\",\"position\":1,\"name\":\"Home\",\"item\":\"https:\/\/www.kroftman.com\/nl-nl\/\"},{\"@type\":\"ListItem\",\"position\":2,\"name\":\"Vacature Odoo &#038; applicatiebeheer\"}]},{\"@type\":\"WebSite\",\"@id\":\"https:\/\/www.kroftman.com\/en-eu\/#website\",\"url\":\"https:\/\/www.kroftman.com\/en-eu\/\",\"name\":\"Kroftman\",\"description\":\"\",\"publisher\":{\"@id\":\"https:\/\/www.kroftman.com\/en-eu\/#organization\"},\"potentialAction\":[{\"@type\":\"SearchAction\",\"target\":{\"@type\":\"EntryPoint\",\"urlTemplate\":\"https:\/\/www.kroftman.com\/en-eu\/?s={search_term_string}\"},\"query-input\":{\"@type\":\"PropertyValueSpecification\",\"valueRequired\":true,\"valueName\":\"search_term_string\"}}],\"inLanguage\":\"nl-NL\"},{\"@type\":\"Organization\",\"@id\":\"https:\/\/www.kroftman.com\/en-eu\/#organization\",\"name\":\"Kroftman\",\"url\":\"https:\/\/www.kroftman.com\/en-eu\/\",\"logo\":{\"@type\":\"ImageObject\",\"inLanguage\":\"nl-NL\",\"@id\":\"https:\/\/www.kroftman.com\/en-eu\/#\/schema\/logo\/image\/\",\"url\":\"https:\/\/www.kroftman.com\/wp-content\/uploads\/2019\/05\/kroftman_new_logo_rgb.jpg\",\"contentUrl\":\"https:\/\/www.kroftman.com\/wp-content\/uploads\/2019\/05\/kroftman_new_logo_rgb.jpg\",\"width\":2000,\"height\":402,\"caption\":\"Kroftman\"},\"image\":{\"@id\":\"https:\/\/www.kroftman.com\/en-eu\/#\/schema\/logo\/image\/\"}}]}<\/script>\n<!-- \/ Yoast SEO plugin. -->","yoast_head_json":{"title":"Vacature Odoo & applicatiebeheer | Kroftman","description":"We zijn op zoek naar een inhouse videograaf die helpt onze nieuwe strategie uit te dragen en ter uitbreiding van de marketing- en salesafdeling.","robots":{"index":"index","follow":"follow","max-snippet":"max-snippet:-1","max-image-preview":"max-image-preview:large","max-video-preview":"max-video-preview:-1"},"canonical":"https:\/\/www.kroftman.com\/nl-nl\/vacature-odoo-applicatiebeheer\/","og_locale":"nl_NL","og_type":"article","og_title":"Vacature Odoo & applicatiebeheer | Kroftman","og_description":"We zijn op zoek naar een inhouse videograaf die helpt onze nieuwe strategie uit te dragen en ter uitbreiding van de marketing- en salesafdeling.","og_url":"https:\/\/www.kroftman.com\/nl-nl\/vacature-odoo-applicatiebeheer\/","og_site_name":"Kroftman","article_modified_time":"2025-12-04T13:47:03+00:00","og_image":[{"width":1920,"height":1279,"url":"https:\/\/www.kroftman.com\/wp-content\/uploads\/2022\/02\/Vacature-videograaf.jpg","type":"image\/jpeg"}],"twitter_card":"summary_large_image","twitter_misc":{"Geschatte leestijd":"4 minuten"},"schema":{"@context":"https:\/\/schema.org","@graph":[{"@type":"WebPage","@id":"https:\/\/www.kroftman.com\/nl-nl\/vacature-odoo-applicatiebeheer\/","url":"https:\/\/www.kroftman.com\/nl-nl\/vacature-odoo-applicatiebeheer\/","name":"Vacature Odoo & applicatiebeheer | Kroftman","isPartOf":{"@id":"https:\/\/www.kroftman.com\/en-eu\/#website"},"primaryImageOfPage":{"@id":"https:\/\/www.kroftman.com\/nl-nl\/vacature-odoo-applicatiebeheer\/#primaryimage"},"image":{"@id":"https:\/\/www.kroftman.com\/nl-nl\/vacature-odoo-applicatiebeheer\/#primaryimage"},"thumbnailUrl":"https:\/\/www.kroftman.com\/wp-content\/uploads\/2022\/02\/Vacature-videograaf.jpg","datePublished":"2022-02-17T14:00:48+00:00","dateModified":"2025-12-04T13:47:03+00:00","description":"We zijn op zoek naar een inhouse videograaf die helpt onze nieuwe strategie uit te dragen en ter uitbreiding van de marketing- en salesafdeling.","breadcrumb":{"@id":"https:\/\/www.kroftman.com\/nl-nl\/vacature-odoo-applicatiebeheer\/#breadcrumb"},"inLanguage":"nl-NL","potentialAction":[{"@type":"ReadAction","target":["https:\/\/www.kroftman.com\/nl-nl\/vacature-odoo-applicatiebeheer\/"]}]},{"@type":"ImageObject","inLanguage":"nl-NL","@id":"https:\/\/www.kroftman.com\/nl-nl\/vacature-odoo-applicatiebeheer\/#primaryimage","url":"https:\/\/www.kroftman.com\/wp-content\/uploads\/2022\/02\/Vacature-videograaf.jpg","contentUrl":"https:\/\/www.kroftman.com\/wp-content\/uploads\/2022\/02\/Vacature-videograaf.jpg","width":1920,"height":1279,"caption":"Vacature videograaf Kroftman"},{"@type":"BreadcrumbList","@id":"https:\/\/www.kroftman.com\/nl-nl\/vacature-odoo-applicatiebeheer\/#breadcrumb","itemListElement":[{"@type":"ListItem","position":1,"name":"Home","item":"https:\/\/www.kroftman.com\/nl-nl\/"},{"@type":"ListItem","position":2,"name":"Vacature Odoo &#038; applicatiebeheer"}]},{"@type":"WebSite","@id":"https:\/\/www.kroftman.com\/en-eu\/#website","url":"https:\/\/www.kroftman.com\/en-eu\/","name":"Kroftman","description":"","publisher":{"@id":"https:\/\/www.kroftman.com\/en-eu\/#organization"},"potentialAction":[{"@type":"SearchAction","target":{"@type":"EntryPoint","urlTemplate":"https:\/\/www.kroftman.com\/en-eu\/?s={search_term_string}"},"query-input":{"@type":"PropertyValueSpecification","valueRequired":true,"valueName":"search_term_string"}}],"inLanguage":"nl-NL"},{"@type":"Organization","@id":"https:\/\/www.kroftman.com\/en-eu\/#organization","name":"Kroftman","url":"https:\/\/www.kroftman.com\/en-eu\/","logo":{"@type":"ImageObject","inLanguage":"nl-NL","@id":"https:\/\/www.kroftman.com\/en-eu\/#\/schema\/logo\/image\/","url":"https:\/\/www.kroftman.com\/wp-content\/uploads\/2019\/05\/kroftman_new_logo_rgb.jpg","contentUrl":"https:\/\/www.kroftman.com\/wp-content\/uploads\/2019\/05\/kroftman_new_logo_rgb.jpg","width":2000,"height":402,"caption":"Kroftman"},"image":{"@id":"https:\/\/www.kroftman.com\/en-eu\/#\/schema\/logo\/image\/"}}]}},"_links":{"self":[{"href":"https:\/\/www.kroftman.com\/nl-nl\/wp-json\/wp\/v2\/pages\/190632","targetHints":{"allow":["GET"]}}],"collection":[{"href":"https:\/\/www.kroftman.com\/nl-nl\/wp-json\/wp\/v2\/pages"}],"about":[{"href":"https:\/\/www.kroftman.com\/nl-nl\/wp-json\/wp\/v2\/types\/page"}],"author":[{"embeddable":true,"href":"https:\/\/www.kroftman.com\/nl-nl\/wp-json\/wp\/v2\/users\/55"}],"replies":[{"embeddable":true,"href":"https:\/\/www.kroftman.com\/nl-nl\/wp-json\/wp\/v2\/comments?post=190632"}],"version-history":[{"count":6,"href":"https:\/\/www.kroftman.com\/nl-nl\/wp-json\/wp\/v2\/pages\/190632\/revisions"}],"predecessor-version":[{"id":337802,"href":"https:\/\/www.kroftman.com\/nl-nl\/wp-json\/wp\/v2\/pages\/190632\/revisions\/337802"}],"wp:featuredmedia":[{"embeddable":true,"href":"https:\/\/www.kroftman.com\/nl-nl\/wp-json\/wp\/v2\/media\/190696"}],"wp:attachment":[{"href":"https:\/\/www.kroftman.com\/nl-nl\/wp-json\/wp\/v2\/media?parent=190632"}],"curies":[{"name":"wp","href":"https:\/\/api.w.org\/{rel}","templated":true}]}}