{"id":326833,"date":"2025-04-30T08:27:48","date_gmt":"2025-04-30T08:27:48","guid":{"rendered":"https:\/\/www.kroftman.com\/?post_type=product&#038;p=326833"},"modified":"2025-10-23T08:02:44","modified_gmt":"2025-10-23T08:02:44","slug":"abri-sur-containers-15x12m-toit-en-arche-2","status":"publish","type":"product","link":"https:\/\/www.kroftman.com\/fr-lu\/shop\/abris-sur-containers\/abri-sur-containers-15x12m-toit-en-arche-2\/","title":{"rendered":"Abri sur containers 12x12m toit en arche"},"content":{"rendered":"","protected":false},"excerpt":{"rendered":"<ul>\n<li>Hauteur du fa\u00eete: 7,5 m (dimension ext\u00e9rieure)<\/li>\n<li><span data-olk-copy-source=\"MessageBody\">Comprises Buildbook conformes EN13782<\/span><\/li>\n<li>Montage \u00e9galement possible sur c\u00f4t\u00e9 ouvert ou highcube<\/li>\n<\/ul>\n","protected":false},"featured_media":338669,"template":"","meta":{"_acf_changed":false,"content-type":"","inline_featured_image":false},"product_brand":[],"product_cat":[182],"product_tag":[],"class_list":{"0":"post-326833","1":"product","2":"type-product","3":"status-publish","4":"has-post-thumbnail","6":"product_cat-abris-sur-containers","7":"product_shipping_class-tc1000-fr-lu","9":"first","10":"instock","11":"taxable","12":"shipping-taxable","13":"purchasable","14":"product-type-composite"},"composite_virtual":false,"composite_layout":"paged","composite_add_to_cart_form_location":"default","composite_editable_in_cart":true,"composite_sold_individually_context":"product","composite_shop_price_calc":"defaults","composite_components":[{"id":"1560950385","title":"B\u00e2che","description":"","query_type":"product_ids","query_ids":[326958,326967],"default_option_id":326958,"thumbnail_id":"","thumbnail_src":"","quantity_min":1,"quantity_max":1,"priced_individually":true,"shipped_individually":false,"optional":false,"discount":"","options_style":"radios","pagination_style":"classic","display_prices":"absolute","show_sorting_options":false,"show_filtering_options":false,"attribute_filter_ids":[],"select_action":"view","product_title_visible":false,"product_descr_visible":false,"product_price_visible":false,"product_thumb_visible":false,"subtotal_visible_product":true,"subtotal_visible_cart":true,"subtotal_visible_orders":true},{"id":"1602140922","title":"PVC fa\u00e7ade","description":"","query_type":"product_ids","query_ids":[326298,326308],"default_option_id":326298,"thumbnail_id":"","thumbnail_src":"","quantity_min":1,"quantity_max":1,"priced_individually":true,"shipped_individually":false,"optional":false,"discount":"","options_style":"radios","pagination_style":"classic","display_prices":"absolute","show_sorting_options":false,"show_filtering_options":false,"attribute_filter_ids":[],"select_action":"view","product_title_visible":false,"product_descr_visible":false,"product_price_visible":false,"product_thumb_visible":false,"subtotal_visible_product":true,"subtotal_visible_cart":true,"subtotal_visible_orders":true},{"id":"1561017473","title":"Fixation","description":"<p><span class='toggle_custom_title_toggle'>?<\/span><span class='toggle_custom_title'>Vous avez besoin d'aide pour choisir la bonne option de fixation ? N'h\u00e9sitez pas \u00e0 <a href=\"https:\/\/www.kroftman.com\/fr-lu\/service-clientele\/\">nous contacter<\/a> et nous vous aiderons.<\/span><\/p>\n","query_type":"product_ids","query_ids":[7008,326993,329102],"default_option_id":7008,"thumbnail_id":"","thumbnail_src":"","quantity_min":1,"quantity_max":1,"priced_individually":true,"shipped_individually":false,"optional":false,"discount":"","options_style":"radios","pagination_style":"classic","display_prices":"absolute","show_sorting_options":false,"show_filtering_options":false,"attribute_filter_ids":[],"select_action":"view","product_title_visible":false,"product_descr_visible":false,"product_price_visible":false,"product_thumb_visible":false,"subtotal_visible_product":true,"subtotal_visible_cart":true,"subtotal_visible_orders":true},{"id":"1718956177","title":"Ancrage des conteneurs","description":"<p><span class='toggle_custom_title_toggle'>?<\/span><span class='toggle_custom_title'>Vous avez besoin d'aide pour choisir la bonne option de fixation ? N'h\u00e9sitez pas \u00e0 <a href=\"https:\/\/www.kroftman.com\/fr-lu\/service-clientele\/\">nous contacter<\/a> et nous vous aiderons.<\/span><\/p>\n","query_type":"product_ids","query_ids":[327910,327003,327013],"default_option_id":327910,"thumbnail_id":"","thumbnail_src":"","quantity_min":1,"quantity_max":1,"priced_individually":true,"shipped_individually":false,"optional":false,"discount":"","options_style":"radios","pagination_style":"classic","display_prices":"absolute","show_sorting_options":false,"show_filtering_options":false,"attribute_filter_ids":[],"select_action":"view","product_title_visible":false,"product_descr_visible":false,"product_price_visible":false,"product_thumb_visible":false,"subtotal_visible_product":true,"subtotal_visible_cart":true,"subtotal_visible_orders":true}],"composite_scenarios":[{"id":"1602141030","name":"HDPE","description":"","configuration":[{"component_id":"1560950385","options_modifier":"any"}],"actions":[{"action_id":"compat_group","is_active":false},{"action_id":"conditional_components","is_active":true,"hidden_components":["1602140922"]},{"action_id":"conditional_options","is_active":false,"hidden_options":[]}],"enabled":false},{"id":"1602141031","name":"PVC","description":"","configuration":[{"component_id":"1560950385","options_modifier":"in","component_options":[]}],"actions":[{"action_id":"compat_group","is_active":false},{"action_id":"conditional_components","is_active":true,"hidden_components":[]},{"action_id":"conditional_options","is_active":false,"hidden_options":[]}],"enabled":false},{"id":"1717766713","name":"HDPE","description":"","configuration":[{"component_id":"1560950385","options_modifier":"any"}],"actions":[{"action_id":"compat_group","is_active":true},{"action_id":"conditional_components","is_active":false,"hidden_components":[]},{"action_id":"conditional_options","is_active":false,"hidden_options":[]}],"enabled":true},{"id":"1747146217","name":"gable","description":"","configuration":[{"component_id":"1602140922","options_modifier":"in","component_options":[326298]}],"actions":[{"action_id":"compat_group","is_active":false},{"action_id":"conditional_components","is_active":false,"hidden_components":[]},{"action_id":"conditional_options","is_active":true,"hidden_options":[{"component_id":"1561017473","component_options":[329102],"options_modifier":"in"}]}],"enabled":true},{"id":"1747146684","name":"gable 2","description":"","configuration":[{"component_id":"1602140922","options_modifier":"in","component_options":[326308]}],"actions":[{"action_id":"compat_group","is_active":false},{"action_id":"conditional_components","is_active":false,"hidden_components":[]},{"action_id":"conditional_options","is_active":true,"hidden_options":[{"component_id":"1561017473","component_options":[326993],"options_modifier":"in"}]}],"enabled":true},{"id":"1717766714","name":"PVC","description":"","configuration":[{"component_id":"1560950385","options_modifier":"in","component_options":[]}],"actions":[{"action_id":"compat_group","is_active":true},{"action_id":"conditional_components","is_active":false,"hidden_components":[]},{"action_id":"conditional_options","is_active":false,"hidden_options":[]}],"enabled":true}],"acf":[],"yoast_head":"<!-- This site is optimized with the Yoast SEO plugin v27.1.1 - https:\/\/yoast.com\/product\/yoast-seo-wordpress\/ -->\n<title>Abri sur containers 12x12m toit en arche | Kroftman<\/title>\n<meta name=\"robots\" content=\"index, follow, max-snippet:-1, max-image-preview:large, max-video-preview:-1\" \/>\n<link rel=\"canonical\" href=\"https:\/\/www.kroftman.com\/fr-lu\/shop\/abris-sur-containers\/abri-sur-containers-15x12m-toit-en-arche-2\/\" \/>\n<meta property=\"og:locale\" content=\"fr_FR\" \/>\n<meta property=\"og:type\" content=\"article\" \/>\n<meta property=\"og:title\" content=\"Abri sur containers 12x12m toit en arche | Kroftman\" \/>\n<meta property=\"og:description\" content=\"Hauteur du fa\u00eete: 7,5 m (dimension ext\u00e9rieure)  Comprises Buildbook conformes EN13782  Montage \u00e9galement possible sur c\u00f4t\u00e9 ouvert ou highcube\" \/>\n<meta property=\"og:url\" content=\"https:\/\/www.kroftman.com\/fr-lu\/shop\/abris-sur-containers\/abri-sur-containers-15x12m-toit-en-arche-2\/\" \/>\n<meta property=\"og:site_name\" content=\"Kroftman\" \/>\n<meta property=\"article:modified_time\" content=\"2025-10-23T08:02:44+00:00\" \/>\n<meta property=\"og:image\" content=\"https:\/\/www.kroftman.com\/wp-content\/uploads\/2025\/04\/ContainershelterCTA1212.png\" \/>\n\t<meta property=\"og:image:width\" content=\"1024\" \/>\n\t<meta property=\"og:image:height\" content=\"710\" \/>\n\t<meta property=\"og:image:type\" content=\"image\/png\" \/>\n<meta name=\"twitter:card\" content=\"summary_large_image\" \/>\n<meta name=\"twitter:label1\" content=\"Est. reading time\" \/>\n\t<meta name=\"twitter:data1\" content=\"1 minute\" \/>\n<script type=\"application\/ld+json\" class=\"yoast-schema-graph\">{\"@context\":\"https:\/\/schema.org\",\"@graph\":[{\"@type\":\"WebPage\",\"@id\":\"https:\/\/www.kroftman.com\/fr-lu\/shop\/abris-sur-containers\/abri-sur-containers-15x12m-toit-en-arche-2\/\",\"url\":\"https:\/\/www.kroftman.com\/fr-lu\/shop\/abris-sur-containers\/abri-sur-containers-15x12m-toit-en-arche-2\/\",\"name\":\"Abri sur containers 12x12m toit en arche | Kroftman\",\"isPartOf\":{\"@id\":\"https:\/\/www.kroftman.com\/en-eu\/#website\"},\"primaryImageOfPage\":{\"@id\":\"https:\/\/www.kroftman.com\/fr-lu\/shop\/abris-sur-containers\/abri-sur-containers-15x12m-toit-en-arche-2\/#primaryimage\"},\"image\":{\"@id\":\"https:\/\/www.kroftman.com\/fr-lu\/shop\/abris-sur-containers\/abri-sur-containers-15x12m-toit-en-arche-2\/#primaryimage\"},\"thumbnailUrl\":\"https:\/\/www.kroftman.com\/wp-content\/uploads\/2025\/04\/CTA1212-C-CategoryPage-EN-1.jpg\",\"datePublished\":\"2025-04-30T08:27:48+00:00\",\"dateModified\":\"2025-10-23T08:02:44+00:00\",\"breadcrumb\":{\"@id\":\"https:\/\/www.kroftman.com\/fr-lu\/shop\/abris-sur-containers\/abri-sur-containers-15x12m-toit-en-arche-2\/#breadcrumb\"},\"inLanguage\":\"fr-LU\",\"potentialAction\":[{\"@type\":\"ReadAction\",\"target\":[\"https:\/\/www.kroftman.com\/fr-lu\/shop\/abris-sur-containers\/abri-sur-containers-15x12m-toit-en-arche-2\/\"]}]},{\"@type\":\"ImageObject\",\"inLanguage\":\"fr-LU\",\"@id\":\"https:\/\/www.kroftman.com\/fr-lu\/shop\/abris-sur-containers\/abri-sur-containers-15x12m-toit-en-arche-2\/#primaryimage\",\"url\":\"https:\/\/www.kroftman.com\/wp-content\/uploads\/2025\/04\/CTA1212-C-CategoryPage-EN-1.jpg\",\"contentUrl\":\"https:\/\/www.kroftman.com\/wp-content\/uploads\/2025\/04\/CTA1212-C-CategoryPage-EN-1.jpg\",\"width\":510,\"height\":354},{\"@type\":\"BreadcrumbList\",\"@id\":\"https:\/\/www.kroftman.com\/fr-lu\/shop\/abris-sur-containers\/abri-sur-containers-15x12m-toit-en-arche-2\/#breadcrumb\",\"itemListElement\":[{\"@type\":\"ListItem\",\"position\":1,\"name\":\"Home\",\"item\":\"https:\/\/www.kroftman.com\/fr-lu\/\"},{\"@type\":\"ListItem\",\"position\":2,\"name\":\"Shop\",\"item\":\"https:\/\/www.kroftman.com\/en-eu\/shop\/\"},{\"@type\":\"ListItem\",\"position\":3,\"name\":\"Abri sur containers 12x12m toit en arche\"}]},{\"@type\":\"WebSite\",\"@id\":\"https:\/\/www.kroftman.com\/en-eu\/#website\",\"url\":\"https:\/\/www.kroftman.com\/en-eu\/\",\"name\":\"Kroftman\",\"description\":\"\",\"publisher\":{\"@id\":\"https:\/\/www.kroftman.com\/en-eu\/#organization\"},\"potentialAction\":[{\"@type\":\"SearchAction\",\"target\":{\"@type\":\"EntryPoint\",\"urlTemplate\":\"https:\/\/www.kroftman.com\/en-eu\/?s={search_term_string}\"},\"query-input\":{\"@type\":\"PropertyValueSpecification\",\"valueRequired\":true,\"valueName\":\"search_term_string\"}}],\"inLanguage\":\"fr-LU\"},{\"@type\":\"Organization\",\"@id\":\"https:\/\/www.kroftman.com\/en-eu\/#organization\",\"name\":\"Kroftman\",\"url\":\"https:\/\/www.kroftman.com\/en-eu\/\",\"logo\":{\"@type\":\"ImageObject\",\"inLanguage\":\"fr-LU\",\"@id\":\"https:\/\/www.kroftman.com\/en-eu\/#\/schema\/logo\/image\/\",\"url\":\"https:\/\/www.kroftman.com\/wp-content\/uploads\/2019\/05\/kroftman_new_logo_rgb.jpg\",\"contentUrl\":\"https:\/\/www.kroftman.com\/wp-content\/uploads\/2019\/05\/kroftman_new_logo_rgb.jpg\",\"width\":2000,\"height\":402,\"caption\":\"Kroftman\"},\"image\":{\"@id\":\"https:\/\/www.kroftman.com\/en-eu\/#\/schema\/logo\/image\/\"}}]}<\/script>\n<!-- \/ Yoast SEO plugin. -->","yoast_head_json":{"title":"Abri sur containers 12x12m toit en arche | Kroftman","robots":{"index":"index","follow":"follow","max-snippet":"max-snippet:-1","max-image-preview":"max-image-preview:large","max-video-preview":"max-video-preview:-1"},"canonical":"https:\/\/www.kroftman.com\/fr-lu\/shop\/abris-sur-containers\/abri-sur-containers-15x12m-toit-en-arche-2\/","og_locale":"fr_FR","og_type":"article","og_title":"Abri sur containers 12x12m toit en arche | Kroftman","og_description":"Hauteur du fa\u00eete: 7,5 m (dimension ext\u00e9rieure)  Comprises Buildbook conformes EN13782  Montage \u00e9galement possible sur c\u00f4t\u00e9 ouvert ou highcube","og_url":"https:\/\/www.kroftman.com\/fr-lu\/shop\/abris-sur-containers\/abri-sur-containers-15x12m-toit-en-arche-2\/","og_site_name":"Kroftman","article_modified_time":"2025-10-23T08:02:44+00:00","og_image":[{"width":1024,"height":710,"url":"https:\/\/www.kroftman.com\/wp-content\/uploads\/2025\/04\/ContainershelterCTA1212.png","type":"image\/png"}],"twitter_card":"summary_large_image","twitter_misc":{"Est. reading time":"1 minute"},"schema":{"@context":"https:\/\/schema.org","@graph":[{"@type":"WebPage","@id":"https:\/\/www.kroftman.com\/fr-lu\/shop\/abris-sur-containers\/abri-sur-containers-15x12m-toit-en-arche-2\/","url":"https:\/\/www.kroftman.com\/fr-lu\/shop\/abris-sur-containers\/abri-sur-containers-15x12m-toit-en-arche-2\/","name":"Abri sur containers 12x12m toit en arche | Kroftman","isPartOf":{"@id":"https:\/\/www.kroftman.com\/en-eu\/#website"},"primaryImageOfPage":{"@id":"https:\/\/www.kroftman.com\/fr-lu\/shop\/abris-sur-containers\/abri-sur-containers-15x12m-toit-en-arche-2\/#primaryimage"},"image":{"@id":"https:\/\/www.kroftman.com\/fr-lu\/shop\/abris-sur-containers\/abri-sur-containers-15x12m-toit-en-arche-2\/#primaryimage"},"thumbnailUrl":"https:\/\/www.kroftman.com\/wp-content\/uploads\/2025\/04\/CTA1212-C-CategoryPage-EN-1.jpg","datePublished":"2025-04-30T08:27:48+00:00","dateModified":"2025-10-23T08:02:44+00:00","breadcrumb":{"@id":"https:\/\/www.kroftman.com\/fr-lu\/shop\/abris-sur-containers\/abri-sur-containers-15x12m-toit-en-arche-2\/#breadcrumb"},"inLanguage":"fr-LU","potentialAction":[{"@type":"ReadAction","target":["https:\/\/www.kroftman.com\/fr-lu\/shop\/abris-sur-containers\/abri-sur-containers-15x12m-toit-en-arche-2\/"]}]},{"@type":"ImageObject","inLanguage":"fr-LU","@id":"https:\/\/www.kroftman.com\/fr-lu\/shop\/abris-sur-containers\/abri-sur-containers-15x12m-toit-en-arche-2\/#primaryimage","url":"https:\/\/www.kroftman.com\/wp-content\/uploads\/2025\/04\/CTA1212-C-CategoryPage-EN-1.jpg","contentUrl":"https:\/\/www.kroftman.com\/wp-content\/uploads\/2025\/04\/CTA1212-C-CategoryPage-EN-1.jpg","width":510,"height":354},{"@type":"BreadcrumbList","@id":"https:\/\/www.kroftman.com\/fr-lu\/shop\/abris-sur-containers\/abri-sur-containers-15x12m-toit-en-arche-2\/#breadcrumb","itemListElement":[{"@type":"ListItem","position":1,"name":"Home","item":"https:\/\/www.kroftman.com\/fr-lu\/"},{"@type":"ListItem","position":2,"name":"Shop","item":"https:\/\/www.kroftman.com\/en-eu\/shop\/"},{"@type":"ListItem","position":3,"name":"Abri sur containers 12x12m toit en arche"}]},{"@type":"WebSite","@id":"https:\/\/www.kroftman.com\/en-eu\/#website","url":"https:\/\/www.kroftman.com\/en-eu\/","name":"Kroftman","description":"","publisher":{"@id":"https:\/\/www.kroftman.com\/en-eu\/#organization"},"potentialAction":[{"@type":"SearchAction","target":{"@type":"EntryPoint","urlTemplate":"https:\/\/www.kroftman.com\/en-eu\/?s={search_term_string}"},"query-input":{"@type":"PropertyValueSpecification","valueRequired":true,"valueName":"search_term_string"}}],"inLanguage":"fr-LU"},{"@type":"Organization","@id":"https:\/\/www.kroftman.com\/en-eu\/#organization","name":"Kroftman","url":"https:\/\/www.kroftman.com\/en-eu\/","logo":{"@type":"ImageObject","inLanguage":"fr-LU","@id":"https:\/\/www.kroftman.com\/en-eu\/#\/schema\/logo\/image\/","url":"https:\/\/www.kroftman.com\/wp-content\/uploads\/2019\/05\/kroftman_new_logo_rgb.jpg","contentUrl":"https:\/\/www.kroftman.com\/wp-content\/uploads\/2019\/05\/kroftman_new_logo_rgb.jpg","width":2000,"height":402,"caption":"Kroftman"},"image":{"@id":"https:\/\/www.kroftman.com\/en-eu\/#\/schema\/logo\/image\/"}}]}},"_links":{"self":[{"href":"https:\/\/www.kroftman.com\/fr-lu\/wp-json\/wp\/v2\/product\/326833","targetHints":{"allow":["GET"]}}],"collection":[{"href":"https:\/\/www.kroftman.com\/fr-lu\/wp-json\/wp\/v2\/product"}],"about":[{"href":"https:\/\/www.kroftman.com\/fr-lu\/wp-json\/wp\/v2\/types\/product"}],"wp:featuredmedia":[{"embeddable":true,"href":"https:\/\/www.kroftman.com\/fr-lu\/wp-json\/wp\/v2\/media\/338669"}],"wp:attachment":[{"href":"https:\/\/www.kroftman.com\/fr-lu\/wp-json\/wp\/v2\/media?parent=326833"}],"wp:term":[{"taxonomy":"product_brand","embeddable":true,"href":"https:\/\/www.kroftman.com\/fr-lu\/wp-json\/wp\/v2\/product_brand?post=326833"},{"taxonomy":"product_cat","embeddable":true,"href":"https:\/\/www.kroftman.com\/fr-lu\/wp-json\/wp\/v2\/product_cat?post=326833"},{"taxonomy":"product_tag","embeddable":true,"href":"https:\/\/www.kroftman.com\/fr-lu\/wp-json\/wp\/v2\/product_tag?post=326833"}],"curies":[{"name":"wp","href":"https:\/\/api.w.org\/{rel}","templated":true}]}}