{"id":304218,"date":"2024-10-24T12:19:28","date_gmt":"2024-10-24T12:19:28","guid":{"rendered":"https:\/\/www.kroftman.com\/quality-and-confirmity\/"},"modified":"2024-11-28T14:30:21","modified_gmt":"2024-11-28T14:30:21","slug":"qualite-et-conformite","status":"publish","type":"page","link":"https:\/\/www.kroftman.com\/fr-lu\/qualite-et-conformite\/","title":{"rendered":"Qualit\u00e9 et conformit\u00e9"},"content":{"rendered":"<div class=\"wpb-content-wrapper\"><p>[vc_row full_width=&#8221;stretch_row&#8221; css=&#8221;.vc_custom_1731423045082{background-image: url(https:\/\/www.kroftman.com\/wp-content\/uploads\/2024\/11\/Header-ENG-2.jpg?id=306537) !important;background-position: center !important;background-repeat: no-repeat !important;background-size: cover !important;}&#8221; el_class=&#8221;category-header desktop_only content_on_top bg_bottom&#8221; conditional_render=&#8221;%5B%7B%22value_role%22%3A%22administrator%22%7D%5D&#8221; css_params=&#8221;&#8221;][vc_column width=&#8221;1\/2&#8243;][vc_column_text css=&#8221;&#8221; text_color=&#8221;var(&#8211;porto-light-color)&#8221;]<\/p>\n<h1><span data-sheets-root=\"1\">QUALIT\u00c9 ET<br \/>\nCONFORMIT\u00c9<\/span><\/h1>\n<p><span data-sheets-root=\"1\">Tout ce que nous cr\u00e9ons est con\u00e7u avec pr\u00e9cision et fabriqu\u00e9 pour durer. Vous pouvez t\u00e9l\u00e9charger gratuitement tous les dessins et calculs de construction.<\/span>[\/vc_column_text][\/vc_column][vc_column width=&#8221;1\/2&#8243; css=&#8221;.vc_custom_1571228320980{margin-bottom: 0px !important;border-bottom-width: 0px !important;padding-bottom: 0px !important;}&#8221;][\/vc_column][\/vc_row][vc_row full_width=&#8221;stretch_row_content_no_spaces&#8221; css=&#8221;.vc_custom_1730112440353{background-position: center !important;background-repeat: no-repeat !important;background-size: cover !important;}&#8221; el_class=&#8221;category-header mobile_only content_on_top&#8221; conditional_render=&#8221;%5B%7B%22value_role%22%3A%22administrator%22%7D%5D&#8221;][vc_column][vc_single_image image=&#8221;305254&#8243; img_size=&#8221;full&#8221; css=&#8221;&#8221;][vc_column_text css=&#8221;&#8221;]<\/p>\n<h1><span data-sheets-root=\"1\">QUALIT\u00c9 ET<br \/>\nCONFORMIT\u00c9<\/span><\/h1>\n<p><span data-sheets-root=\"1\">Tout ce que nous cr\u00e9ons est con\u00e7u avec pr\u00e9cision et fabriqu\u00e9 pour durer. Vous pouvez t\u00e9l\u00e9charger gratuitement tous les dessins et calculs de construction.<\/span>[\/vc_column_text][\/vc_column][\/vc_row][vc_row full_width=&#8221;stretch_row&#8221; equal_height=&#8221;yes&#8221; content_placement=&#8221;middle&#8221; conditional_render=&#8221;%5B%7B%22value_role%22%3A%22administrator%22%7D%5D&#8221; css=&#8221;.vc_custom_1729772855478{padding-top: 55px !important;padding-bottom: 55px !important;}&#8221;][vc_column width=&#8221;4\/12&#8243;][vc_column_text css=&#8221;.vc_custom_1730400009437{margin-bottom: 20px !important;padding-top: 10px !important;padding-bottom: 10px !important;}&#8221;]<\/p>\n<h5><span data-sheets-root=\"1\">LA PERFORMANCE,<br \/>\nC\u2019EST CE QUI COMPTE<br \/>\nLE PLUS POUR NOUS<\/span><\/h5>\n<p>[\/vc_column_text]<div class=\"porto-btn-ctn-left kmbutton standard scroll_link\"><a class=\"porto-btn porto-adjust-bottom-margin porto-btn-normal porto-btn-no-hover-bg   wpb_custom_fa51088c2567b780100c1edcf8821d3b  porto-btn-left \"  rel='' href = \"#form\"  data-hover=\"#62d403\" data-border-color=\"\" data-bg=\"#62d403\" data-hover-bg=\"\" data-border-hover=\"\" data-shadow-click=\"none\" data-shadow=\"\" style=\"border:none;background: #62d403;color: #00002e;\"><span class=\"porto-btn-hover\"><\/span><span class=\"porto-btn-data porto-btn-text \" >T\u00e9l\u00e9charger build book<\/span><\/a><\/div>[\/vc_column][vc_column width=&#8221;1\/12&#8243; el_class=&#8221;desktop_only&#8221; conditional_render=&#8221;%5B%7B%22value_role%22%3A%22administrator%22%7D%5D&#8221;][\/vc_column][vc_column width=&#8221;7\/12&#8243;][vc_column_text css=&#8221;&#8221;]<span data-sheets-root=\"1\">La performance est notre priorit\u00e9 dans tout ce que nous construisons. Chaque produit est con\u00e7u pour r\u00e9pondre aux normes les plus strictes de l&#8217;industrie, assurant ainsi la fiabilit\u00e9 dans diff\u00e9rentes conditions. Nos structures sont con\u00e7ues pour \u00eatre conformes \u00e0 la r\u00e9glementation EN13782, garantissant s\u00e9curit\u00e9 et stabilit\u00e9. De plus, vous pouvez t\u00e9l\u00e9charger gratuitement tous les dessins et calculs de construction, assurant ainsi une transparence et une confiance totales dans la qualit\u00e9 et la durabilit\u00e9 de nos solutions. <\/span>We&#8217;ve got you covered![\/vc_column_text][\/vc_column][\/vc_row][vc_row full_width=&#8221;stretch_row_content&#8221; equal_height=&#8221;yes&#8221; content_placement=&#8221;middle&#8221; el_class=&#8221;image-grid&#8221; conditional_render=&#8221;%5B%7B%22value_role%22%3A%22administrator%22%7D%5D&#8221; css=&#8221;.vc_custom_1730112858484{margin-right: -20px !important;margin-left: -20px !important;}&#8221; css_params=&#8221;{&#8220;css_margin_right_md&#8220;:&#8220;0px&#8220;,&#8220;css_margin_left_md&#8220;:&#8220;0px&#8220;}&#8221; custom_css_response=&#8221;@media(max-width:767px){.vc_custom_1730112858484{margin-right:0px!important;margin-left:0px!important;}}&#8221;][vc_column width=&#8221;1\/3&#8243; conditional_render=&#8221;%5B%7B%22value_role%22%3A%22administrator%22%7D%5D&#8221; css=&#8221;.vc_custom_1730112764571{margin-left: 40px !important;}&#8221; css_params=&#8221;{&#8220;css_margin_top_md&#8220;:&#8220;0px&#8220;,&#8220;css_margin_right_md&#8220;:&#8220;0px&#8220;,&#8220;css_margin_bottom_md&#8220;:&#8220;20px&#8220;,&#8220;css_margin_left_md&#8220;:&#8220;0px&#8220;}&#8221; custom_css_response=&#8221;@media(max-width:767px){.vc_custom_1730112764571{margin-top:0px!important;margin-right:0px!important;margin-bottom:20px!important;margin-left:0px!important;}}&#8221;][vc_single_image image=&#8221;304825&#8243; img_size=&#8221;full&#8221; css=&#8221;&#8221;][vc_column_text css=&#8221;&#8221; text_color=&#8221;var(&#8211;porto-light-color)&#8221;]<\/p>\n<h5><span data-sheets-root=\"1\">STRUCTURES EN ACIER DONT LA DURABILIT\u00c9<br \/>\nA \u00c9T\u00c9 PROUV\u00c9E<\/span><\/h5>\n<p><span data-sheets-root=\"1\">Con\u00e7ues pour r\u00e9sister \u00e0 l&#8217;\u00e9preuve du temps.<br \/>\nCon\u00e7ues pour \u00eatre fortes et r\u00e9silientes.<br \/>\nDurabilit\u00e9 dans des environnements exigeants.<\/span>[\/vc_column_text][\/vc_column][vc_column width=&#8221;1\/3&#8243; conditional_render=&#8221;%5B%7B%22value_role%22%3A%22administrator%22%7D%5D&#8221; css=&#8221;.vc_custom_1730112775706{margin-right: -20px !important;margin-left: -20px !important;}&#8221; css_params=&#8221;{&#8220;css_margin_top_md&#8220;:&#8220;0px&#8220;,&#8220;css_margin_right_md&#8220;:&#8220;0px&#8220;,&#8220;css_margin_bottom_md&#8220;:&#8220;20px&#8220;,&#8220;css_margin_left_md&#8220;:&#8220;0px&#8220;}&#8221; custom_css_response=&#8221;@media(max-width:767px){.vc_custom_1730112775706{margin-top:0px!important;margin-right:0px!important;margin-bottom:20px!important;margin-left:0px!important;}}&#8221;][vc_single_image image=&#8221;308917&#8243; img_size=&#8221;625 x 689&#8243; css=&#8221;&#8221; label=&#8221;&#8221; css_params=&#8221;&#8221;][vc_column_text css=&#8221;&#8221;]<\/p>\n<h5><span data-sheets-root=\"1\">ING\u00c9NIERIE INTERNE CONFORME \u00c0<br \/>\nL&#8217;ING\u00c9NIERIE DU CODE EURO<\/span><\/h5>\n<p><span data-sheets-root=\"1\">Cela permet \u00e0 chaque structure de respecter<br \/>\ndes r\u00e9glementations europ\u00e9ennes strictes,<br \/>\ngarantissant s\u00e9curit\u00e9, fiabilit\u00e9 et performance.<\/span>[\/vc_column_text][\/vc_column][vc_column width=&#8221;1\/3&#8243; css=&#8221;.vc_custom_1730112787342{porto_vc_design_option}&#8221; conditional_render=&#8221;%5B%7B%22value_role%22%3A%22administrator%22%7D%5D&#8221; css_params=&#8221;{&#8220;css_margin_top_md&#8220;:&#8220;0px&#8220;,&#8220;css_margin_right_md&#8220;:&#8220;0px&#8220;,&#8220;css_margin_bottom_md&#8220;:&#8220;0px&#8220;,&#8220;css_margin_left_md&#8220;:&#8220;0px&#8220;}&#8221; custom_css_response=&#8221;@media(max-width:767px){.vc_custom_1730112787342{margin-top:0px!important;margin-right:0px!important;margin-bottom:0px!important;margin-left:0px!important;}}&#8221;][vc_single_image image=&#8221;304891&#8243; img_size=&#8221;full&#8221; css=&#8221;&#8221;][vc_column_text css=&#8221;&#8221;]<\/p>\n<h5><span data-sheets-root=\"1\">GARANTIE<br \/>\n10 ANS<\/span><\/h5>\n<p><span data-sheets-root=\"1\">Chaque structure est con\u00e7ue et test\u00e9e de sorte \u00e0<br \/>\nrespecter des normes de durabilit\u00e9 rigoureuses,<br \/>\ngarantissant sa performance \u00e0 long terme dans<br \/>\ndes conditions difficiles.<\/span>[\/vc_column_text][\/vc_column][\/vc_row][vc_row full_width=&#8221;stretch_row&#8221; equal_height=&#8221;yes&#8221; content_placement=&#8221;middle&#8221; conditional_render=&#8221;%5B%7B%22value_role%22%3A%22administrator%22%7D%5D&#8221; css=&#8221;.vc_custom_1730112948261{padding-top: 60px !important;}&#8221; css_params=&#8221;{&#8220;css_padding_top_md&#8220;:&#8220;0px&#8220;}&#8221; custom_css_response=&#8221;@media(max-width:767px){.vc_custom_1730112948261{padding-top:0px!important;}}&#8221;][vc_column width=&#8221;1\/2&#8243; conditional_render=&#8221;%5B%7B%22value_role%22%3A%22administrator%22%7D%5D&#8221; css=&#8221;.vc_custom_1729773472921{padding-right: 50px !important;}&#8221;][vc_column_text css=&#8221;&#8221;]<\/p>\n<h5><span data-sheets-root=\"1\">CONVIENT \u00c0 TOUS LES<br \/>\nTYPES DE TEMPS<\/span><\/h5>\n<p><span data-sheets-root=\"1\">Vous n&#8217;avez pas \u00e0 vous soucier de l&#8217;effondrement de votre abri \u00e0 conteneurs en cas d\u2019importantes chutes de neige ou de temp\u00eates. Tous nos produits sont conformes \u00e0 la l\u00e9gislation et \u00e0 la r\u00e9glementation europ\u00e9ennes en la mati\u00e8re. Sur notre site, vous trouverez l&#8217;onglet \u00ab Sp\u00e9cifications \u00bb sous chaque type d&#8217;abri \u00e0 conteneurs. Ces sp\u00e9cifications indiquent la charge maximale de vent et de neige pour laquelle un abri \u00e0 conteneurs est con\u00e7u. Elles sont consign\u00e9es dans les calculs officiels de r\u00e9sistance. Nous vous conseillons de ne placer l&#8217;abri \u00e0 conteneurs que dans les zones de vent et de neige qui ne d\u00e9passent pas ces normes.<\/span><\/p>\n<p><a class=\"button kmbutton button-\" href=\"https:\/\/www.kroftman.com\/fr-lu\/abris-sur-containers\/\">D\u00e9couvrez nos abris de conteneurs<\/a>[\/vc_column_text][\/vc_column][vc_column width=&#8221;1\/2&#8243;][vc_single_image image=&#8221;298998&#8243; img_size=&#8221;full&#8221; css=&#8221;&#8221;][\/vc_column][\/vc_row][vc_row css=&#8221;.vc_custom_1730121454027{margin-top: 90px !important;margin-bottom: 90px !important;}&#8221; conditional_render=&#8221;%5B%7B%22value_role%22%3A%22administrator%22%7D%5D&#8221; el_id=&#8221;form&#8221;][vc_column]<div class=\"porto-block\" data-id=\"295239\"><style>.vc_custom_1721308278276{background-color: #00002e !important;}.vc_custom_1732187997917{margin-top: 35px !important;margin-left: 35px !important;}.vc_custom_1723714152849{margin-top: 35px !important;}.vc_custom_1723713883650{margin-bottom: 0px !important;}<\/style>[vc_row equal_height=\"yes\" content_placement=\"middle\" el_class=\"download_brochure_block\" css=\".vc_custom_1721308278276{background-color: #00002e !important;}\" conditional_render=\"%5B%7B%22value_role%22%3A%22administrator%22%7D%5D\"][vc_column width=\"3\/5\" offset=\"vc_col-xs-12\"][vc_column_text css=\".vc_custom_1732187997917{margin-top: 35px !important;margin-left: 35px !important;}\" css_params=\"\"]<\/p>\r\n<h3><span style=\"color: #ffffff;\">T\u00c9L\u00c9CHARGER<br \/>\r\nBUILD BOOK<\/span><span style=\"color: #ffffff; font-size: 16px;\">\u00a0\u00a0<\/span><\/h3>\r\n<p><span class='block_product_details'>Qualit\u00e9 et conformit\u00e9<br><\/span><img loading=\"lazy\" decoding=\"async\" class=\"alignnone size-full wp-image-307947\" src=\"https:\/\/www.kroftman.com\/wp-content\/uploads\/2024\/10\/bouwboek-mockup-en_nl_sized.png\" alt=\"\" width=\"400\" height=\"300\" srcset=\"https:\/\/www.kroftman.com\/wp-content\/uploads\/2024\/10\/bouwboek-mockup-en_nl_sized.png 400w, https:\/\/www.kroftman.com\/wp-content\/uploads\/2024\/10\/bouwboek-mockup-en_nl_sized-367x275.png 367w, https:\/\/www.kroftman.com\/wp-content\/uploads\/2024\/10\/bouwboek-mockup-en_nl_sized-320x240.png 320w\" sizes=\"auto, (max-width: 400px) 100vw, 400px\" \/>[\/vc_column_text][\/vc_column][vc_column width=\"2\/5\" offset=\"vc_col-xs-12\"][vc_column_text css=\".vc_custom_1723714152849{margin-top: 35px !important;}\" el_class=\"porto-block-form\"]\n<div class=\"wpcf7 no-js\" id=\"wpcf7-f295218-o1\" lang=\"en-EU\" dir=\"ltr\" data-wpcf7-id=\"295218\">\n<div class=\"screen-reader-response\"><p role=\"status\" aria-live=\"polite\" aria-atomic=\"true\"><\/p> <ul><\/ul><\/div>\n<form action=\"\/fr-lu\/wp-json\/wp\/v2\/pages\/304218#wpcf7-f295218-o1\" method=\"post\" class=\"wpcf7-form init\" aria-label=\"Contact form\" novalidate=\"novalidate\" data-status=\"init\">\n<fieldset class=\"hidden-fields-container\"><input type=\"hidden\" name=\"_wpcf7\" value=\"295218\" \/><input type=\"hidden\" name=\"_wpcf7_version\" value=\"6.1.5\" \/><input type=\"hidden\" name=\"_wpcf7_locale\" value=\"en_EU\" \/><input type=\"hidden\" name=\"_wpcf7_unit_tag\" value=\"wpcf7-f295218-o1\" \/><input type=\"hidden\" name=\"_wpcf7_container_post\" value=\"0\" \/><input type=\"hidden\" name=\"_wpcf7_posted_data_hash\" value=\"\" \/><input type=\"hidden\" name=\"_wpcf7_recaptcha_response\" value=\"\" \/>\n<\/fieldset>\nVous pouvez recevoir le livre de construction avec tous les calculs techniques obligatoires sous forme digitale ou par courrier. Vous recevrez alors un e-mail vous demandant de fournir vos coordonn\u00e9es pour l'envoi du livre. \n<span class=\"wpcf7-form-control-wrap\" data-name=\"items\"><span class=\"wpcf7-form-control wpcf7-checkbox\"><span class=\"wpcf7-list-item first\"><label><input type=\"checkbox\" name=\"items[]\" value=\"Par voie digital\" checked=\"checked\" \/><span class=\"wpcf7-list-item-label\">Par voie digital<\/span><\/label><\/span><span class=\"wpcf7-list-item last\"><label><input type=\"checkbox\" name=\"items[]\" value=\"Par courrier\" \/><span class=\"wpcf7-list-item-label\">Par courrier<\/span><\/label><\/span><\/span><\/span>\n<span class=\"wpcf7-form-control-wrap\" data-name=\"your-email\"><input size=\"40\" maxlength=\"400\" class=\"wpcf7-form-control wpcf7-email wpcf7-validates-as-required wpcf7-text wpcf7-validates-as-email\" autocomplete=\"email\" aria-required=\"true\" aria-invalid=\"false\" placeholder=\"Votre adresse e-mail\" value=\"\" type=\"email\" name=\"your-email\" \/><\/span><input class=\"wpcf7-form-control wpcf7-submit has-spinner\" type=\"submit\" value=\"Send\" \/><div class=\"wpcf7-response-output\" aria-hidden=\"true\"><\/div>\n<\/form>\n<\/div>\n[\/vc_column_text][\/vc_column][\/vc_row][vc_row el_class=\"sp-logos\" conditional_render=\"%5B%7B%22value_role%22%3A%22administrator%22%7D%5D\"][vc_column][vc_single_image image=\"295226\" img_size=\"full\" css=\".vc_custom_1723713883650{margin-bottom: 0px !important;}\"][\/vc_column][\/vc_row]<\/div>[\/vc_column][\/vc_row][vc_row][vc_column][vc_column_text css=&#8221;&#8221;]<\/p>\n<h5>BLOGS ASSOCI\u00c9S<\/h5>\n<p>[\/vc_column_text][porto_tb_posts post_type=&#8221;post&#8221; orderby=&#8221;date&#8221; order=&#8221;DESC&#8221; columns=&#8221;3&#8243; image_size=&#8221;blog-medium&#8221; builder_id=&#8221;299920&#8243; count=&#8221;3&#8243; el_class=&#8221;blog&#8221; post_ids=&#8221;299857, 279447, 307819&#8243;][\/vc_column][\/vc_row]<\/p>\n<\/div>","protected":false},"excerpt":{"rendered":"<p>[vc_row full_width=&#8221;stretch_row&#8221; css=&#8221;.vc_custom_1731423045082{background-image: url(https:\/\/www.kroftman.com\/wp-content\/uploads\/2024\/11\/Header-ENG-2.jpg?id=306537) !important;background-position: center !important;background-repeat: no-repeat !important;background-size: cover !important;}&#8221; el_class=&#8221;category-header desktop_only content_on_top bg_bottom&#8221; conditional_render=&#8221;%5B%7B%22value_role%22%3A%22administrator%22%7D%5D&#8221; css_params=&#8221;&#8221;][vc_column width=&#8221;1\/2&#8243;][vc_column_text css=&#8221;&#8221; text_color=&#8221;var(&#8211;porto-light-color)&#8221;] QUALIT\u00c9 ET CONFORMIT\u00c9 Tout ce que nous cr\u00e9ons est con\u00e7u avec pr\u00e9cision et fabriqu\u00e9 pour durer. Vous pouvez t\u00e9l\u00e9charger gratuitement tous les dessins et calculs de construction.[\/vc_column_text][\/vc_column][vc_column width=&#8221;1\/2&#8243; css=&#8221;.vc_custom_1571228320980{margin-bottom: 0px !important;border-bottom-width: 0px !important;padding-bottom: 0px !important;}&#8221;][\/vc_column][\/vc_row][vc_row [&hellip;]<\/p>\n","protected":false},"author":57844,"featured_media":0,"parent":0,"menu_order":0,"comment_status":"closed","ping_status":"closed","template":"","meta":{"_acf_changed":false,"content-type":"","inline_featured_image":false,"footnotes":""},"class_list":["post-304218","page","type-page","status-publish","hentry"],"acf":[],"yoast_head":"<!-- This site is optimized with the Yoast SEO plugin v27.1.1 - https:\/\/yoast.com\/product\/yoast-seo-wordpress\/ -->\n<title>Qualit\u00e9 et conformit\u00e9 | Kroftman<\/title>\n<meta name=\"robots\" content=\"index, follow, max-snippet:-1, max-image-preview:large, max-video-preview:-1\" \/>\n<link rel=\"canonical\" href=\"https:\/\/www.kroftman.com\/fr-lu\/qualite-et-conformite\/\" \/>\n<meta property=\"og:locale\" content=\"fr_FR\" \/>\n<meta property=\"og:type\" content=\"article\" \/>\n<meta property=\"og:title\" content=\"Qualit\u00e9 et conformit\u00e9 | Kroftman\" \/>\n<meta property=\"og:description\" content=\"[vc_row full_width=&#8221;stretch_row&#8221; css=&#8221;.vc_custom_1731423045082{background-image: url(https:\/\/www.kroftman.com\/wp-content\/uploads\/2024\/11\/Header-ENG-2.jpg?id=306537) !important;background-position: center !important;background-repeat: no-repeat !important;background-size: cover !important;}&#8221; el_class=&#8221;category-header desktop_only content_on_top bg_bottom&#8221; conditional_render=&#8221;%5B%7B%22value_role%22%3A%22administrator%22%7D%5D&#8221; css_params=&#8221;&#8221;][vc_column width=&#8221;1\/2&#8243;][vc_column_text css=&#8221;&#8221; text_color=&#8221;var(&#8211;porto-light-color)&#8221;] QUALIT\u00c9 ET CONFORMIT\u00c9 Tout ce que nous cr\u00e9ons est con\u00e7u avec pr\u00e9cision et fabriqu\u00e9 pour durer. Vous pouvez t\u00e9l\u00e9charger gratuitement tous les dessins et calculs de construction.[\/vc_column_text][\/vc_column][vc_column width=&#8221;1\/2&#8243; css=&#8221;.vc_custom_1571228320980{margin-bottom: 0px !important;border-bottom-width: 0px !important;padding-bottom: 0px !important;}&#8221;][\/vc_column][\/vc_row][vc_row [&hellip;]\" \/>\n<meta property=\"og:url\" content=\"https:\/\/www.kroftman.com\/fr-lu\/qualite-et-conformite\/\" \/>\n<meta property=\"og:site_name\" content=\"Kroftman\" \/>\n<meta property=\"article:modified_time\" content=\"2024-11-28T14:30:21+00:00\" \/>\n<meta name=\"twitter:card\" content=\"summary_large_image\" \/>\n<meta name=\"twitter:label1\" content=\"Est. reading time\" \/>\n\t<meta name=\"twitter:data1\" content=\"3 minutes\" \/>\n<script type=\"application\/ld+json\" class=\"yoast-schema-graph\">{\"@context\":\"https:\/\/schema.org\",\"@graph\":[{\"@type\":\"WebPage\",\"@id\":\"https:\/\/www.kroftman.com\/fr-lu\/qualite-et-conformite\/\",\"url\":\"https:\/\/www.kroftman.com\/fr-lu\/qualite-et-conformite\/\",\"name\":\"Qualit\u00e9 et conformit\u00e9 | Kroftman\",\"isPartOf\":{\"@id\":\"https:\/\/www.kroftman.com\/en-eu\/#website\"},\"datePublished\":\"2024-10-24T12:19:28+00:00\",\"dateModified\":\"2024-11-28T14:30:21+00:00\",\"breadcrumb\":{\"@id\":\"https:\/\/www.kroftman.com\/fr-lu\/qualite-et-conformite\/#breadcrumb\"},\"inLanguage\":\"fr-LU\",\"potentialAction\":[{\"@type\":\"ReadAction\",\"target\":[\"https:\/\/www.kroftman.com\/fr-lu\/qualite-et-conformite\/\"]}]},{\"@type\":\"BreadcrumbList\",\"@id\":\"https:\/\/www.kroftman.com\/fr-lu\/qualite-et-conformite\/#breadcrumb\",\"itemListElement\":[{\"@type\":\"ListItem\",\"position\":1,\"name\":\"Home\",\"item\":\"https:\/\/www.kroftman.com\/fr-lu\/\"},{\"@type\":\"ListItem\",\"position\":2,\"name\":\"Qualit\u00e9 et conformit\u00e9\"}]},{\"@type\":\"WebSite\",\"@id\":\"https:\/\/www.kroftman.com\/en-eu\/#website\",\"url\":\"https:\/\/www.kroftman.com\/en-eu\/\",\"name\":\"Kroftman\",\"description\":\"\",\"publisher\":{\"@id\":\"https:\/\/www.kroftman.com\/en-eu\/#organization\"},\"potentialAction\":[{\"@type\":\"SearchAction\",\"target\":{\"@type\":\"EntryPoint\",\"urlTemplate\":\"https:\/\/www.kroftman.com\/en-eu\/?s={search_term_string}\"},\"query-input\":{\"@type\":\"PropertyValueSpecification\",\"valueRequired\":true,\"valueName\":\"search_term_string\"}}],\"inLanguage\":\"fr-LU\"},{\"@type\":\"Organization\",\"@id\":\"https:\/\/www.kroftman.com\/en-eu\/#organization\",\"name\":\"Kroftman\",\"url\":\"https:\/\/www.kroftman.com\/en-eu\/\",\"logo\":{\"@type\":\"ImageObject\",\"inLanguage\":\"fr-LU\",\"@id\":\"https:\/\/www.kroftman.com\/en-eu\/#\/schema\/logo\/image\/\",\"url\":\"https:\/\/www.kroftman.com\/wp-content\/uploads\/2019\/05\/kroftman_new_logo_rgb.jpg\",\"contentUrl\":\"https:\/\/www.kroftman.com\/wp-content\/uploads\/2019\/05\/kroftman_new_logo_rgb.jpg\",\"width\":2000,\"height\":402,\"caption\":\"Kroftman\"},\"image\":{\"@id\":\"https:\/\/www.kroftman.com\/en-eu\/#\/schema\/logo\/image\/\"}}]}<\/script>\n<!-- \/ Yoast SEO plugin. -->","yoast_head_json":{"title":"Qualit\u00e9 et conformit\u00e9 | Kroftman","robots":{"index":"index","follow":"follow","max-snippet":"max-snippet:-1","max-image-preview":"max-image-preview:large","max-video-preview":"max-video-preview:-1"},"canonical":"https:\/\/www.kroftman.com\/fr-lu\/qualite-et-conformite\/","og_locale":"fr_FR","og_type":"article","og_title":"Qualit\u00e9 et conformit\u00e9 | Kroftman","og_description":"[vc_row full_width=&#8221;stretch_row&#8221; css=&#8221;.vc_custom_1731423045082{background-image: url(https:\/\/www.kroftman.com\/wp-content\/uploads\/2024\/11\/Header-ENG-2.jpg?id=306537) !important;background-position: center !important;background-repeat: no-repeat !important;background-size: cover !important;}&#8221; el_class=&#8221;category-header desktop_only content_on_top bg_bottom&#8221; conditional_render=&#8221;%5B%7B%22value_role%22%3A%22administrator%22%7D%5D&#8221; css_params=&#8221;&#8221;][vc_column width=&#8221;1\/2&#8243;][vc_column_text css=&#8221;&#8221; text_color=&#8221;var(&#8211;porto-light-color)&#8221;] QUALIT\u00c9 ET CONFORMIT\u00c9 Tout ce que nous cr\u00e9ons est con\u00e7u avec pr\u00e9cision et fabriqu\u00e9 pour durer. Vous pouvez t\u00e9l\u00e9charger gratuitement tous les dessins et calculs de construction.[\/vc_column_text][\/vc_column][vc_column width=&#8221;1\/2&#8243; css=&#8221;.vc_custom_1571228320980{margin-bottom: 0px !important;border-bottom-width: 0px !important;padding-bottom: 0px !important;}&#8221;][\/vc_column][\/vc_row][vc_row [&hellip;]","og_url":"https:\/\/www.kroftman.com\/fr-lu\/qualite-et-conformite\/","og_site_name":"Kroftman","article_modified_time":"2024-11-28T14:30:21+00:00","twitter_card":"summary_large_image","twitter_misc":{"Est. reading time":"3 minutes"},"schema":{"@context":"https:\/\/schema.org","@graph":[{"@type":"WebPage","@id":"https:\/\/www.kroftman.com\/fr-lu\/qualite-et-conformite\/","url":"https:\/\/www.kroftman.com\/fr-lu\/qualite-et-conformite\/","name":"Qualit\u00e9 et conformit\u00e9 | Kroftman","isPartOf":{"@id":"https:\/\/www.kroftman.com\/en-eu\/#website"},"datePublished":"2024-10-24T12:19:28+00:00","dateModified":"2024-11-28T14:30:21+00:00","breadcrumb":{"@id":"https:\/\/www.kroftman.com\/fr-lu\/qualite-et-conformite\/#breadcrumb"},"inLanguage":"fr-LU","potentialAction":[{"@type":"ReadAction","target":["https:\/\/www.kroftman.com\/fr-lu\/qualite-et-conformite\/"]}]},{"@type":"BreadcrumbList","@id":"https:\/\/www.kroftman.com\/fr-lu\/qualite-et-conformite\/#breadcrumb","itemListElement":[{"@type":"ListItem","position":1,"name":"Home","item":"https:\/\/www.kroftman.com\/fr-lu\/"},{"@type":"ListItem","position":2,"name":"Qualit\u00e9 et conformit\u00e9"}]},{"@type":"WebSite","@id":"https:\/\/www.kroftman.com\/en-eu\/#website","url":"https:\/\/www.kroftman.com\/en-eu\/","name":"Kroftman","description":"","publisher":{"@id":"https:\/\/www.kroftman.com\/en-eu\/#organization"},"potentialAction":[{"@type":"SearchAction","target":{"@type":"EntryPoint","urlTemplate":"https:\/\/www.kroftman.com\/en-eu\/?s={search_term_string}"},"query-input":{"@type":"PropertyValueSpecification","valueRequired":true,"valueName":"search_term_string"}}],"inLanguage":"fr-LU"},{"@type":"Organization","@id":"https:\/\/www.kroftman.com\/en-eu\/#organization","name":"Kroftman","url":"https:\/\/www.kroftman.com\/en-eu\/","logo":{"@type":"ImageObject","inLanguage":"fr-LU","@id":"https:\/\/www.kroftman.com\/en-eu\/#\/schema\/logo\/image\/","url":"https:\/\/www.kroftman.com\/wp-content\/uploads\/2019\/05\/kroftman_new_logo_rgb.jpg","contentUrl":"https:\/\/www.kroftman.com\/wp-content\/uploads\/2019\/05\/kroftman_new_logo_rgb.jpg","width":2000,"height":402,"caption":"Kroftman"},"image":{"@id":"https:\/\/www.kroftman.com\/en-eu\/#\/schema\/logo\/image\/"}}]}},"_links":{"self":[{"href":"https:\/\/www.kroftman.com\/fr-lu\/wp-json\/wp\/v2\/pages\/304218","targetHints":{"allow":["GET"]}}],"collection":[{"href":"https:\/\/www.kroftman.com\/fr-lu\/wp-json\/wp\/v2\/pages"}],"about":[{"href":"https:\/\/www.kroftman.com\/fr-lu\/wp-json\/wp\/v2\/types\/page"}],"author":[{"embeddable":true,"href":"https:\/\/www.kroftman.com\/fr-lu\/wp-json\/wp\/v2\/users\/57844"}],"replies":[{"embeddable":true,"href":"https:\/\/www.kroftman.com\/fr-lu\/wp-json\/wp\/v2\/comments?post=304218"}],"version-history":[{"count":4,"href":"https:\/\/www.kroftman.com\/fr-lu\/wp-json\/wp\/v2\/pages\/304218\/revisions"}],"predecessor-version":[{"id":308942,"href":"https:\/\/www.kroftman.com\/fr-lu\/wp-json\/wp\/v2\/pages\/304218\/revisions\/308942"}],"wp:attachment":[{"href":"https:\/\/www.kroftman.com\/fr-lu\/wp-json\/wp\/v2\/media?parent=304218"}],"curies":[{"name":"wp","href":"https:\/\/api.w.org\/{rel}","templated":true}]}}