{"id":59714,"date":"2020-04-20T08:24:55","date_gmt":"2020-04-20T08:24:55","guid":{"rendered":"https:\/\/www.kroftman.com\/shop\/non%20class\u00e9\/1-x-overhead-door-305x275-cm-h-x-w-and-1-x-man-door-in-front-wall-2-x-overhead-door-256x274-cm-h-x-w-in-side-wall-2\/"},"modified":"2024-01-19T09:51:29","modified_gmt":"2024-01-19T09:51:29","slug":"1-x-porte-sectionelle-300x275-cm-h-x-l-et-1-x-porte-dentree-dans-la-facade-avant-2-x-porte-sectionelle-dans-la-facade-laterale","status":"publish","type":"product","link":"https:\/\/www.kroftman.com\/fr-fr\/shop\/bundel-items\/1-x-porte-sectionelle-300x275-cm-h-x-l-et-1-x-porte-dentree-dans-la-facade-avant-2-x-porte-sectionelle-dans-la-facade-laterale\/","title":{"rendered":"1 x porte sectionelle 300&#215;275 cm (H x l) et 1 x porte d&rsquo;entree dans la fa\u00e7ade avant + 2 x porte sectionelle dans la fa\u00e7ade lat\u00e9rale"},"content":{"rendered":"","protected":false},"excerpt":{"rendered":"","protected":false},"featured_media":17930,"template":"","meta":{"_acf_changed":false,"content-type":"","inline_featured_image":false},"product_brand":[],"product_cat":[163],"product_tag":[],"class_list":{"0":"post-59714","1":"product","2":"type-product","3":"status-publish","4":"has-post-thumbnail","6":"product_cat-bundel-items","8":"first","9":"instock","10":"taxable","11":"shipping-taxable","12":"purchasable","13":"product-type-simple"},"composite_virtual":false,"composite_layout":"","composite_add_to_cart_form_location":"","composite_editable_in_cart":false,"composite_sold_individually_context":"","composite_shop_price_calc":"","composite_components":[],"composite_scenarios":[],"acf":[],"yoast_head":"<!-- This site is optimized with the Yoast SEO plugin v27.1.1 - https:\/\/yoast.com\/product\/yoast-seo-wordpress\/ -->\n<title>1 x porte sectionelle 300x275 cm (H x l) et 1 x porte d&#039;entree dans la fa\u00e7ade avant + 2 x porte sectionelle dans la fa\u00e7ade lat\u00e9rale | Kroftman<\/title>\n<meta name=\"robots\" content=\"index, follow, max-snippet:-1, max-image-preview:large, max-video-preview:-1\" \/>\n<link rel=\"canonical\" href=\"https:\/\/www.kroftman.com\/en-eu\/shop\/bundel-items\/1-x-overhead-door-300x275-cm-h-x-w-and-1-x-man-door-in-front-wall-2-x-overhead-door-256x274-cm-h-x-w-in-side-wall-2\/\" \/>\n<meta property=\"og:locale\" content=\"fr_FR\" \/>\n<meta property=\"og:type\" content=\"article\" \/>\n<meta property=\"og:title\" content=\"1 x porte sectionelle 300x275 cm (H x l) et 1 x porte d&#039;entree dans la fa\u00e7ade avant + 2 x porte sectionelle dans la fa\u00e7ade lat\u00e9rale | Kroftman\" \/>\n<meta property=\"og:url\" content=\"https:\/\/www.kroftman.com\/en-eu\/shop\/bundel-items\/1-x-overhead-door-300x275-cm-h-x-w-and-1-x-man-door-in-front-wall-2-x-overhead-door-256x274-cm-h-x-w-in-side-wall-2\/\" \/>\n<meta property=\"og:site_name\" content=\"Kroftman\" \/>\n<meta property=\"article:modified_time\" content=\"2024-01-19T09:51:29+00:00\" \/>\n<meta property=\"og:image\" content=\"https:\/\/www.kroftman.com\/wp-content\/uploads\/2019\/08\/2xRoldeur-loopdeur-zw-roldeur-vw-loopdeur-vw.jpg\" \/>\n\t<meta property=\"og:image:width\" content=\"3658\" \/>\n\t<meta property=\"og:image:height\" content=\"2291\" \/>\n\t<meta property=\"og:image:type\" content=\"image\/jpeg\" \/>\n<meta name=\"twitter:card\" content=\"summary_large_image\" \/>\n<script type=\"application\/ld+json\" class=\"yoast-schema-graph\">{\"@context\":\"https:\/\/schema.org\",\"@graph\":[{\"@type\":\"WebPage\",\"@id\":\"https:\/\/www.kroftman.com\/en-eu\/shop\/bundel-items\/1-x-overhead-door-300x275-cm-h-x-w-and-1-x-man-door-in-front-wall-2-x-overhead-door-256x274-cm-h-x-w-in-side-wall-2\/\",\"url\":\"https:\/\/www.kroftman.com\/en-eu\/shop\/bundel-items\/1-x-overhead-door-300x275-cm-h-x-w-and-1-x-man-door-in-front-wall-2-x-overhead-door-256x274-cm-h-x-w-in-side-wall-2\/\",\"name\":\"1 x porte sectionelle 300x275 cm (H x l) et 1 x porte d'entree dans la fa\u00e7ade avant + 2 x porte sectionelle dans la fa\u00e7ade lat\u00e9rale | Kroftman\",\"isPartOf\":{\"@id\":\"https:\/\/www.kroftman.com\/en-eu\/#website\"},\"primaryImageOfPage\":{\"@id\":\"https:\/\/www.kroftman.com\/en-eu\/shop\/bundel-items\/1-x-overhead-door-300x275-cm-h-x-w-and-1-x-man-door-in-front-wall-2-x-overhead-door-256x274-cm-h-x-w-in-side-wall-2\/#primaryimage\"},\"image\":{\"@id\":\"https:\/\/www.kroftman.com\/en-eu\/shop\/bundel-items\/1-x-overhead-door-300x275-cm-h-x-w-and-1-x-man-door-in-front-wall-2-x-overhead-door-256x274-cm-h-x-w-in-side-wall-2\/#primaryimage\"},\"thumbnailUrl\":\"https:\/\/www.kroftman.com\/wp-content\/uploads\/2019\/08\/2xRoldeur-loopdeur-zw-roldeur-vw-loopdeur-vw-scaled.jpg\",\"datePublished\":\"2020-04-20T08:24:55+00:00\",\"dateModified\":\"2024-01-19T09:51:29+00:00\",\"breadcrumb\":{\"@id\":\"https:\/\/www.kroftman.com\/en-eu\/shop\/bundel-items\/1-x-overhead-door-300x275-cm-h-x-w-and-1-x-man-door-in-front-wall-2-x-overhead-door-256x274-cm-h-x-w-in-side-wall-2\/#breadcrumb\"},\"inLanguage\":\"fr-FR\",\"potentialAction\":[{\"@type\":\"ReadAction\",\"target\":[\"https:\/\/www.kroftman.com\/en-eu\/shop\/bundel-items\/1-x-overhead-door-300x275-cm-h-x-w-and-1-x-man-door-in-front-wall-2-x-overhead-door-256x274-cm-h-x-w-in-side-wall-2\/\"]}]},{\"@type\":\"ImageObject\",\"inLanguage\":\"fr-FR\",\"@id\":\"https:\/\/www.kroftman.com\/en-eu\/shop\/bundel-items\/1-x-overhead-door-300x275-cm-h-x-w-and-1-x-man-door-in-front-wall-2-x-overhead-door-256x274-cm-h-x-w-in-side-wall-2\/#primaryimage\",\"url\":\"https:\/\/www.kroftman.com\/wp-content\/uploads\/2019\/08\/2xRoldeur-loopdeur-zw-roldeur-vw-loopdeur-vw-scaled.jpg\",\"contentUrl\":\"https:\/\/www.kroftman.com\/wp-content\/uploads\/2019\/08\/2xRoldeur-loopdeur-zw-roldeur-vw-loopdeur-vw-scaled.jpg\",\"width\":3658,\"height\":2291},{\"@type\":\"BreadcrumbList\",\"@id\":\"https:\/\/www.kroftman.com\/en-eu\/shop\/bundel-items\/1-x-overhead-door-300x275-cm-h-x-w-and-1-x-man-door-in-front-wall-2-x-overhead-door-256x274-cm-h-x-w-in-side-wall-2\/#breadcrumb\",\"itemListElement\":[{\"@type\":\"ListItem\",\"position\":1,\"name\":\"Home\",\"item\":\"https:\/\/www.kroftman.com\/fr-fr\/\"},{\"@type\":\"ListItem\",\"position\":2,\"name\":\"Boutique\",\"item\":\"https:\/\/www.kroftman.com\/en-eu\/shop\/\"},{\"@type\":\"ListItem\",\"position\":3,\"name\":\"1 x porte sectionelle 300&#215;275 cm (H x l) et 1 x porte d&#8217;entree dans la fa\u00e7ade avant + 2 x porte sectionelle dans la fa\u00e7ade lat\u00e9rale\"}]},{\"@type\":\"WebSite\",\"@id\":\"https:\/\/www.kroftman.com\/en-eu\/#website\",\"url\":\"https:\/\/www.kroftman.com\/en-eu\/\",\"name\":\"Kroftman\",\"description\":\"\",\"publisher\":{\"@id\":\"https:\/\/www.kroftman.com\/en-eu\/#organization\"},\"potentialAction\":[{\"@type\":\"SearchAction\",\"target\":{\"@type\":\"EntryPoint\",\"urlTemplate\":\"https:\/\/www.kroftman.com\/en-eu\/?s={search_term_string}\"},\"query-input\":{\"@type\":\"PropertyValueSpecification\",\"valueRequired\":true,\"valueName\":\"search_term_string\"}}],\"inLanguage\":\"fr-FR\"},{\"@type\":\"Organization\",\"@id\":\"https:\/\/www.kroftman.com\/en-eu\/#organization\",\"name\":\"Kroftman\",\"url\":\"https:\/\/www.kroftman.com\/en-eu\/\",\"logo\":{\"@type\":\"ImageObject\",\"inLanguage\":\"fr-FR\",\"@id\":\"https:\/\/www.kroftman.com\/en-eu\/#\/schema\/logo\/image\/\",\"url\":\"https:\/\/www.kroftman.com\/wp-content\/uploads\/2019\/05\/kroftman_new_logo_rgb.jpg\",\"contentUrl\":\"https:\/\/www.kroftman.com\/wp-content\/uploads\/2019\/05\/kroftman_new_logo_rgb.jpg\",\"width\":2000,\"height\":402,\"caption\":\"Kroftman\"},\"image\":{\"@id\":\"https:\/\/www.kroftman.com\/en-eu\/#\/schema\/logo\/image\/\"}}]}<\/script>\n<!-- \/ Yoast SEO plugin. -->","yoast_head_json":{"title":"1 x porte sectionelle 300x275 cm (H x l) et 1 x porte d'entree dans la fa\u00e7ade avant + 2 x porte sectionelle dans la fa\u00e7ade lat\u00e9rale | Kroftman","robots":{"index":"index","follow":"follow","max-snippet":"max-snippet:-1","max-image-preview":"max-image-preview:large","max-video-preview":"max-video-preview:-1"},"canonical":"https:\/\/www.kroftman.com\/en-eu\/shop\/bundel-items\/1-x-overhead-door-300x275-cm-h-x-w-and-1-x-man-door-in-front-wall-2-x-overhead-door-256x274-cm-h-x-w-in-side-wall-2\/","og_locale":"fr_FR","og_type":"article","og_title":"1 x porte sectionelle 300x275 cm (H x l) et 1 x porte d'entree dans la fa\u00e7ade avant + 2 x porte sectionelle dans la fa\u00e7ade lat\u00e9rale | Kroftman","og_url":"https:\/\/www.kroftman.com\/en-eu\/shop\/bundel-items\/1-x-overhead-door-300x275-cm-h-x-w-and-1-x-man-door-in-front-wall-2-x-overhead-door-256x274-cm-h-x-w-in-side-wall-2\/","og_site_name":"Kroftman","article_modified_time":"2024-01-19T09:51:29+00:00","og_image":[{"width":3658,"height":2291,"url":"https:\/\/www.kroftman.com\/wp-content\/uploads\/2019\/08\/2xRoldeur-loopdeur-zw-roldeur-vw-loopdeur-vw.jpg","type":"image\/jpeg"}],"twitter_card":"summary_large_image","schema":{"@context":"https:\/\/schema.org","@graph":[{"@type":"WebPage","@id":"https:\/\/www.kroftman.com\/en-eu\/shop\/bundel-items\/1-x-overhead-door-300x275-cm-h-x-w-and-1-x-man-door-in-front-wall-2-x-overhead-door-256x274-cm-h-x-w-in-side-wall-2\/","url":"https:\/\/www.kroftman.com\/en-eu\/shop\/bundel-items\/1-x-overhead-door-300x275-cm-h-x-w-and-1-x-man-door-in-front-wall-2-x-overhead-door-256x274-cm-h-x-w-in-side-wall-2\/","name":"1 x porte sectionelle 300x275 cm (H x l) et 1 x porte d'entree dans la fa\u00e7ade avant + 2 x porte sectionelle dans la fa\u00e7ade lat\u00e9rale | Kroftman","isPartOf":{"@id":"https:\/\/www.kroftman.com\/en-eu\/#website"},"primaryImageOfPage":{"@id":"https:\/\/www.kroftman.com\/en-eu\/shop\/bundel-items\/1-x-overhead-door-300x275-cm-h-x-w-and-1-x-man-door-in-front-wall-2-x-overhead-door-256x274-cm-h-x-w-in-side-wall-2\/#primaryimage"},"image":{"@id":"https:\/\/www.kroftman.com\/en-eu\/shop\/bundel-items\/1-x-overhead-door-300x275-cm-h-x-w-and-1-x-man-door-in-front-wall-2-x-overhead-door-256x274-cm-h-x-w-in-side-wall-2\/#primaryimage"},"thumbnailUrl":"https:\/\/www.kroftman.com\/wp-content\/uploads\/2019\/08\/2xRoldeur-loopdeur-zw-roldeur-vw-loopdeur-vw-scaled.jpg","datePublished":"2020-04-20T08:24:55+00:00","dateModified":"2024-01-19T09:51:29+00:00","breadcrumb":{"@id":"https:\/\/www.kroftman.com\/en-eu\/shop\/bundel-items\/1-x-overhead-door-300x275-cm-h-x-w-and-1-x-man-door-in-front-wall-2-x-overhead-door-256x274-cm-h-x-w-in-side-wall-2\/#breadcrumb"},"inLanguage":"fr-FR","potentialAction":[{"@type":"ReadAction","target":["https:\/\/www.kroftman.com\/en-eu\/shop\/bundel-items\/1-x-overhead-door-300x275-cm-h-x-w-and-1-x-man-door-in-front-wall-2-x-overhead-door-256x274-cm-h-x-w-in-side-wall-2\/"]}]},{"@type":"ImageObject","inLanguage":"fr-FR","@id":"https:\/\/www.kroftman.com\/en-eu\/shop\/bundel-items\/1-x-overhead-door-300x275-cm-h-x-w-and-1-x-man-door-in-front-wall-2-x-overhead-door-256x274-cm-h-x-w-in-side-wall-2\/#primaryimage","url":"https:\/\/www.kroftman.com\/wp-content\/uploads\/2019\/08\/2xRoldeur-loopdeur-zw-roldeur-vw-loopdeur-vw-scaled.jpg","contentUrl":"https:\/\/www.kroftman.com\/wp-content\/uploads\/2019\/08\/2xRoldeur-loopdeur-zw-roldeur-vw-loopdeur-vw-scaled.jpg","width":3658,"height":2291},{"@type":"BreadcrumbList","@id":"https:\/\/www.kroftman.com\/en-eu\/shop\/bundel-items\/1-x-overhead-door-300x275-cm-h-x-w-and-1-x-man-door-in-front-wall-2-x-overhead-door-256x274-cm-h-x-w-in-side-wall-2\/#breadcrumb","itemListElement":[{"@type":"ListItem","position":1,"name":"Home","item":"https:\/\/www.kroftman.com\/fr-fr\/"},{"@type":"ListItem","position":2,"name":"Boutique","item":"https:\/\/www.kroftman.com\/en-eu\/shop\/"},{"@type":"ListItem","position":3,"name":"1 x porte sectionelle 300&#215;275 cm (H x l) et 1 x porte d&#8217;entree dans la fa\u00e7ade avant + 2 x porte sectionelle dans la fa\u00e7ade lat\u00e9rale"}]},{"@type":"WebSite","@id":"https:\/\/www.kroftman.com\/en-eu\/#website","url":"https:\/\/www.kroftman.com\/en-eu\/","name":"Kroftman","description":"","publisher":{"@id":"https:\/\/www.kroftman.com\/en-eu\/#organization"},"potentialAction":[{"@type":"SearchAction","target":{"@type":"EntryPoint","urlTemplate":"https:\/\/www.kroftman.com\/en-eu\/?s={search_term_string}"},"query-input":{"@type":"PropertyValueSpecification","valueRequired":true,"valueName":"search_term_string"}}],"inLanguage":"fr-FR"},{"@type":"Organization","@id":"https:\/\/www.kroftman.com\/en-eu\/#organization","name":"Kroftman","url":"https:\/\/www.kroftman.com\/en-eu\/","logo":{"@type":"ImageObject","inLanguage":"fr-FR","@id":"https:\/\/www.kroftman.com\/en-eu\/#\/schema\/logo\/image\/","url":"https:\/\/www.kroftman.com\/wp-content\/uploads\/2019\/05\/kroftman_new_logo_rgb.jpg","contentUrl":"https:\/\/www.kroftman.com\/wp-content\/uploads\/2019\/05\/kroftman_new_logo_rgb.jpg","width":2000,"height":402,"caption":"Kroftman"},"image":{"@id":"https:\/\/www.kroftman.com\/en-eu\/#\/schema\/logo\/image\/"}}]}},"_links":{"self":[{"href":"https:\/\/www.kroftman.com\/fr-fr\/wp-json\/wp\/v2\/product\/59714","targetHints":{"allow":["GET"]}}],"collection":[{"href":"https:\/\/www.kroftman.com\/fr-fr\/wp-json\/wp\/v2\/product"}],"about":[{"href":"https:\/\/www.kroftman.com\/fr-fr\/wp-json\/wp\/v2\/types\/product"}],"wp:featuredmedia":[{"embeddable":true,"href":"https:\/\/www.kroftman.com\/fr-fr\/wp-json\/wp\/v2\/media\/17930"}],"wp:attachment":[{"href":"https:\/\/www.kroftman.com\/fr-fr\/wp-json\/wp\/v2\/media?parent=59714"}],"wp:term":[{"taxonomy":"product_brand","embeddable":true,"href":"https:\/\/www.kroftman.com\/fr-fr\/wp-json\/wp\/v2\/product_brand?post=59714"},{"taxonomy":"product_cat","embeddable":true,"href":"https:\/\/www.kroftman.com\/fr-fr\/wp-json\/wp\/v2\/product_cat?post=59714"},{"taxonomy":"product_tag","embeddable":true,"href":"https:\/\/www.kroftman.com\/fr-fr\/wp-json\/wp\/v2\/product_tag?post=59714"}],"curies":[{"name":"wp","href":"https:\/\/api.w.org\/{rel}","templated":true}]}}