{"id":26821,"date":"2019-10-16T09:36:57","date_gmt":"2019-10-16T09:36:57","guid":{"rendered":"https:\/\/www.kroftman.com\/shop\/non%20class\u00e9\/tc403\/"},"modified":"2025-10-08T10:22:47","modified_gmt":"2025-10-08T10:22:47","slug":"abri-sur-containers-4x3m-toit-a-pignon","status":"publish","type":"product","link":"https:\/\/www.kroftman.com\/fr-fr\/shop\/abris-sur-containers\/abri-sur-containers-4x3m-toit-a-pignon\/","title":{"rendered":"Abri sur containers 4x3m toit \u00e0 pignon"},"content":{"rendered":"","protected":false},"excerpt":{"rendered":"<ul>\n<li>Hauteur du fa\u00eete: 3,93 m (dimension ext\u00e9rieure)<\/li>\n<li><span data-olk-copy-source=\"MessageBody\">Comprises Buildbook conformes EN13782<\/span><\/li>\n<li>Montage \u00e9galement possible sur c\u00f4t\u00e9 ouvert ou highcube<\/li>\n<\/ul>\n","protected":false},"featured_media":328802,"template":"","meta":{"_acf_changed":false,"content-type":"","inline_featured_image":false},"product_brand":[],"product_cat":[176],"product_tag":[],"class_list":{"0":"post-26821","1":"product","2":"type-product","3":"status-publish","4":"has-post-thumbnail","6":"product_cat-abris-sur-containers","7":"product_shipping_class-tc600-fr-fr","9":"first","10":"instock","11":"taxable","12":"shipping-taxable","13":"purchasable","14":"product-type-composite"},"composite_virtual":false,"composite_layout":"paged","composite_add_to_cart_form_location":"default","composite_editable_in_cart":false,"composite_sold_individually_context":"product","composite_shop_price_calc":"defaults","composite_components":[{"id":"1738585432","title":"Fabric","description":"","query_type":"product_ids","query_ids":[6964,314679,314692,314702,273667],"default_option_id":6964,"thumbnail_id":"","thumbnail_src":"","quantity_min":1,"quantity_max":1,"priced_individually":true,"shipped_individually":false,"optional":false,"discount":"","options_style":"radios","pagination_style":"classic","display_prices":"absolute","show_sorting_options":false,"show_filtering_options":false,"attribute_filter_ids":[],"select_action":"view","product_title_visible":false,"product_descr_visible":false,"product_price_visible":false,"product_thumb_visible":false,"subtotal_visible_product":true,"subtotal_visible_cart":true,"subtotal_visible_orders":true},{"id":"1707903369","title":"HDPE Walls","description":"","query_type":"product_ids","query_ids":[108975,273702,273713,273723],"default_option_id":108975,"thumbnail_id":"","thumbnail_src":"","quantity_min":1,"quantity_max":1,"priced_individually":true,"shipped_individually":false,"optional":false,"discount":"","options_style":"radios","pagination_style":"classic","display_prices":"absolute","show_sorting_options":false,"show_filtering_options":false,"attribute_filter_ids":[],"select_action":"view","product_title_visible":false,"product_descr_visible":false,"product_price_visible":false,"product_thumb_visible":false,"subtotal_visible_product":true,"subtotal_visible_cart":true,"subtotal_visible_orders":true},{"id":"1707903370","title":"PVC Walls","description":"","query_type":"product_ids","query_ids":[108975,273733,273743,273753],"default_option_id":108975,"thumbnail_id":"","thumbnail_src":"","quantity_min":1,"quantity_max":1,"priced_individually":true,"shipped_individually":false,"optional":false,"discount":"","options_style":"radios","pagination_style":"classic","display_prices":"absolute","show_sorting_options":false,"show_filtering_options":false,"attribute_filter_ids":[],"select_action":"view","product_title_visible":false,"product_descr_visible":false,"product_price_visible":false,"product_thumb_visible":false,"subtotal_visible_product":true,"subtotal_visible_cart":true,"subtotal_visible_orders":true},{"id":"1571218618","title":"Fastening","description":"<p><span class='toggle_custom_title_toggle'>?<\/span><span class='toggle_custom_title'>Vous avez besoin d'aide pour choisir la bonne option de fixation ? N'h\u00e9sitez pas \u00e0 <a href=\"https:\/\/www.kroftman.com\/fr-fr\/service-clientele\/\">nous contacter<\/a> et nous vous aiderons.<\/span><\/p>\n","query_type":"product_ids","query_ids":[7003,273771,273801],"default_option_id":7003,"thumbnail_id":"","thumbnail_src":"","quantity_min":1,"quantity_max":1,"priced_individually":true,"shipped_individually":false,"optional":false,"discount":"","options_style":"radios","pagination_style":"classic","display_prices":"absolute","show_sorting_options":false,"show_filtering_options":false,"attribute_filter_ids":[],"select_action":"view","product_title_visible":false,"product_descr_visible":false,"product_price_visible":false,"product_thumb_visible":false,"subtotal_visible_product":true,"subtotal_visible_cart":true,"subtotal_visible_orders":true}],"composite_scenarios":[{"id":"1759918550","name":"HDPE","description":"","configuration":[{"component_id":"1738585432","options_modifier":"in","component_options":[6964]}],"actions":[{"action_id":"compat_group","is_active":false},{"action_id":"conditional_components","is_active":true,"hidden_components":["1707903370"]},{"action_id":"conditional_options","is_active":false,"hidden_options":[]}],"enabled":true},{"id":"1759918551","name":"PVC","description":"","configuration":[{"component_id":"1738585432","options_modifier":"in","component_options":[314702,314692,314679,273667]}],"actions":[{"action_id":"compat_group","is_active":false},{"action_id":"conditional_components","is_active":true,"hidden_components":["1707903369"]},{"action_id":"conditional_options","is_active":false,"hidden_options":[]}],"enabled":true}],"acf":[],"yoast_head":"<!-- This site is optimized with the Yoast SEO plugin v27.1.1 - https:\/\/yoast.com\/product\/yoast-seo-wordpress\/ -->\n<title>Abri sur containers 4x3m toit \u00e0 pignon | Kroftman<\/title>\n<meta name=\"robots\" content=\"index, follow, max-snippet:-1, max-image-preview:large, max-video-preview:-1\" \/>\n<link rel=\"canonical\" href=\"https:\/\/www.kroftman.com\/fr-fr\/shop\/abris-sur-containers\/abri-sur-containers-4x3m-toit-a-pignon\/\" \/>\n<meta property=\"og:locale\" content=\"fr_FR\" \/>\n<meta property=\"og:type\" content=\"article\" \/>\n<meta property=\"og:title\" content=\"Abri sur containers 4x3m toit \u00e0 pignon | Kroftman\" \/>\n<meta property=\"og:description\" content=\"Hauteur du fa\u00eete: 3,93 m (dimension ext\u00e9rieure)  Comprises Buildbook conformes EN13782  Montage \u00e9galement possible sur c\u00f4t\u00e9 ouvert ou highcube\" \/>\n<meta property=\"og:url\" content=\"https:\/\/www.kroftman.com\/fr-fr\/shop\/abris-sur-containers\/abri-sur-containers-4x3m-toit-a-pignon\/\" \/>\n<meta property=\"og:site_name\" content=\"Kroftman\" \/>\n<meta property=\"article:modified_time\" content=\"2025-10-08T10:22:47+00:00\" \/>\n<meta property=\"og:image\" content=\"https:\/\/www.kroftman.com\/wp-content\/uploads\/2019\/10\/4x3-saddle-\u2013-3.jpg\" \/>\n\t<meta property=\"og:image:width\" content=\"510\" \/>\n\t<meta property=\"og:image:height\" content=\"354\" \/>\n\t<meta property=\"og:image:type\" content=\"image\/jpeg\" \/>\n<meta name=\"twitter:card\" content=\"summary_large_image\" \/>\n<meta name=\"twitter:label1\" content=\"Dur\u00e9e de lecture estim\u00e9e\" \/>\n\t<meta name=\"twitter:data1\" content=\"1 minute\" \/>\n<script type=\"application\/ld+json\" class=\"yoast-schema-graph\">{\"@context\":\"https:\/\/schema.org\",\"@graph\":[{\"@type\":\"WebPage\",\"@id\":\"https:\/\/www.kroftman.com\/fr-fr\/shop\/abris-sur-containers\/abri-sur-containers-4x3m-toit-a-pignon\/\",\"url\":\"https:\/\/www.kroftman.com\/fr-fr\/shop\/abris-sur-containers\/abri-sur-containers-4x3m-toit-a-pignon\/\",\"name\":\"Abri sur containers 4x3m toit \u00e0 pignon | Kroftman\",\"isPartOf\":{\"@id\":\"https:\/\/www.kroftman.com\/en-eu\/#website\"},\"primaryImageOfPage\":{\"@id\":\"https:\/\/www.kroftman.com\/fr-fr\/shop\/abris-sur-containers\/abri-sur-containers-4x3m-toit-a-pignon\/#primaryimage\"},\"image\":{\"@id\":\"https:\/\/www.kroftman.com\/fr-fr\/shop\/abris-sur-containers\/abri-sur-containers-4x3m-toit-a-pignon\/#primaryimage\"},\"thumbnailUrl\":\"https:\/\/www.kroftman.com\/wp-content\/uploads\/2019\/10\/4x3-saddle-\u2013-3.jpg\",\"datePublished\":\"2019-10-16T09:36:57+00:00\",\"dateModified\":\"2025-10-08T10:22:47+00:00\",\"breadcrumb\":{\"@id\":\"https:\/\/www.kroftman.com\/fr-fr\/shop\/abris-sur-containers\/abri-sur-containers-4x3m-toit-a-pignon\/#breadcrumb\"},\"inLanguage\":\"fr-FR\",\"potentialAction\":[{\"@type\":\"ReadAction\",\"target\":[\"https:\/\/www.kroftman.com\/fr-fr\/shop\/abris-sur-containers\/abri-sur-containers-4x3m-toit-a-pignon\/\"]}]},{\"@type\":\"ImageObject\",\"inLanguage\":\"fr-FR\",\"@id\":\"https:\/\/www.kroftman.com\/fr-fr\/shop\/abris-sur-containers\/abri-sur-containers-4x3m-toit-a-pignon\/#primaryimage\",\"url\":\"https:\/\/www.kroftman.com\/wp-content\/uploads\/2019\/10\/4x3-saddle-\u2013-3.jpg\",\"contentUrl\":\"https:\/\/www.kroftman.com\/wp-content\/uploads\/2019\/10\/4x3-saddle-\u2013-3.jpg\",\"width\":510,\"height\":354},{\"@type\":\"BreadcrumbList\",\"@id\":\"https:\/\/www.kroftman.com\/fr-fr\/shop\/abris-sur-containers\/abri-sur-containers-4x3m-toit-a-pignon\/#breadcrumb\",\"itemListElement\":[{\"@type\":\"ListItem\",\"position\":1,\"name\":\"Home\",\"item\":\"https:\/\/www.kroftman.com\/fr-fr\/\"},{\"@type\":\"ListItem\",\"position\":2,\"name\":\"Boutique\",\"item\":\"https:\/\/www.kroftman.com\/en-eu\/shop\/\"},{\"@type\":\"ListItem\",\"position\":3,\"name\":\"Abri sur containers 4x3m toit \u00e0 pignon\"}]},{\"@type\":\"WebSite\",\"@id\":\"https:\/\/www.kroftman.com\/en-eu\/#website\",\"url\":\"https:\/\/www.kroftman.com\/en-eu\/\",\"name\":\"Kroftman\",\"description\":\"\",\"publisher\":{\"@id\":\"https:\/\/www.kroftman.com\/en-eu\/#organization\"},\"potentialAction\":[{\"@type\":\"SearchAction\",\"target\":{\"@type\":\"EntryPoint\",\"urlTemplate\":\"https:\/\/www.kroftman.com\/en-eu\/?s={search_term_string}\"},\"query-input\":{\"@type\":\"PropertyValueSpecification\",\"valueRequired\":true,\"valueName\":\"search_term_string\"}}],\"inLanguage\":\"fr-FR\"},{\"@type\":\"Organization\",\"@id\":\"https:\/\/www.kroftman.com\/en-eu\/#organization\",\"name\":\"Kroftman\",\"url\":\"https:\/\/www.kroftman.com\/en-eu\/\",\"logo\":{\"@type\":\"ImageObject\",\"inLanguage\":\"fr-FR\",\"@id\":\"https:\/\/www.kroftman.com\/en-eu\/#\/schema\/logo\/image\/\",\"url\":\"https:\/\/www.kroftman.com\/wp-content\/uploads\/2019\/05\/kroftman_new_logo_rgb.jpg\",\"contentUrl\":\"https:\/\/www.kroftman.com\/wp-content\/uploads\/2019\/05\/kroftman_new_logo_rgb.jpg\",\"width\":2000,\"height\":402,\"caption\":\"Kroftman\"},\"image\":{\"@id\":\"https:\/\/www.kroftman.com\/en-eu\/#\/schema\/logo\/image\/\"}}]}<\/script>\n<!-- \/ Yoast SEO plugin. -->","yoast_head_json":{"title":"Abri sur containers 4x3m toit \u00e0 pignon | Kroftman","robots":{"index":"index","follow":"follow","max-snippet":"max-snippet:-1","max-image-preview":"max-image-preview:large","max-video-preview":"max-video-preview:-1"},"canonical":"https:\/\/www.kroftman.com\/fr-fr\/shop\/abris-sur-containers\/abri-sur-containers-4x3m-toit-a-pignon\/","og_locale":"fr_FR","og_type":"article","og_title":"Abri sur containers 4x3m toit \u00e0 pignon | Kroftman","og_description":"Hauteur du fa\u00eete: 3,93 m (dimension ext\u00e9rieure)  Comprises Buildbook conformes EN13782  Montage \u00e9galement possible sur c\u00f4t\u00e9 ouvert ou highcube","og_url":"https:\/\/www.kroftman.com\/fr-fr\/shop\/abris-sur-containers\/abri-sur-containers-4x3m-toit-a-pignon\/","og_site_name":"Kroftman","article_modified_time":"2025-10-08T10:22:47+00:00","og_image":[{"width":510,"height":354,"url":"https:\/\/www.kroftman.com\/wp-content\/uploads\/2019\/10\/4x3-saddle-\u2013-3.jpg","type":"image\/jpeg"}],"twitter_card":"summary_large_image","twitter_misc":{"Dur\u00e9e de lecture estim\u00e9e":"1 minute"},"schema":{"@context":"https:\/\/schema.org","@graph":[{"@type":"WebPage","@id":"https:\/\/www.kroftman.com\/fr-fr\/shop\/abris-sur-containers\/abri-sur-containers-4x3m-toit-a-pignon\/","url":"https:\/\/www.kroftman.com\/fr-fr\/shop\/abris-sur-containers\/abri-sur-containers-4x3m-toit-a-pignon\/","name":"Abri sur containers 4x3m toit \u00e0 pignon | Kroftman","isPartOf":{"@id":"https:\/\/www.kroftman.com\/en-eu\/#website"},"primaryImageOfPage":{"@id":"https:\/\/www.kroftman.com\/fr-fr\/shop\/abris-sur-containers\/abri-sur-containers-4x3m-toit-a-pignon\/#primaryimage"},"image":{"@id":"https:\/\/www.kroftman.com\/fr-fr\/shop\/abris-sur-containers\/abri-sur-containers-4x3m-toit-a-pignon\/#primaryimage"},"thumbnailUrl":"https:\/\/www.kroftman.com\/wp-content\/uploads\/2019\/10\/4x3-saddle-\u2013-3.jpg","datePublished":"2019-10-16T09:36:57+00:00","dateModified":"2025-10-08T10:22:47+00:00","breadcrumb":{"@id":"https:\/\/www.kroftman.com\/fr-fr\/shop\/abris-sur-containers\/abri-sur-containers-4x3m-toit-a-pignon\/#breadcrumb"},"inLanguage":"fr-FR","potentialAction":[{"@type":"ReadAction","target":["https:\/\/www.kroftman.com\/fr-fr\/shop\/abris-sur-containers\/abri-sur-containers-4x3m-toit-a-pignon\/"]}]},{"@type":"ImageObject","inLanguage":"fr-FR","@id":"https:\/\/www.kroftman.com\/fr-fr\/shop\/abris-sur-containers\/abri-sur-containers-4x3m-toit-a-pignon\/#primaryimage","url":"https:\/\/www.kroftman.com\/wp-content\/uploads\/2019\/10\/4x3-saddle-\u2013-3.jpg","contentUrl":"https:\/\/www.kroftman.com\/wp-content\/uploads\/2019\/10\/4x3-saddle-\u2013-3.jpg","width":510,"height":354},{"@type":"BreadcrumbList","@id":"https:\/\/www.kroftman.com\/fr-fr\/shop\/abris-sur-containers\/abri-sur-containers-4x3m-toit-a-pignon\/#breadcrumb","itemListElement":[{"@type":"ListItem","position":1,"name":"Home","item":"https:\/\/www.kroftman.com\/fr-fr\/"},{"@type":"ListItem","position":2,"name":"Boutique","item":"https:\/\/www.kroftman.com\/en-eu\/shop\/"},{"@type":"ListItem","position":3,"name":"Abri sur containers 4x3m toit \u00e0 pignon"}]},{"@type":"WebSite","@id":"https:\/\/www.kroftman.com\/en-eu\/#website","url":"https:\/\/www.kroftman.com\/en-eu\/","name":"Kroftman","description":"","publisher":{"@id":"https:\/\/www.kroftman.com\/en-eu\/#organization"},"potentialAction":[{"@type":"SearchAction","target":{"@type":"EntryPoint","urlTemplate":"https:\/\/www.kroftman.com\/en-eu\/?s={search_term_string}"},"query-input":{"@type":"PropertyValueSpecification","valueRequired":true,"valueName":"search_term_string"}}],"inLanguage":"fr-FR"},{"@type":"Organization","@id":"https:\/\/www.kroftman.com\/en-eu\/#organization","name":"Kroftman","url":"https:\/\/www.kroftman.com\/en-eu\/","logo":{"@type":"ImageObject","inLanguage":"fr-FR","@id":"https:\/\/www.kroftman.com\/en-eu\/#\/schema\/logo\/image\/","url":"https:\/\/www.kroftman.com\/wp-content\/uploads\/2019\/05\/kroftman_new_logo_rgb.jpg","contentUrl":"https:\/\/www.kroftman.com\/wp-content\/uploads\/2019\/05\/kroftman_new_logo_rgb.jpg","width":2000,"height":402,"caption":"Kroftman"},"image":{"@id":"https:\/\/www.kroftman.com\/en-eu\/#\/schema\/logo\/image\/"}}]}},"_links":{"self":[{"href":"https:\/\/www.kroftman.com\/fr-fr\/wp-json\/wp\/v2\/product\/26821","targetHints":{"allow":["GET"]}}],"collection":[{"href":"https:\/\/www.kroftman.com\/fr-fr\/wp-json\/wp\/v2\/product"}],"about":[{"href":"https:\/\/www.kroftman.com\/fr-fr\/wp-json\/wp\/v2\/types\/product"}],"wp:featuredmedia":[{"embeddable":true,"href":"https:\/\/www.kroftman.com\/fr-fr\/wp-json\/wp\/v2\/media\/328802"}],"wp:attachment":[{"href":"https:\/\/www.kroftman.com\/fr-fr\/wp-json\/wp\/v2\/media?parent=26821"}],"wp:term":[{"taxonomy":"product_brand","embeddable":true,"href":"https:\/\/www.kroftman.com\/fr-fr\/wp-json\/wp\/v2\/product_brand?post=26821"},{"taxonomy":"product_cat","embeddable":true,"href":"https:\/\/www.kroftman.com\/fr-fr\/wp-json\/wp\/v2\/product_cat?post=26821"},{"taxonomy":"product_tag","embeddable":true,"href":"https:\/\/www.kroftman.com\/fr-fr\/wp-json\/wp\/v2\/product_tag?post=26821"}],"curies":[{"name":"wp","href":"https:\/\/api.w.org\/{rel}","templated":true}]}}