{"id":6630,"date":"2019-06-20T09:09:58","date_gmt":"2019-06-20T09:09:58","guid":{"rendered":"https:\/\/www.kroftman.com\/shop\/uncategorized\/tc1012-facade-arriere-pvc-blanc\/"},"modified":"2019-07-03T14:50:39","modified_gmt":"2019-07-03T14:50:39","slug":"tc1012-facade-arriere-pvc-blanc","status":"publish","type":"product","link":"https:\/\/www.kroftman.com\/fr-be\/shop\/bundel-items\/tc1012-facade-arriere-pvc-blanc\/","title":{"rendered":"Fa\u00e7ade arri\u00e8re avec porte de b\u00e2che (PVC blanc)"},"content":{"rendered":"","protected":false},"excerpt":{"rendered":"","protected":false},"featured_media":0,"template":"","meta":{"_acf_changed":false,"content-type":"","inline_featured_image":false},"product_brand":[],"product_cat":[164],"product_tag":[],"class_list":{"0":"post-6630","1":"product","2":"type-product","3":"status-publish","5":"product_cat-bundel-items","7":"first","8":"instock","9":"taxable","10":"shipping-taxable","11":"purchasable","12":"product-type-simple"},"composite_virtual":false,"composite_layout":"","composite_add_to_cart_form_location":"","composite_editable_in_cart":false,"composite_sold_individually_context":"","composite_shop_price_calc":"","composite_components":[],"composite_scenarios":[],"acf":[],"yoast_head":"<!-- This site is optimized with the Yoast SEO plugin v27.1.1 - https:\/\/yoast.com\/product\/yoast-seo-wordpress\/ -->\n<title>Fa\u00e7ade arri\u00e8re avec porte de b\u00e2che (PVC blanc) | Kroftman<\/title>\n<meta name=\"robots\" content=\"index, follow, max-snippet:-1, max-image-preview:large, max-video-preview:-1\" \/>\n<link rel=\"canonical\" href=\"https:\/\/www.kroftman.com\/en-eu\/shop\/bundel-items\/tc1012-back-wall-pvc-white\/\" \/>\n<meta property=\"og:locale\" content=\"fr_FR\" \/>\n<meta property=\"og:type\" content=\"article\" \/>\n<meta property=\"og:title\" content=\"Fa\u00e7ade arri\u00e8re avec porte de b\u00e2che (PVC blanc) | Kroftman\" \/>\n<meta property=\"og:url\" content=\"https:\/\/www.kroftman.com\/en-eu\/shop\/bundel-items\/tc1012-back-wall-pvc-white\/\" \/>\n<meta property=\"og:site_name\" content=\"Kroftman\" \/>\n<meta property=\"article:modified_time\" content=\"2019-07-03T14:50:39+00:00\" \/>\n<meta name=\"twitter:card\" content=\"summary_large_image\" \/>\n<script type=\"application\/ld+json\" class=\"yoast-schema-graph\">{\"@context\":\"https:\/\/schema.org\",\"@graph\":[{\"@type\":\"WebPage\",\"@id\":\"https:\/\/www.kroftman.com\/en-eu\/shop\/bundel-items\/tc1012-back-wall-pvc-white\/\",\"url\":\"https:\/\/www.kroftman.com\/en-eu\/shop\/bundel-items\/tc1012-back-wall-pvc-white\/\",\"name\":\"Fa\u00e7ade arri\u00e8re avec porte de b\u00e2che (PVC blanc) | Kroftman\",\"isPartOf\":{\"@id\":\"https:\/\/www.kroftman.com\/en-eu\/#website\"},\"datePublished\":\"2019-06-20T09:09:58+00:00\",\"dateModified\":\"2019-07-03T14:50:39+00:00\",\"breadcrumb\":{\"@id\":\"https:\/\/www.kroftman.com\/en-eu\/shop\/bundel-items\/tc1012-back-wall-pvc-white\/#breadcrumb\"},\"inLanguage\":\"fr-BE\",\"potentialAction\":[{\"@type\":\"ReadAction\",\"target\":[\"https:\/\/www.kroftman.com\/en-eu\/shop\/bundel-items\/tc1012-back-wall-pvc-white\/\"]}]},{\"@type\":\"BreadcrumbList\",\"@id\":\"https:\/\/www.kroftman.com\/en-eu\/shop\/bundel-items\/tc1012-back-wall-pvc-white\/#breadcrumb\",\"itemListElement\":[{\"@type\":\"ListItem\",\"position\":1,\"name\":\"Home\",\"item\":\"https:\/\/www.kroftman.com\/fr-be\/\"},{\"@type\":\"ListItem\",\"position\":2,\"name\":\"Shop\",\"item\":\"https:\/\/www.kroftman.com\/en-eu\/shop\/\"},{\"@type\":\"ListItem\",\"position\":3,\"name\":\"Fa\u00e7ade arri\u00e8re avec porte de b\u00e2che (PVC blanc)\"}]},{\"@type\":\"WebSite\",\"@id\":\"https:\/\/www.kroftman.com\/en-eu\/#website\",\"url\":\"https:\/\/www.kroftman.com\/en-eu\/\",\"name\":\"Kroftman\",\"description\":\"\",\"publisher\":{\"@id\":\"https:\/\/www.kroftman.com\/en-eu\/#organization\"},\"potentialAction\":[{\"@type\":\"SearchAction\",\"target\":{\"@type\":\"EntryPoint\",\"urlTemplate\":\"https:\/\/www.kroftman.com\/en-eu\/?s={search_term_string}\"},\"query-input\":{\"@type\":\"PropertyValueSpecification\",\"valueRequired\":true,\"valueName\":\"search_term_string\"}}],\"inLanguage\":\"fr-BE\"},{\"@type\":\"Organization\",\"@id\":\"https:\/\/www.kroftman.com\/en-eu\/#organization\",\"name\":\"Kroftman\",\"url\":\"https:\/\/www.kroftman.com\/en-eu\/\",\"logo\":{\"@type\":\"ImageObject\",\"inLanguage\":\"fr-BE\",\"@id\":\"https:\/\/www.kroftman.com\/en-eu\/#\/schema\/logo\/image\/\",\"url\":\"https:\/\/www.kroftman.com\/wp-content\/uploads\/2019\/05\/kroftman_new_logo_rgb.jpg\",\"contentUrl\":\"https:\/\/www.kroftman.com\/wp-content\/uploads\/2019\/05\/kroftman_new_logo_rgb.jpg\",\"width\":2000,\"height\":402,\"caption\":\"Kroftman\"},\"image\":{\"@id\":\"https:\/\/www.kroftman.com\/en-eu\/#\/schema\/logo\/image\/\"}}]}<\/script>\n<!-- \/ Yoast SEO plugin. -->","yoast_head_json":{"title":"Fa\u00e7ade arri\u00e8re avec porte de b\u00e2che (PVC blanc) | Kroftman","robots":{"index":"index","follow":"follow","max-snippet":"max-snippet:-1","max-image-preview":"max-image-preview:large","max-video-preview":"max-video-preview:-1"},"canonical":"https:\/\/www.kroftman.com\/en-eu\/shop\/bundel-items\/tc1012-back-wall-pvc-white\/","og_locale":"fr_FR","og_type":"article","og_title":"Fa\u00e7ade arri\u00e8re avec porte de b\u00e2che (PVC blanc) | Kroftman","og_url":"https:\/\/www.kroftman.com\/en-eu\/shop\/bundel-items\/tc1012-back-wall-pvc-white\/","og_site_name":"Kroftman","article_modified_time":"2019-07-03T14:50:39+00:00","twitter_card":"summary_large_image","schema":{"@context":"https:\/\/schema.org","@graph":[{"@type":"WebPage","@id":"https:\/\/www.kroftman.com\/en-eu\/shop\/bundel-items\/tc1012-back-wall-pvc-white\/","url":"https:\/\/www.kroftman.com\/en-eu\/shop\/bundel-items\/tc1012-back-wall-pvc-white\/","name":"Fa\u00e7ade arri\u00e8re avec porte de b\u00e2che (PVC blanc) | Kroftman","isPartOf":{"@id":"https:\/\/www.kroftman.com\/en-eu\/#website"},"datePublished":"2019-06-20T09:09:58+00:00","dateModified":"2019-07-03T14:50:39+00:00","breadcrumb":{"@id":"https:\/\/www.kroftman.com\/en-eu\/shop\/bundel-items\/tc1012-back-wall-pvc-white\/#breadcrumb"},"inLanguage":"fr-BE","potentialAction":[{"@type":"ReadAction","target":["https:\/\/www.kroftman.com\/en-eu\/shop\/bundel-items\/tc1012-back-wall-pvc-white\/"]}]},{"@type":"BreadcrumbList","@id":"https:\/\/www.kroftman.com\/en-eu\/shop\/bundel-items\/tc1012-back-wall-pvc-white\/#breadcrumb","itemListElement":[{"@type":"ListItem","position":1,"name":"Home","item":"https:\/\/www.kroftman.com\/fr-be\/"},{"@type":"ListItem","position":2,"name":"Shop","item":"https:\/\/www.kroftman.com\/en-eu\/shop\/"},{"@type":"ListItem","position":3,"name":"Fa\u00e7ade arri\u00e8re avec porte de b\u00e2che (PVC blanc)"}]},{"@type":"WebSite","@id":"https:\/\/www.kroftman.com\/en-eu\/#website","url":"https:\/\/www.kroftman.com\/en-eu\/","name":"Kroftman","description":"","publisher":{"@id":"https:\/\/www.kroftman.com\/en-eu\/#organization"},"potentialAction":[{"@type":"SearchAction","target":{"@type":"EntryPoint","urlTemplate":"https:\/\/www.kroftman.com\/en-eu\/?s={search_term_string}"},"query-input":{"@type":"PropertyValueSpecification","valueRequired":true,"valueName":"search_term_string"}}],"inLanguage":"fr-BE"},{"@type":"Organization","@id":"https:\/\/www.kroftman.com\/en-eu\/#organization","name":"Kroftman","url":"https:\/\/www.kroftman.com\/en-eu\/","logo":{"@type":"ImageObject","inLanguage":"fr-BE","@id":"https:\/\/www.kroftman.com\/en-eu\/#\/schema\/logo\/image\/","url":"https:\/\/www.kroftman.com\/wp-content\/uploads\/2019\/05\/kroftman_new_logo_rgb.jpg","contentUrl":"https:\/\/www.kroftman.com\/wp-content\/uploads\/2019\/05\/kroftman_new_logo_rgb.jpg","width":2000,"height":402,"caption":"Kroftman"},"image":{"@id":"https:\/\/www.kroftman.com\/en-eu\/#\/schema\/logo\/image\/"}}]}},"_links":{"self":[{"href":"https:\/\/www.kroftman.com\/fr-be\/wp-json\/wp\/v2\/product\/6630","targetHints":{"allow":["GET"]}}],"collection":[{"href":"https:\/\/www.kroftman.com\/fr-be\/wp-json\/wp\/v2\/product"}],"about":[{"href":"https:\/\/www.kroftman.com\/fr-be\/wp-json\/wp\/v2\/types\/product"}],"wp:attachment":[{"href":"https:\/\/www.kroftman.com\/fr-be\/wp-json\/wp\/v2\/media?parent=6630"}],"wp:term":[{"taxonomy":"product_brand","embeddable":true,"href":"https:\/\/www.kroftman.com\/fr-be\/wp-json\/wp\/v2\/product_brand?post=6630"},{"taxonomy":"product_cat","embeddable":true,"href":"https:\/\/www.kroftman.com\/fr-be\/wp-json\/wp\/v2\/product_cat?post=6630"},{"taxonomy":"product_tag","embeddable":true,"href":"https:\/\/www.kroftman.com\/fr-be\/wp-json\/wp\/v2\/product_tag?post=6630"}],"curies":[{"name":"wp","href":"https:\/\/api.w.org\/{rel}","templated":true}]}}