{"id":29370,"date":"2019-10-28T12:25:31","date_gmt":"2019-10-28T12:25:31","guid":{"rendered":"https:\/\/www.kroftman.com\/conditions-de-montage\/"},"modified":"2022-05-09T09:19:30","modified_gmt":"2022-05-09T09:19:30","slug":"conditions-de-montage","status":"publish","type":"page","link":"https:\/\/www.kroftman.com\/fr-be\/conditions-de-montage\/","title":{"rendered":"Conditions de montage"},"content":{"rendered":"<div class=\"wpb-content-wrapper\"><p>[vc_row][vc_column][vc_column_text]<\/p>\n<h1>Inspection Conditions<\/h1>\n<p><a href=\"https:\/\/www.kroftman.com\/wp-content\/uploads\/2022\/05\/Kroftman_Infographic_Montage_ENG.pdf\">T\u00e9l\u00e9chargements assembly conditions<\/a><br \/>\n<a href=\"https:\/\/www.kroftman.com\/wp-content\/uploads\/2022\/04\/Kroftman_Infographic_Inspectie_ENG.pdf\">T\u00e9l\u00e9chargements inspection conditions<\/a><\/p>\n<ul>\n<li>The first building inspection is at the expense of Kroftman;<\/li>\n<li>A building inspection is planned on indication, read readiness, of the client;<\/li>\n<li>For the building inspection to be approved the requirements, as stated below, must be met (substrate, work, labor and site facilities) (construction ready);<\/li>\n<li>If the building site, after arrival of the building inspector, still is not found ready by the building inspector or by Kroftman, then it is possible that a re-inspection must take place at the expense of the client;<\/li>\n<li>The costs (\u20ac 500,-) for a re-inspection are for the customer;<\/li>\n<li>Kroftman will only make an assembly appointment after approval of the building inspection;<\/li>\n<li>The assembly appointment will take place at least 4 weeks after the approved building inspection.<\/li>\n<\/ul>\n<p>[\/vc_column_text][vc_column_text]<strong>Substrate:<\/strong><\/p>\n<div>\n<table width=\"100%\">\n<tbody>\n<tr>\n<td>\n<ul>\n<li><strong>Concrete slab: <\/strong><\/li>\n<\/ul>\n<\/td>\n<td>Dimensioned construction drawing page 3.<\/td>\n<\/tr>\n<tr>\n<td>\n<ul>\n<li><strong>Concrete ring:<\/strong><\/li>\n<\/ul>\n<\/td>\n<td>Dimensioned construction drawing page 4.<\/td>\n<\/tr>\n<tr>\n<td>\n<ul>\n<li><strong>All foundations:<\/strong><\/li>\n<\/ul>\n<\/td>\n<td>Unevenness maximum of 5 millimeters.<\/td>\n<\/tr>\n<tr>\n<td>\n<ul>\n<li><strong>All foundations:<\/strong><\/li>\n<\/ul>\n<\/td>\n<td>Gradient maximum of 1 centimeter per meter.<\/td>\n<\/tr>\n<\/tbody>\n<\/table>\n<\/div>\n<p>[\/vc_column_text][vc_column_text]<img loading=\"lazy\" decoding=\"async\" class=\"alignnone size-medium wp-image-183971\" src=\"https:\/\/www.kroftman.com\/wp-content\/uploads\/2021\/12\/1-300x51.png\" alt=\"\" width=\"500\" height=\"51\" \/>[\/vc_column_text][\/vc_column][\/vc_row][vc_row][vc_column width=\u00a0\u00bb2\/3&Prime;][vc_column_text]<strong>Work facilities:<\/strong><\/p>\n<div>\n<table width=\"100%\">\n<tbody>\n<tr>\n<td>\n<ul>\n<li><strong>Construction site:<\/strong><\/li>\n<\/ul>\n<\/td>\n<td>2 times the area of the hall + 2 times the height of the hall<br \/>\nin free movement space.<\/td>\n<\/tr>\n<tr>\n<td>\n<ul>\n<li><strong>Work space:<\/strong><\/li>\n<\/ul>\n<\/td>\n<td>1 meter clear around the hall with a level surface.<\/td>\n<\/tr>\n<tr>\n<td>\n<ul>\n<li><strong>Materials:<\/strong><\/li>\n<\/ul>\n<\/td>\n<td>Unloading area no more than 10 meters away from the<br \/>\nconstruction site.<\/td>\n<\/tr>\n<\/tbody>\n<\/table>\n<\/div>\n<p>[\/vc_column_text][\/vc_column][vc_column width=\u00a0\u00bb1\/3&Prime;][vc_column_text]<img loading=\"lazy\" decoding=\"async\" class=\"alignnone size-medium wp-image-184870\" src=\"https:\/\/www.kroftman.com\/wp-content\/uploads\/2022\/01\/2-229x300.png\" alt=\"\" width=\"130\" height=\"170\" \/>[\/vc_column_text][\/vc_column][\/vc_row][vc_row][vc_column][vc_column_text]<strong>Labor provisions:<\/strong><\/p>\n<div>\n<table width=\"100%\">\n<tbody>\n<tr>\n<td>\n<ul>\n<li><strong>Electricity:<\/strong><\/li>\n<\/ul>\n<\/td>\n<td>16 Amps.<\/td>\n<\/tr>\n<tr>\n<td>\n<ul>\n<li><strong>Sanitary:<\/strong><\/li>\n<\/ul>\n<\/td>\n<td>Toilet, water.<\/td>\n<\/tr>\n<\/tbody>\n<\/table>\n<\/div>\n<p>[\/vc_column_text][vc_column_text]<\/p>\n<h1>Conditions de montage<\/h1>\n<p><strong>Supply &amp; disposal facilities<\/strong><\/p>\n<ul>\n<li>Indicated location for waste.<\/li>\n<li>Indicated location for electricity.<\/li>\n<li>Indicated location for unloading.<\/li>\n<li>Indicated location for rental equipment.<\/li>\n<\/ul>\n<p>Kroftman ne se rend pas sur les chantiers avant le d\u00e9but des travaux d&rsquo;assemblage. Pour cette raison, il est important que les r\u00e8gles du jeu soient claires afin d&rsquo;\u00e9viter des retards ou des co\u00fbts suppl\u00e9mentaires. Lorsqu\u2019un produit Kroftman (hangar, tente ou abri) est assembl\u00e9 par une \u00e9quipe de montage Kroftman, ce sont les r\u00e8gles suivantes qui s&rsquo;appliquent, sauf accord explicite contraire\u00a0:<\/p>\n<p><strong>Article 1 : G\u00e9n\u00e9ralit\u00e9s<\/strong><\/p>\n<ol>\n<li>Kroftman n&rsquo;acceptera d\u00e9finitivement une commande qu&rsquo;une fois que le Client aura envoy\u00e9 l&rsquo;esquisse de la situation et des photos d\u00e9taill\u00e9es de l\u2019emplacement de d\u00e9chargement et de construction ; sur la base de ces documents, Kroftman pourra d\u00e9duire que toutes les conditions \u00e9nonc\u00e9es ci-dessous sont remplies. Ces photos doivent \u00eatre soumises au moins 5 jours ouvrables avant la date du montage. Les d\u00e9fauts \u00e9ventuels doivent \u00eatre r\u00e9par\u00e9s, de mani\u00e8re d\u00e9montrable, avant que le montage ne puisse avoir lieu.<\/li>\n<li>Le Client fera en sorte de disposer d\u2019un chariot \u00e9l\u00e9vateur \u00e0 fourche (d\u2019une capacit\u00e9 de levage de 1500 kg) et d\u2019un chauffeur sur le lieu du d\u00e9chargement, \u00e0 la date et \u00e0 l\u2019heure convenues, pour que les marchandises puissent \u00eatre directement d\u00e9charg\u00e9es.<\/li>\n<li>\u00c0 la fin de la derni\u00e8re journ\u00e9e de montage, un employ\u00e9 habilit\u00e9 du Client sera pr\u00e9sent pour la r\u00e9ception d\u00e9finitive et le paiement (final) \u00e9ventuel.<\/li>\n<li>Le paiement (final) doit \u00eatre effectu\u00e9 par virement bancaire le dernier jour du montage. L\u2019attestation de virement bancaire doit \u00eatre remise au responsable de montage Kroftman sur le chantier avant qu&rsquo;il ne quitte celui-ci. Le Client devient propri\u00e9taire apr\u00e8s avoir sign\u00e9 le formulaire de r\u00e9ception d\u00e9finitive et r\u00e9alis\u00e9 le paiement complet. Le Client sera ensuite en droit d&rsquo;utiliser le produit.<\/li>\n<li>Les d\u00e9chets de montage et les mat\u00e9riaux d&#8217;emballage sont soigneusement collect\u00e9s et empil\u00e9s par l&rsquo;\u00e9quipe de montage pour qu\u2019ils puissent \u00eatre \u00e9vacu\u00e9s par le Client.<\/li>\n<li>En cas de temp\u00eate ou de temp\u00e9rature nocturne inf\u00e9rieure \u00e0 5\u02daC, Kroftman n&rsquo;installera pas le produit et fixera une nouvelle date pour le montage.<\/li>\n<li>Le Client est responsable de tous les permis et documents n\u00e9cessaires tels qu&rsquo;un permis de construire ou des calculs de r\u00e9sistance li\u00e9s au site.<\/li>\n<li>La pente des goutti\u00e8res suit toujours la pente du terrain.<\/li>\n<li>Apr\u00e8s l&rsquo;ach\u00e8vement des travaux, il incombera au Client de s&rsquo;assurer que les tendeurs et les c\u00e2bles de tension des b\u00e2ches de tente soient suffisamment tendus. Une tension insuffisante entra\u00eene une usure excessive et l\u2019annulation de la garantie.<\/li>\n<\/ol>\n<p><strong>Article 2 : Zone de d\u00e9chargement<\/strong><\/p>\n<ol>\n<li>Quelles que soient les conditions climatiques, la zone de d\u00e9chargement doit \u00eatre facilement accessible pour les camions d&rsquo;une capacit\u00e9 maximale de 46 tonnes. Dimensions : 22,5 m x 3 m x 4,5 m (lo x la x h) et garde au sol maximale de 0,3 m.<\/li>\n<li>La zone de d\u00e9chargement ne doit pas \u00eatre \u00e9loign\u00e9e de plus de 10 m\u00e8tres du chantier.<\/li>\n<li>La zone de d\u00e9chargement et le chemin menant au chantier doivent \u00eatre d\u2019un acc\u00e8s facile pour un chariot \u00e9l\u00e9vateur \u00e0 fourche ou un chariot \u00e9l\u00e9vateur embarqu\u00e9, quel que soit le temps.<\/li>\n<li>La zone de d\u00e9chargement doit \u00eatre accessible au moment convenu de la livraison et sera prot\u00e9g\u00e9e\/ferm\u00e9e de mani\u00e8re ad\u00e9quate par le Client.<\/li>\n<\/ol>\n<p><strong>Article 3 : Chantier<\/strong><\/p>\n<ol>\n<li>Une zone de travail d&rsquo;au moins 1 m\u00e8tre doit \u00eatre maintenue autour du chantier.<\/li>\n<li>Le chantier et l&rsquo;espace de travail libre autour de celui-ci doivent \u00eatre facilement accessibles et praticables pour des v\u00e9hicules utilitaires l\u00e9gers, chariots \u00e9l\u00e9vateurs, \u00e9chafaudages mobiles, nacelles \u00e9l\u00e9vatrices et chariots t\u00e9lescopiques, quelles que soient les conditions climatiques.<\/li>\n<li>Une alimentation 220 V (16 A) doit \u00eatre disponible \u00e0 moins de 10 m du chantier.<\/li>\n<li>Les monteurs de Kroftman doivent pouvoir acc\u00e9der au chantier de 8h00 \u00e0 17h00 pendant les jours ouvrables.<\/li>\n<li>Les monteurs de Kroftman doivent avoir acc\u00e8s aux installations sanitaires.<\/li>\n<\/ol>\n<p><strong>Article 4 : Conditions compl\u00e9mentaires relatives aux hangars Kroftman<\/strong><\/p>\n<p><span style=\"text-decoration: underline;\">Pour l&rsquo;installation avec des ancres \u00e0 b\u00e9ton sur une fondation en b\u00e9ton<\/span><\/p>\n<ol>\n<li>Les fondations en b\u00e9ton des hangars (fondations en bandes ou dalles de b\u00e9ton) doivent \u00eatre r\u00e9alis\u00e9es conform\u00e9ment aux dimensions de surface indiqu\u00e9es dans les plans de construction de Kroftman.<\/li>\n<li>Le Client est responsable de la construction ad\u00e9quate des fondations et \u00e9ventuels planchers de b\u00e9ton, conform\u00e9ment \u00e0 la l\u00e9gislation locale, \u00e0 l&rsquo;utilisation pr\u00e9vue et aux calculs de r\u00e9sistance g\u00e9n\u00e9raux relatifs aux hangars Kroftman.<\/li>\n<li>La surface de b\u00e9ton doit \u00eatre horizontale, plane et durcie. En cas d&rsquo;irr\u00e9gularit\u00e9s sup\u00e9rieures \u00e0 5 mm ou plus profondes que 5 mm, nous ne pouvons pas garantir des raccords \u00e9tanches.<\/li>\n<\/ol>\n<p><span style=\"text-decoration: underline;\">Pour l\u2019installation avec des ancres \u00e0 b\u00e9ton sur des dalles de b\u00e9ton pr\u00e9fabriqu\u00e9es<\/span><\/p>\n<ol>\n<li>La surface de b\u00e9ton doit \u00eatre plus grande que les dimensions de surface du hangar selon les plans de construction de Kroftman.<\/li>\n<li>Le Client est responsable de la construction correcte (\u00e9paisseur du sous-sol et des dalles) de l&rsquo;ouvrage de b\u00e9ton pr\u00e9fabriqu\u00e9 conform\u00e9ment \u00e0 la l\u00e9gislation locale, \u00e0 l&rsquo;utilisation pr\u00e9vue et aux calculs de r\u00e9sistance g\u00e9n\u00e9raux relatifs aux hangars Kroftman.<\/li>\n<li>La surface de montage doit \u00eatre plane (in\u00e9galit\u00e9s maximales 5 mm de hauteur\/profondeur) avec une pente maximale de 1 cm\/m<sup>1<\/sup> dans une direction. Les surfaces concaves, convexes ou torsad\u00e9es ne sont pas autoris\u00e9es. Du fait des joints de dalle, nous ne pouvons pas r\u00e9aliser des raccords \u00e9tanches.<\/li>\n<\/ol>\n<p><span style=\"text-decoration: underline;\">Pour l\u2019installation avec des piquets de terre<\/span><\/p>\n<ol>\n<li>L&rsquo;installation avec des piquets de terre n&rsquo;est permise que pour des applications temporaires sur un pavage (pav\u00e9s, asphalte) o\u00f9 le sol sous-jacent est compos\u00e9 de sable submerg\u00e9, de gravier ou de d\u00e9bris. Les dalles sont pr\u00e9perc\u00e9es (diam\u00e8tre 30 mm).<\/li>\n<li>La surface de montage doit \u00eatre plane (in\u00e9galit\u00e9s maximales 5 mm de hauteur\/profondeur) avec une pente maximale de 1 cm\/m<sup>1<\/sup> dans une direction. Les surfaces concaves, convexes ou torsad\u00e9es ne sont pas autoris\u00e9es. Nous ne pouvons pas r\u00e9aliser de raccords \u00e9tanches.<\/li>\n<\/ol>\n<p>[\/vc_column_text][\/vc_column][\/vc_row][vc_column]<div class=\"porto-block\" data-id=\"285966\"><style>.vc_custom_1571382867772{padding-top: 10px !important;padding-bottom: 10px !important;background-color: #ffffff !important;}<\/style>[vc_row full_width=\"stretch_row\" wrap_container=\"yes\" css=\".vc_custom_1571382867772{padding-top: 10px !important;padding-bottom: 10px !important;background-color: #ffffff !important;}\"][vc_column width=\"1\/4\"][vc_column_text]<span style=\"color: #002b7f; font-family: roboto condensed; font-size: 18px;\"><img loading=\"lazy\" decoding=\"async\" class=\"alignleft wp-image-29659\" src=\"https:\/\/www.kroftman.com\/wp-content\/uploads\/2019\/11\/Schild-01.png\" alt=\"\" width=\"26\" height=\"30\" \/>Site\r\ns\u00e9curis\u00e9\r\n<\/span>[\/vc_column_text][\/vc_column][vc_column width=\"1\/4\"][vc_column_text]<span style=\"color: #002b7f; font-family: roboto condensed; font-size: 18px;\"><img loading=\"lazy\" decoding=\"async\" class=\"alignleft wp-image-29692\" src=\"https:\/\/www.kroftman.com\/wp-content\/uploads\/2019\/11\/EU-01.png\" alt=\"\" width=\"30\" height=\"30\" \/>Conform\u00e9ment \u00e0\r\nl'Eurocode<\/span>[\/vc_column_text][\/vc_column][vc_column width=\"1\/4\"][vc_column_text]<span style=\"color: #002b7f; font-family: roboto condensed; font-size: 18px;\"><img loading=\"lazy\" decoding=\"async\" class=\"alignleft wp-image-19308\" src=\"https:\/\/www.kroftman.com\/wp-content\/uploads\/2019\/09\/Veilig-afrekenen-01.png\" alt=\"\" width=\"46\" height=\"30\" \/>Paiement\r\ns\u00e9curis\u00e9<\/span>[\/vc_column_text][\/vc_column][vc_column width=\"1\/4\"][vc_column_text]\r\n\r\n<span style=\"color: #002b7f; font-family: roboto condensed; font-size: 18px;\"><img loading=\"lazy\" decoding=\"async\" class=\"alignleft wp-image-3248\" src=\"https:\/\/www.kroftman.com\/wp-content\/uploads\/2019\/06\/pin-01.png\" alt=\"\" width=\"24\" height=\"30\" \/>Plus de 12 800\r\nprojets dans le monde<\/span>\r\n\r\n[\/vc_column_text][\/vc_column][\/vc_row]<\/div>[\/vc_column]<\/p>\n<\/div>","protected":false},"excerpt":{"rendered":"<p>[vc_row][vc_column][vc_column_text] Inspection Conditions T\u00e9l\u00e9chargements assembly conditions T\u00e9l\u00e9chargements inspection conditions The first building inspection is at the expense of Kroftman; A building inspection is planned on indication, read readiness, of the client; For the building inspection to be approved the requirements, as stated below, must be met (substrate, work, labor and site facilities) (construction ready); If [&hellip;]<\/p>\n","protected":false},"author":1,"featured_media":0,"parent":0,"menu_order":0,"comment_status":"closed","ping_status":"closed","template":"","meta":{"_acf_changed":false,"content-type":"","inline_featured_image":false,"footnotes":""},"class_list":["post-29370","page","type-page","status-publish","hentry"],"acf":[],"yoast_head":"<!-- This site is optimized with the Yoast SEO plugin v27.1.1 - https:\/\/yoast.com\/product\/yoast-seo-wordpress\/ -->\n<title>Conditions de montage | Kroftman<\/title>\n<meta name=\"robots\" content=\"index, follow, max-snippet:-1, max-image-preview:large, max-video-preview:-1\" \/>\n<link rel=\"canonical\" href=\"https:\/\/www.kroftman.com\/en-eu\/assembly-conditions\/\" \/>\n<meta property=\"og:locale\" content=\"fr_FR\" \/>\n<meta property=\"og:type\" content=\"article\" \/>\n<meta property=\"og:title\" content=\"Conditions de montage | Kroftman\" \/>\n<meta property=\"og:description\" content=\"[vc_row][vc_column][vc_column_text] Inspection Conditions T\u00e9l\u00e9chargements assembly conditions T\u00e9l\u00e9chargements inspection conditions The first building inspection is at the expense of Kroftman; A building inspection is planned on indication, read readiness, of the client; For the building inspection to be approved the requirements, as stated below, must be met (substrate, work, labor and site facilities) (construction ready); If [&hellip;]\" \/>\n<meta property=\"og:url\" content=\"https:\/\/www.kroftman.com\/en-eu\/assembly-conditions\/\" \/>\n<meta property=\"og:site_name\" content=\"Kroftman\" \/>\n<meta property=\"article:modified_time\" content=\"2022-05-09T09:19:30+00:00\" \/>\n<meta property=\"og:image\" content=\"https:\/\/www.kroftman.com\/wp-content\/uploads\/2021\/12\/1-300x51.png\" \/>\n<meta name=\"twitter:card\" content=\"summary_large_image\" \/>\n<meta name=\"twitter:label1\" content=\"Dur\u00e9e de lecture est.\" \/>\n\t<meta name=\"twitter:data1\" content=\"7 minutes\" \/>\n<script type=\"application\/ld+json\" class=\"yoast-schema-graph\">{\"@context\":\"https:\/\/schema.org\",\"@graph\":[{\"@type\":\"WebPage\",\"@id\":\"https:\/\/www.kroftman.com\/en-eu\/assembly-conditions\/\",\"url\":\"https:\/\/www.kroftman.com\/en-eu\/assembly-conditions\/\",\"name\":\"Conditions de montage | Kroftman\",\"isPartOf\":{\"@id\":\"https:\/\/www.kroftman.com\/en-eu\/#website\"},\"primaryImageOfPage\":{\"@id\":\"https:\/\/www.kroftman.com\/en-eu\/assembly-conditions\/#primaryimage\"},\"image\":{\"@id\":\"https:\/\/www.kroftman.com\/en-eu\/assembly-conditions\/#primaryimage\"},\"thumbnailUrl\":\"https:\/\/www.kroftman.com\/wp-content\/uploads\/2021\/12\/1-300x51.png\",\"datePublished\":\"2019-10-28T12:25:31+00:00\",\"dateModified\":\"2022-05-09T09:19:30+00:00\",\"breadcrumb\":{\"@id\":\"https:\/\/www.kroftman.com\/en-eu\/assembly-conditions\/#breadcrumb\"},\"inLanguage\":\"fr-BE\",\"potentialAction\":[{\"@type\":\"ReadAction\",\"target\":[\"https:\/\/www.kroftman.com\/en-eu\/assembly-conditions\/\"]}]},{\"@type\":\"ImageObject\",\"inLanguage\":\"fr-BE\",\"@id\":\"https:\/\/www.kroftman.com\/en-eu\/assembly-conditions\/#primaryimage\",\"url\":\"https:\/\/www.kroftman.com\/wp-content\/uploads\/2021\/12\/1-300x51.png\",\"contentUrl\":\"https:\/\/www.kroftman.com\/wp-content\/uploads\/2021\/12\/1-300x51.png\"},{\"@type\":\"BreadcrumbList\",\"@id\":\"https:\/\/www.kroftman.com\/en-eu\/assembly-conditions\/#breadcrumb\",\"itemListElement\":[{\"@type\":\"ListItem\",\"position\":1,\"name\":\"Home\",\"item\":\"https:\/\/www.kroftman.com\/fr-be\/\"},{\"@type\":\"ListItem\",\"position\":2,\"name\":\"Conditions de montage\"}]},{\"@type\":\"WebSite\",\"@id\":\"https:\/\/www.kroftman.com\/en-eu\/#website\",\"url\":\"https:\/\/www.kroftman.com\/en-eu\/\",\"name\":\"Kroftman\",\"description\":\"\",\"publisher\":{\"@id\":\"https:\/\/www.kroftman.com\/en-eu\/#organization\"},\"potentialAction\":[{\"@type\":\"SearchAction\",\"target\":{\"@type\":\"EntryPoint\",\"urlTemplate\":\"https:\/\/www.kroftman.com\/en-eu\/?s={search_term_string}\"},\"query-input\":{\"@type\":\"PropertyValueSpecification\",\"valueRequired\":true,\"valueName\":\"search_term_string\"}}],\"inLanguage\":\"fr-BE\"},{\"@type\":\"Organization\",\"@id\":\"https:\/\/www.kroftman.com\/en-eu\/#organization\",\"name\":\"Kroftman\",\"url\":\"https:\/\/www.kroftman.com\/en-eu\/\",\"logo\":{\"@type\":\"ImageObject\",\"inLanguage\":\"fr-BE\",\"@id\":\"https:\/\/www.kroftman.com\/en-eu\/#\/schema\/logo\/image\/\",\"url\":\"https:\/\/www.kroftman.com\/wp-content\/uploads\/2019\/05\/kroftman_new_logo_rgb.jpg\",\"contentUrl\":\"https:\/\/www.kroftman.com\/wp-content\/uploads\/2019\/05\/kroftman_new_logo_rgb.jpg\",\"width\":2000,\"height\":402,\"caption\":\"Kroftman\"},\"image\":{\"@id\":\"https:\/\/www.kroftman.com\/en-eu\/#\/schema\/logo\/image\/\"}}]}<\/script>\n<!-- \/ Yoast SEO plugin. -->","yoast_head_json":{"title":"Conditions de montage | Kroftman","robots":{"index":"index","follow":"follow","max-snippet":"max-snippet:-1","max-image-preview":"max-image-preview:large","max-video-preview":"max-video-preview:-1"},"canonical":"https:\/\/www.kroftman.com\/en-eu\/assembly-conditions\/","og_locale":"fr_FR","og_type":"article","og_title":"Conditions de montage | Kroftman","og_description":"[vc_row][vc_column][vc_column_text] Inspection Conditions T\u00e9l\u00e9chargements assembly conditions T\u00e9l\u00e9chargements inspection conditions The first building inspection is at the expense of Kroftman; A building inspection is planned on indication, read readiness, of the client; For the building inspection to be approved the requirements, as stated below, must be met (substrate, work, labor and site facilities) (construction ready); If [&hellip;]","og_url":"https:\/\/www.kroftman.com\/en-eu\/assembly-conditions\/","og_site_name":"Kroftman","article_modified_time":"2022-05-09T09:19:30+00:00","og_image":[{"url":"https:\/\/www.kroftman.com\/wp-content\/uploads\/2021\/12\/1-300x51.png","type":"","width":"","height":""}],"twitter_card":"summary_large_image","twitter_misc":{"Dur\u00e9e de lecture est.":"7 minutes"},"schema":{"@context":"https:\/\/schema.org","@graph":[{"@type":"WebPage","@id":"https:\/\/www.kroftman.com\/en-eu\/assembly-conditions\/","url":"https:\/\/www.kroftman.com\/en-eu\/assembly-conditions\/","name":"Conditions de montage | Kroftman","isPartOf":{"@id":"https:\/\/www.kroftman.com\/en-eu\/#website"},"primaryImageOfPage":{"@id":"https:\/\/www.kroftman.com\/en-eu\/assembly-conditions\/#primaryimage"},"image":{"@id":"https:\/\/www.kroftman.com\/en-eu\/assembly-conditions\/#primaryimage"},"thumbnailUrl":"https:\/\/www.kroftman.com\/wp-content\/uploads\/2021\/12\/1-300x51.png","datePublished":"2019-10-28T12:25:31+00:00","dateModified":"2022-05-09T09:19:30+00:00","breadcrumb":{"@id":"https:\/\/www.kroftman.com\/en-eu\/assembly-conditions\/#breadcrumb"},"inLanguage":"fr-BE","potentialAction":[{"@type":"ReadAction","target":["https:\/\/www.kroftman.com\/en-eu\/assembly-conditions\/"]}]},{"@type":"ImageObject","inLanguage":"fr-BE","@id":"https:\/\/www.kroftman.com\/en-eu\/assembly-conditions\/#primaryimage","url":"https:\/\/www.kroftman.com\/wp-content\/uploads\/2021\/12\/1-300x51.png","contentUrl":"https:\/\/www.kroftman.com\/wp-content\/uploads\/2021\/12\/1-300x51.png"},{"@type":"BreadcrumbList","@id":"https:\/\/www.kroftman.com\/en-eu\/assembly-conditions\/#breadcrumb","itemListElement":[{"@type":"ListItem","position":1,"name":"Home","item":"https:\/\/www.kroftman.com\/fr-be\/"},{"@type":"ListItem","position":2,"name":"Conditions de montage"}]},{"@type":"WebSite","@id":"https:\/\/www.kroftman.com\/en-eu\/#website","url":"https:\/\/www.kroftman.com\/en-eu\/","name":"Kroftman","description":"","publisher":{"@id":"https:\/\/www.kroftman.com\/en-eu\/#organization"},"potentialAction":[{"@type":"SearchAction","target":{"@type":"EntryPoint","urlTemplate":"https:\/\/www.kroftman.com\/en-eu\/?s={search_term_string}"},"query-input":{"@type":"PropertyValueSpecification","valueRequired":true,"valueName":"search_term_string"}}],"inLanguage":"fr-BE"},{"@type":"Organization","@id":"https:\/\/www.kroftman.com\/en-eu\/#organization","name":"Kroftman","url":"https:\/\/www.kroftman.com\/en-eu\/","logo":{"@type":"ImageObject","inLanguage":"fr-BE","@id":"https:\/\/www.kroftman.com\/en-eu\/#\/schema\/logo\/image\/","url":"https:\/\/www.kroftman.com\/wp-content\/uploads\/2019\/05\/kroftman_new_logo_rgb.jpg","contentUrl":"https:\/\/www.kroftman.com\/wp-content\/uploads\/2019\/05\/kroftman_new_logo_rgb.jpg","width":2000,"height":402,"caption":"Kroftman"},"image":{"@id":"https:\/\/www.kroftman.com\/en-eu\/#\/schema\/logo\/image\/"}}]}},"_links":{"self":[{"href":"https:\/\/www.kroftman.com\/fr-be\/wp-json\/wp\/v2\/pages\/29370","targetHints":{"allow":["GET"]}}],"collection":[{"href":"https:\/\/www.kroftman.com\/fr-be\/wp-json\/wp\/v2\/pages"}],"about":[{"href":"https:\/\/www.kroftman.com\/fr-be\/wp-json\/wp\/v2\/types\/page"}],"author":[{"embeddable":true,"href":"https:\/\/www.kroftman.com\/fr-be\/wp-json\/wp\/v2\/users\/1"}],"replies":[{"embeddable":true,"href":"https:\/\/www.kroftman.com\/fr-be\/wp-json\/wp\/v2\/comments?post=29370"}],"version-history":[{"count":0,"href":"https:\/\/www.kroftman.com\/fr-be\/wp-json\/wp\/v2\/pages\/29370\/revisions"}],"wp:attachment":[{"href":"https:\/\/www.kroftman.com\/fr-be\/wp-json\/wp\/v2\/media?parent=29370"}],"curies":[{"name":"wp","href":"https:\/\/api.w.org\/{rel}","templated":true}]}}