{"id":22138,"date":"2019-09-23T07:08:00","date_gmt":"2019-09-23T07:08:00","guid":{"rendered":"https:\/\/www.kroftman.com\/service-clientele\/formulaire-de-reclamation-de-garantie\/"},"modified":"2019-11-06T14:46:52","modified_gmt":"2019-11-06T14:46:52","slug":"formulaire-de-reclamation-de-garantie","status":"publish","type":"page","link":"https:\/\/www.kroftman.com\/fr-be\/service-clientele\/formulaire-de-reclamation-de-garantie\/","title":{"rendered":"Formulaire de r\u00e9clamation de garantie"},"content":{"rendered":"<div class=\"wpb-content-wrapper\"><p>[vc_row css=\u00a0\u00bb.vc_custom_1571048159355{margin-top: 10px !important;margin-bottom: 30px !important;}\u00a0\u00bb][vc_column]\n<div class=\"wpcf7 no-js\" id=\"wpcf7-f2703-o1\" lang=\"nl-NL\" dir=\"ltr\" data-wpcf7-id=\"2703\">\n<div class=\"screen-reader-response\"><p role=\"status\" aria-live=\"polite\" aria-atomic=\"true\"><\/p> <ul><\/ul><\/div>\n<form action=\"\/fr-be\/wp-json\/wp\/v2\/pages\/22138#wpcf7-f2703-o1\" method=\"post\" class=\"wpcf7-form init\" aria-label=\"Contactformulier\" novalidate=\"novalidate\" data-status=\"init\">\n<fieldset class=\"hidden-fields-container\"><input type=\"hidden\" name=\"_wpcf7\" value=\"2703\" \/><input type=\"hidden\" name=\"_wpcf7_version\" value=\"6.1.5\" \/><input type=\"hidden\" name=\"_wpcf7_locale\" value=\"nl_NL\" \/><input type=\"hidden\" name=\"_wpcf7_unit_tag\" value=\"wpcf7-f2703-o1\" \/><input type=\"hidden\" name=\"_wpcf7_container_post\" value=\"0\" \/><input type=\"hidden\" name=\"_wpcf7_posted_data_hash\" value=\"\" \/><input type=\"hidden\" name=\"_wpcf7_recaptcha_response\" value=\"\" \/>\n<\/fieldset>\n<input class=\"wpcf7-form-control wpcf7-hidden\" value=\"Garantieformulier FR\" type=\"hidden\" name=\"form_title\" \/>\n<div class=\"form-row\">\n<div class=\"column-half\">\n<label> Num\u00e9ro de client *\n    <span class=\"wpcf7-form-control-wrap\" data-name=\"klantnr\"><input size=\"40\" maxlength=\"400\" class=\"wpcf7-form-control wpcf7-text wpcf7-validates-as-required\" aria-required=\"true\" aria-invalid=\"false\" value=\"\" type=\"text\" name=\"klantnr\" \/><\/span> <\/label>\n<\/div>\n<div class=\"column-half\">\n<label> Nom de la soci\u00e9t\u00e9 *\n    <span class=\"wpcf7-form-control-wrap\" data-name=\"bedrijf\"><input size=\"40\" maxlength=\"400\" class=\"wpcf7-form-control wpcf7-text wpcf7-validates-as-required\" aria-required=\"true\" aria-invalid=\"false\" value=\"\" type=\"text\" name=\"bedrijf\" \/><\/span> <\/label>\n<\/div>\n<\/div>\n\n<div class=\"form-row\">\n<div class=\"column-half\">\n    <span class=\"wpcf7-form-control-wrap\" data-name=\"aanhef\"><span class=\"wpcf7-form-control wpcf7-radio\"><span class=\"wpcf7-list-item first\"><input type=\"radio\" name=\"aanhef\" value=\"M.\" checked=\"checked\" \/><span class=\"wpcf7-list-item-label\">M.<\/span><\/span><span class=\"wpcf7-list-item last\"><input type=\"radio\" name=\"aanhef\" value=\"Mme\" \/><span class=\"wpcf7-list-item-label\">Mme<\/span><\/span><\/span><\/span>\n<\/div>\n<\/div>\n\n<div class=\"form-row\">\n<div class=\"column-half\">\n<label> Nom *\n    <span class=\"wpcf7-form-control-wrap\" data-name=\"naam\"><input size=\"40\" maxlength=\"400\" class=\"wpcf7-form-control wpcf7-text wpcf7-validates-as-required\" aria-required=\"true\" aria-invalid=\"false\" value=\"\" type=\"text\" name=\"naam\" \/><\/span> <\/label>\n<\/div>\n<div class=\"column-half\">\n<label> Addresse e-mail *\n    <span class=\"wpcf7-form-control-wrap\" data-name=\"email\"><input size=\"40\" maxlength=\"400\" class=\"wpcf7-form-control wpcf7-email wpcf7-validates-as-required wpcf7-text wpcf7-validates-as-email\" aria-required=\"true\" aria-invalid=\"false\" value=\"\" type=\"email\" name=\"email\" \/><\/span> <\/label>\n<\/div>\n<\/div>\n\n<div class=\"form-row\">\n<div class=\"column-half\">\n<label> Num\u00e9ro de t\u00e9l\u00e9phone *\n    <span class=\"wpcf7-form-control-wrap\" data-name=\"telefoon\"><input size=\"40\" maxlength=\"400\" class=\"wpcf7-form-control wpcf7-text wpcf7-validates-as-required\" aria-required=\"true\" aria-invalid=\"false\" value=\"\" type=\"text\" name=\"telefoon\" \/><\/span> <\/label>\n<\/div>\n<div class=\"column-half\">\n<label> Produit *\n    <span class=\"wpcf7-form-control-wrap\" data-name=\"product\"><select class=\"wpcf7-form-control wpcf7-select wpcf7-validates-as-required\" aria-required=\"true\" aria-invalid=\"false\" name=\"product\"><option value=\"\">&#8212;Kies een optie&#8212;<\/option><option value=\"Hangar de stockage E500\">Hangar de stockage E500<\/option><option value=\"Hangar de stockage H600\">Hangar de stockage H600<\/option><option value=\"Hangar de stockage H700\">Hangar de stockage H700<\/option><option value=\"Hangar de stockage H800\">Hangar de stockage H800<\/option><option value=\"Hangar de stockage H900\">Hangar de stockage H900<\/option><option value=\"Hangar de stockage H1000\">Hangar de stockage H1000<\/option><option value=\"Hangar de stockage H1100\">Hangar de stockage H1100<\/option><option value=\"Hangar de stockage H1200\">Hangar de stockage H1200<\/option><option value=\"Abri sur containers TC400\">Abri sur containers TC400<\/option><option value=\"Abri sur containers TC600\">Abri sur containers TC600<\/option><option value=\"Abri sur containers TC800\">Abri sur containers TC800<\/option><option value=\"Abri sur containers TC1012\">Abri sur containers TC1012<\/option><option value=\"Tente de stockage T500\">Tente de stockage T500<\/option><option value=\"Tente de stockage T825\">Tente de stockage T825<\/option><option value=\"Tente de stockage T900\">Tente de stockage T900<\/option><option value=\"Tente de stockage T1220\">Tente de stockage T1220<\/option><option value=\"Chapiteau de stockage WT600\">Chapiteau de stockage WT600<\/option><\/select><\/span> <\/label>\n<\/div>\n<\/div>\n\n<div class=\"form-row\">\n<div class=\"column-half\">\n<label> Date de l'achat *\n    <span class=\"wpcf7-form-control-wrap\" data-name=\"aankoopdatum\"><input size=\"40\" maxlength=\"400\" class=\"wpcf7-form-control wpcf7-text wpcf7-validates-as-required\" aria-required=\"true\" aria-invalid=\"false\" value=\"\" type=\"text\" name=\"aankoopdatum\" \/><\/span>  <\/label>\n<\/div>\n<div class=\"column-half\">\n<label> Num\u00e9ro de facture *\n    <span class=\"wpcf7-form-control-wrap\" data-name=\"factuurnr\"><input size=\"40\" maxlength=\"400\" class=\"wpcf7-form-control wpcf7-text wpcf7-validates-as-required\" aria-required=\"true\" aria-invalid=\"false\" value=\"\" type=\"text\" name=\"factuurnr\" \/><\/span> <\/label>\n<\/div>\n<\/div>\n\n<div class=\"form-row\">\n<div class=\"column-half\">\n<label>Adresse\/emplacement du produit *\n    <span class=\"wpcf7-form-control-wrap\" data-name=\"productlocatie\"><textarea cols=\"40\" rows=\"10\" maxlength=\"2000\" class=\"wpcf7-form-control wpcf7-textarea wpcf7-validates-as-required smalltextarea\" aria-required=\"true\" aria-invalid=\"false\" name=\"productlocatie\"><\/textarea><\/span> <\/label>\n<\/div>\n<div class=\"column-half\">\n<label>Date d'occurrence du dommage *\n    <span class=\"wpcf7-form-control-wrap\" data-name=\"datum-schade\"><input size=\"40\" maxlength=\"400\" class=\"wpcf7-form-control wpcf7-text wpcf7-validates-as-required\" aria-required=\"true\" aria-invalid=\"false\" value=\"\" type=\"text\" name=\"datum-schade\" \/><\/span>  <\/label>\n<\/div>\n<\/div>\n\n<div class=\"form-row\">\n<div class=\"column-full\">\n<label>Description du dommage *\n    <span class=\"wpcf7-form-control-wrap\" data-name=\"beschrijving-schade\"><textarea cols=\"40\" rows=\"10\" maxlength=\"2000\" class=\"wpcf7-form-control wpcf7-textarea wpcf7-validates-as-required\" aria-required=\"true\" aria-invalid=\"false\" name=\"beschrijving-schade\"><\/textarea><\/span> <\/label>\n<\/div>\n<\/div>\n\n<div class=\"form-row\">\n<div class=\"column-full\">\n<label>Description de la mani\u00e8re dont s'est produit le dommage *\n    <span class=\"wpcf7-form-control-wrap\" data-name=\"beschrijving-ontstaan-schade\"><textarea cols=\"40\" rows=\"10\" maxlength=\"2000\" class=\"wpcf7-form-control wpcf7-textarea wpcf7-validates-as-required\" aria-required=\"true\" aria-invalid=\"false\" name=\"beschrijving-ontstaan-schade\"><\/textarea><\/span> <\/label>\n<\/div>\n<\/div>\n\n<div class=\"form-row\">\n<div class=\"column-full\">\n<label>T\u00e9l\u00e9chargez les photos du dommage (max. 3 MB par photo). Au cas o\u00f9 vous auriez besoin de t\u00e9l\u00e9charger plusieurs photos, veuillez les s\u00e9lectionner simultan\u00e9ment: *\n     <span class=\"wpcf7-form-control-wrap\" data-name=\"fotos-schade\"><input size=\"40\" class=\"wpcf7-form-control wpcf7-drag-n-drop-file d-none\" aria-required=\"true\" aria-invalid=\"false\" type=\"file\" multiple=\"multiple\" data-name=\"fotos-schade\" data-type=\"jpeg|png|jpg|gif\" data-min=\"1\" data-max=\"6\" data-id=\"2703\" data-version=\"free version 1.3.9.6\" accept=\".jpeg, .png, .jpg, .gif\" data-black-list=\"exe|bat|com|php|html|js\" \/><\/span>\n<\/label>   \n<\/div>\n<\/div>\n<div class=\"form-row\">\n<div class=\"column-full\">\n<label>T\u00e9l\u00e9chargez les photos des alentours du produit (max. 3 MB par photo). Au cas o\u00f9 vous auriez besoin de t\u00e9l\u00e9charger plusieurs photos, veuillez les s\u00e9lectionner simultan\u00e9ment:\n   <span class=\"wpcf7-form-control-wrap\" data-name=\"fotos-omgeving\"><input size=\"40\" class=\"wpcf7-form-control wpcf7-drag-n-drop-file d-none\" aria-required=\"true\" aria-invalid=\"false\" type=\"file\" multiple=\"multiple\" data-name=\"fotos-omgeving\" data-type=\"jpeg|png|jpg|gif\" data-min=\"1\" data-max=\"6\" data-id=\"2703\" data-version=\"free version 1.3.9.6\" accept=\".jpeg, .png, .jpg, .gif\" data-black-list=\"exe|bat|com|php|html|js\" \/><\/span>\n<\/label>\n   \n<\/div>\n\n<\/div>\n\n<div class=\"form-row\">\n<div class=\"column-full\">\n<label>Remarques:\n    <span class=\"wpcf7-form-control-wrap\" data-name=\"opmerkingen\"><textarea cols=\"40\" rows=\"10\" maxlength=\"2000\" class=\"wpcf7-form-control wpcf7-textarea\" aria-invalid=\"false\" name=\"opmerkingen\"><\/textarea><\/span> <\/label>\n<\/div>\n<\/div>\n<div class=\"form-row\">\n<div class=\"column-full submit-div\">\n<input class=\"wpcf7-form-control wpcf7-submit has-spinner\" type=\"submit\" value=\"Envoyez\" \/>\n<\/div>\n<\/div><div class=\"wpcf7-response-output\" aria-hidden=\"true\"><\/div>\n<\/form>\n<\/div>\n[\/vc_column][\/vc_row][vc_row][vc_column]<div class=\"porto-block\" data-id=\"285616\"><style>.vc_custom_1571382867772{padding-top: 10px !important;padding-bottom: 10px !important;background-color: #ffffff !important;}.wpb_custom_1efe903570d178ff0a9b7bfa5febd3a4.porto-sicon-mobile{--porto-infobox-mpos-align: center;}<\/style>[vc_row full_width=\"stretch_row\" wrap_container=\"yes\" css=\".vc_custom_1571382867772{padding-top: 10px !important;padding-bottom: 10px !important;background-color: #ffffff !important;}\"][vc_column width=\"1\/4\"]<div class=\"porto-sicon-box  wpb_custom_1efe903570d178ff0a9b7bfa5febd3a4 style_1 default-icon\"><div class=\"porto-sicon-default\"><div class=\"porto-just-icon-wrapper porto-sicon-img  porto-icon-9f5d1cfb45d27d96b50bf473aebba227\" style=\"font-size: 40px;\"><img loading=\"lazy\" decoding=\"async\" class=\"img-icon\" alt=\"\" src=\"https:\/\/www.kroftman.com\/wp-content\/uploads\/2019\/11\/wereldwijd.png\" width=\"150\" height=\"150\" \/><\/div><\/div><div class=\"porto-sicon-header\"><p>Plus de 12.800 projets dans le monde<\/p><\/div> <!-- header --><\/div><!-- porto-sicon-box -->[\/vc_column][vc_column width=\"1\/4\"]<div class=\"porto-sicon-box  wpb_custom_1efe903570d178ff0a9b7bfa5febd3a4 style_1 default-icon\"><div class=\"porto-sicon-default\"><div class=\"porto-just-icon-wrapper porto-sicon-img  porto-icon-9f5d1cfb45d27d96b50bf473aebba227\" style=\"font-size: 40px;\"><img loading=\"lazy\" decoding=\"async\" class=\"img-icon\" alt=\"\" src=\"https:\/\/www.kroftman.com\/wp-content\/uploads\/2019\/11\/eigen-product-ontwikkeling.png\" width=\"150\" height=\"150\" \/><\/div><\/div><div class=\"porto-sicon-header\"><p>D\u00e9veloppement de produits en propre<\/p><\/div> <!-- header --><\/div><!-- porto-sicon-box -->[\/vc_column][vc_column width=\"1\/4\"]<div class=\"porto-sicon-box  wpb_custom_1efe903570d178ff0a9b7bfa5febd3a4 style_1 default-icon\"><div class=\"porto-sicon-default\"><div class=\"porto-just-icon-wrapper porto-sicon-img  porto-icon-9f5d1cfb45d27d96b50bf473aebba227\" style=\"font-size: 40px;\"><img loading=\"lazy\" decoding=\"async\" class=\"img-icon\" alt=\"\" src=\"https:\/\/www.kroftman.com\/wp-content\/uploads\/2019\/11\/get-in-touch.png\" width=\"150\" height=\"150\" \/><\/div><\/div><div class=\"porto-sicon-header\"><p>Toujours \u00e0 votre service<\/p><\/div> <!-- header --><\/div><!-- porto-sicon-box -->[\/vc_column][vc_column width=\"1\/4\"]<div class=\"porto-sicon-box  wpb_custom_1efe903570d178ff0a9b7bfa5febd3a4 style_1 default-icon\"><div class=\"porto-sicon-default\"><div class=\"porto-just-icon-wrapper porto-sicon-img  porto-icon-9f5d1cfb45d27d96b50bf473aebba227\" style=\"font-size: 40px;\"><img loading=\"lazy\" decoding=\"async\" class=\"img-icon\" alt=\"\" src=\"https:\/\/www.kroftman.com\/wp-content\/uploads\/2019\/11\/10-jaar-garantie.png\" width=\"150\" height=\"150\" \/><\/div><\/div><div class=\"porto-sicon-header\"><p>10 ans de garantie<\/p><\/div> <!-- header --><\/div><!-- porto-sicon-box -->[\/vc_column][\/vc_row]<\/div>[\/vc_column][\/vc_row]<\/p>\n<\/div>","protected":false},"excerpt":{"rendered":"<p>[vc_row css=\u00a0\u00bb.vc_custom_1571048159355{margin-top: 10px !important;margin-bottom: 30px !important;}\u00a0\u00bb][vc_column][\/vc_column][\/vc_row][vc_row][vc_column][\/vc_column][\/vc_row]<\/p>\n","protected":false},"author":0,"featured_media":0,"parent":280593,"menu_order":0,"comment_status":"closed","ping_status":"closed","template":"","meta":{"_acf_changed":false,"content-type":"","inline_featured_image":false,"footnotes":""},"class_list":["post-22138","page","type-page","status-publish","hentry"],"acf":[],"yoast_head":"<!-- This site is optimized with the Yoast SEO plugin v27.1.1 - https:\/\/yoast.com\/product\/yoast-seo-wordpress\/ -->\n<title>Formulaire de r\u00e9clamation de garantie | Kroftman<\/title>\n<meta name=\"robots\" content=\"index, follow, max-snippet:-1, max-image-preview:large, max-video-preview:-1\" \/>\n<link rel=\"canonical\" href=\"https:\/\/www.kroftman.com\/fr-be\/service-clientele\/formulaire-de-reclamation-de-garantie\/\" \/>\n<meta property=\"og:locale\" content=\"fr_FR\" \/>\n<meta property=\"og:type\" content=\"article\" \/>\n<meta property=\"og:title\" content=\"Formulaire de r\u00e9clamation de garantie | Kroftman\" \/>\n<meta property=\"og:description\" content=\"[vc_row css=\u00a0\u00bb.vc_custom_1571048159355{margin-top: 10px !important;margin-bottom: 30px !important;}\u00a0\u00bb][vc_column][\/vc_column][\/vc_row][vc_row][vc_column][\/vc_column][\/vc_row]\" \/>\n<meta property=\"og:url\" content=\"https:\/\/www.kroftman.com\/fr-be\/service-clientele\/formulaire-de-reclamation-de-garantie\/\" \/>\n<meta property=\"og:site_name\" content=\"Kroftman\" \/>\n<meta property=\"article:modified_time\" content=\"2019-11-06T14:46:52+00:00\" \/>\n<meta name=\"twitter:card\" content=\"summary_large_image\" \/>\n<script type=\"application\/ld+json\" class=\"yoast-schema-graph\">{\"@context\":\"https:\/\/schema.org\",\"@graph\":[{\"@type\":\"WebPage\",\"@id\":\"https:\/\/www.kroftman.com\/fr-be\/service-clientele\/formulaire-de-reclamation-de-garantie\/\",\"url\":\"https:\/\/www.kroftman.com\/fr-be\/service-clientele\/formulaire-de-reclamation-de-garantie\/\",\"name\":\"Formulaire de r\u00e9clamation de garantie | Kroftman\",\"isPartOf\":{\"@id\":\"https:\/\/www.kroftman.com\/en-eu\/#website\"},\"datePublished\":\"2019-09-23T07:08:00+00:00\",\"dateModified\":\"2019-11-06T14:46:52+00:00\",\"breadcrumb\":{\"@id\":\"https:\/\/www.kroftman.com\/fr-be\/service-clientele\/formulaire-de-reclamation-de-garantie\/#breadcrumb\"},\"inLanguage\":\"fr-BE\",\"potentialAction\":[{\"@type\":\"ReadAction\",\"target\":[\"https:\/\/www.kroftman.com\/fr-be\/service-clientele\/formulaire-de-reclamation-de-garantie\/\"]}]},{\"@type\":\"BreadcrumbList\",\"@id\":\"https:\/\/www.kroftman.com\/fr-be\/service-clientele\/formulaire-de-reclamation-de-garantie\/#breadcrumb\",\"itemListElement\":[{\"@type\":\"ListItem\",\"position\":1,\"name\":\"Home\",\"item\":\"https:\/\/www.kroftman.com\/fr-be\/\"},{\"@type\":\"ListItem\",\"position\":2,\"name\":\"Service client\u00e8le\",\"item\":\"https:\/\/www.kroftman.com\/fr-be\/service-clientele\/\"},{\"@type\":\"ListItem\",\"position\":3,\"name\":\"Formulaire de r\u00e9clamation de garantie\"}]},{\"@type\":\"WebSite\",\"@id\":\"https:\/\/www.kroftman.com\/en-eu\/#website\",\"url\":\"https:\/\/www.kroftman.com\/en-eu\/\",\"name\":\"Kroftman\",\"description\":\"\",\"publisher\":{\"@id\":\"https:\/\/www.kroftman.com\/en-eu\/#organization\"},\"potentialAction\":[{\"@type\":\"SearchAction\",\"target\":{\"@type\":\"EntryPoint\",\"urlTemplate\":\"https:\/\/www.kroftman.com\/en-eu\/?s={search_term_string}\"},\"query-input\":{\"@type\":\"PropertyValueSpecification\",\"valueRequired\":true,\"valueName\":\"search_term_string\"}}],\"inLanguage\":\"fr-BE\"},{\"@type\":\"Organization\",\"@id\":\"https:\/\/www.kroftman.com\/en-eu\/#organization\",\"name\":\"Kroftman\",\"url\":\"https:\/\/www.kroftman.com\/en-eu\/\",\"logo\":{\"@type\":\"ImageObject\",\"inLanguage\":\"fr-BE\",\"@id\":\"https:\/\/www.kroftman.com\/en-eu\/#\/schema\/logo\/image\/\",\"url\":\"https:\/\/www.kroftman.com\/wp-content\/uploads\/2019\/05\/kroftman_new_logo_rgb.jpg\",\"contentUrl\":\"https:\/\/www.kroftman.com\/wp-content\/uploads\/2019\/05\/kroftman_new_logo_rgb.jpg\",\"width\":2000,\"height\":402,\"caption\":\"Kroftman\"},\"image\":{\"@id\":\"https:\/\/www.kroftman.com\/en-eu\/#\/schema\/logo\/image\/\"}}]}<\/script>\n<!-- \/ Yoast SEO plugin. -->","yoast_head_json":{"title":"Formulaire de r\u00e9clamation de garantie | Kroftman","robots":{"index":"index","follow":"follow","max-snippet":"max-snippet:-1","max-image-preview":"max-image-preview:large","max-video-preview":"max-video-preview:-1"},"canonical":"https:\/\/www.kroftman.com\/fr-be\/service-clientele\/formulaire-de-reclamation-de-garantie\/","og_locale":"fr_FR","og_type":"article","og_title":"Formulaire de r\u00e9clamation de garantie | Kroftman","og_description":"[vc_row css=\u00a0\u00bb.vc_custom_1571048159355{margin-top: 10px !important;margin-bottom: 30px !important;}\u00a0\u00bb][vc_column][\/vc_column][\/vc_row][vc_row][vc_column][\/vc_column][\/vc_row]","og_url":"https:\/\/www.kroftman.com\/fr-be\/service-clientele\/formulaire-de-reclamation-de-garantie\/","og_site_name":"Kroftman","article_modified_time":"2019-11-06T14:46:52+00:00","twitter_card":"summary_large_image","schema":{"@context":"https:\/\/schema.org","@graph":[{"@type":"WebPage","@id":"https:\/\/www.kroftman.com\/fr-be\/service-clientele\/formulaire-de-reclamation-de-garantie\/","url":"https:\/\/www.kroftman.com\/fr-be\/service-clientele\/formulaire-de-reclamation-de-garantie\/","name":"Formulaire de r\u00e9clamation de garantie | Kroftman","isPartOf":{"@id":"https:\/\/www.kroftman.com\/en-eu\/#website"},"datePublished":"2019-09-23T07:08:00+00:00","dateModified":"2019-11-06T14:46:52+00:00","breadcrumb":{"@id":"https:\/\/www.kroftman.com\/fr-be\/service-clientele\/formulaire-de-reclamation-de-garantie\/#breadcrumb"},"inLanguage":"fr-BE","potentialAction":[{"@type":"ReadAction","target":["https:\/\/www.kroftman.com\/fr-be\/service-clientele\/formulaire-de-reclamation-de-garantie\/"]}]},{"@type":"BreadcrumbList","@id":"https:\/\/www.kroftman.com\/fr-be\/service-clientele\/formulaire-de-reclamation-de-garantie\/#breadcrumb","itemListElement":[{"@type":"ListItem","position":1,"name":"Home","item":"https:\/\/www.kroftman.com\/fr-be\/"},{"@type":"ListItem","position":2,"name":"Service client\u00e8le","item":"https:\/\/www.kroftman.com\/fr-be\/service-clientele\/"},{"@type":"ListItem","position":3,"name":"Formulaire de r\u00e9clamation de garantie"}]},{"@type":"WebSite","@id":"https:\/\/www.kroftman.com\/en-eu\/#website","url":"https:\/\/www.kroftman.com\/en-eu\/","name":"Kroftman","description":"","publisher":{"@id":"https:\/\/www.kroftman.com\/en-eu\/#organization"},"potentialAction":[{"@type":"SearchAction","target":{"@type":"EntryPoint","urlTemplate":"https:\/\/www.kroftman.com\/en-eu\/?s={search_term_string}"},"query-input":{"@type":"PropertyValueSpecification","valueRequired":true,"valueName":"search_term_string"}}],"inLanguage":"fr-BE"},{"@type":"Organization","@id":"https:\/\/www.kroftman.com\/en-eu\/#organization","name":"Kroftman","url":"https:\/\/www.kroftman.com\/en-eu\/","logo":{"@type":"ImageObject","inLanguage":"fr-BE","@id":"https:\/\/www.kroftman.com\/en-eu\/#\/schema\/logo\/image\/","url":"https:\/\/www.kroftman.com\/wp-content\/uploads\/2019\/05\/kroftman_new_logo_rgb.jpg","contentUrl":"https:\/\/www.kroftman.com\/wp-content\/uploads\/2019\/05\/kroftman_new_logo_rgb.jpg","width":2000,"height":402,"caption":"Kroftman"},"image":{"@id":"https:\/\/www.kroftman.com\/en-eu\/#\/schema\/logo\/image\/"}}]}},"_links":{"self":[{"href":"https:\/\/www.kroftman.com\/fr-be\/wp-json\/wp\/v2\/pages\/22138","targetHints":{"allow":["GET"]}}],"collection":[{"href":"https:\/\/www.kroftman.com\/fr-be\/wp-json\/wp\/v2\/pages"}],"about":[{"href":"https:\/\/www.kroftman.com\/fr-be\/wp-json\/wp\/v2\/types\/page"}],"replies":[{"embeddable":true,"href":"https:\/\/www.kroftman.com\/fr-be\/wp-json\/wp\/v2\/comments?post=22138"}],"version-history":[{"count":0,"href":"https:\/\/www.kroftman.com\/fr-be\/wp-json\/wp\/v2\/pages\/22138\/revisions"}],"up":[{"embeddable":true,"href":"https:\/\/www.kroftman.com\/fr-be\/wp-json\/wp\/v2\/pages\/280593"}],"wp:attachment":[{"href":"https:\/\/www.kroftman.com\/fr-be\/wp-json\/wp\/v2\/media?parent=22138"}],"curies":[{"name":"wp","href":"https:\/\/api.w.org\/{rel}","templated":true}]}}