{"id":127373,"date":"2020-12-29T09:59:14","date_gmt":"2020-12-29T09:59:14","guid":{"rendered":"https:\/\/www.kroftman.com\/impressum\/"},"modified":"2020-12-29T10:03:39","modified_gmt":"2020-12-29T10:03:39","slug":"impressum","status":"publish","type":"page","link":"https:\/\/www.kroftman.com\/fr-be\/impressum\/","title":{"rendered":"Impressum"},"content":{"rendered":"<div class=\"wpb-content-wrapper\"><p>[vc_row][vc_column][vc_column_text]Responsable de kroftman.com et des produits et services propos\u00e9s par Kroftman:<\/p>\n<p><strong>Kroftman Structures BV<br \/>\n<\/strong>Veem 3<br \/>\n6909 DZ Babberich<br \/>\nPays-Bas<br \/>\nEnregistr\u00e9 \u00e0 la Chambre de Commerce (www.kvk.nl) Num\u00e9ro 09168984<br \/>\nTVA nr. NL817701394B01<\/p>\n<p><strong>Kroftman GmbH<br \/>\n<\/strong>Groendahlscher Weg 87 (kein Showroom)<br \/>\n46446 Emmerich am Rhein<br \/>\nDeutschland<br \/>\nEingetragen im Handelsregister des Amtsgerichts Kleve unter HRB 13297<br \/>\nUSt ID: DE298585453[\/vc_column_text][\/vc_column][\/vc_row]<\/p>\n<\/div>","protected":false},"excerpt":{"rendered":"<p>[vc_row][vc_column][vc_column_text]Responsable de kroftman.com et des produits et services propos\u00e9s par Kroftman: Kroftman Structures BV Veem 3 6909 DZ Babberich Pays-Bas Enregistr\u00e9 \u00e0 la Chambre de Commerce (www.kvk.nl) Num\u00e9ro 09168984 TVA nr. NL817701394B01 Kroftman GmbH Groendahlscher Weg 87 (kein Showroom) 46446 Emmerich am Rhein Deutschland Eingetragen im Handelsregister des Amtsgerichts Kleve unter HRB 13297 USt ID: [&hellip;]<\/p>\n","protected":false},"author":0,"featured_media":0,"parent":0,"menu_order":0,"comment_status":"closed","ping_status":"closed","template":"","meta":{"_acf_changed":false,"content-type":"","inline_featured_image":false,"footnotes":""},"class_list":["post-127373","page","type-page","status-publish","hentry"],"acf":[],"yoast_head":"<!-- This site is optimized with the Yoast SEO plugin v27.1.1 - https:\/\/yoast.com\/product\/yoast-seo-wordpress\/ -->\n<title>Impressum | Kroftman<\/title>\n<meta name=\"robots\" content=\"index, follow, max-snippet:-1, max-image-preview:large, max-video-preview:-1\" \/>\n<link rel=\"canonical\" href=\"https:\/\/www.kroftman.com\/en-eu\/impressum\/\" \/>\n<meta property=\"og:locale\" content=\"fr_FR\" \/>\n<meta property=\"og:type\" content=\"article\" \/>\n<meta property=\"og:title\" content=\"Impressum | Kroftman\" \/>\n<meta property=\"og:description\" content=\"[vc_row][vc_column][vc_column_text]Responsable de kroftman.com et des produits et services propos\u00e9s par Kroftman: Kroftman Structures BV Veem 3 6909 DZ Babberich Pays-Bas Enregistr\u00e9 \u00e0 la Chambre de Commerce (www.kvk.nl) Num\u00e9ro 09168984 TVA nr. NL817701394B01 Kroftman GmbH Groendahlscher Weg 87 (kein Showroom) 46446 Emmerich am Rhein Deutschland Eingetragen im Handelsregister des Amtsgerichts Kleve unter HRB 13297 USt ID: [&hellip;]\" \/>\n<meta property=\"og:url\" content=\"https:\/\/www.kroftman.com\/en-eu\/impressum\/\" \/>\n<meta property=\"og:site_name\" content=\"Kroftman\" \/>\n<meta property=\"article:modified_time\" content=\"2020-12-29T10:03:39+00:00\" \/>\n<meta name=\"twitter:card\" content=\"summary_large_image\" \/>\n<script type=\"application\/ld+json\" class=\"yoast-schema-graph\">{\"@context\":\"https:\/\/schema.org\",\"@graph\":[{\"@type\":\"WebPage\",\"@id\":\"https:\/\/www.kroftman.com\/en-eu\/impressum\/\",\"url\":\"https:\/\/www.kroftman.com\/en-eu\/impressum\/\",\"name\":\"Impressum | Kroftman\",\"isPartOf\":{\"@id\":\"https:\/\/www.kroftman.com\/en-eu\/#website\"},\"datePublished\":\"2020-12-29T09:59:14+00:00\",\"dateModified\":\"2020-12-29T10:03:39+00:00\",\"breadcrumb\":{\"@id\":\"https:\/\/www.kroftman.com\/en-eu\/impressum\/#breadcrumb\"},\"inLanguage\":\"fr-BE\",\"potentialAction\":[{\"@type\":\"ReadAction\",\"target\":[\"https:\/\/www.kroftman.com\/en-eu\/impressum\/\"]}]},{\"@type\":\"BreadcrumbList\",\"@id\":\"https:\/\/www.kroftman.com\/en-eu\/impressum\/#breadcrumb\",\"itemListElement\":[{\"@type\":\"ListItem\",\"position\":1,\"name\":\"Home\",\"item\":\"https:\/\/www.kroftman.com\/fr-be\/\"},{\"@type\":\"ListItem\",\"position\":2,\"name\":\"Impressum\"}]},{\"@type\":\"WebSite\",\"@id\":\"https:\/\/www.kroftman.com\/en-eu\/#website\",\"url\":\"https:\/\/www.kroftman.com\/en-eu\/\",\"name\":\"Kroftman\",\"description\":\"\",\"publisher\":{\"@id\":\"https:\/\/www.kroftman.com\/en-eu\/#organization\"},\"potentialAction\":[{\"@type\":\"SearchAction\",\"target\":{\"@type\":\"EntryPoint\",\"urlTemplate\":\"https:\/\/www.kroftman.com\/en-eu\/?s={search_term_string}\"},\"query-input\":{\"@type\":\"PropertyValueSpecification\",\"valueRequired\":true,\"valueName\":\"search_term_string\"}}],\"inLanguage\":\"fr-BE\"},{\"@type\":\"Organization\",\"@id\":\"https:\/\/www.kroftman.com\/en-eu\/#organization\",\"name\":\"Kroftman\",\"url\":\"https:\/\/www.kroftman.com\/en-eu\/\",\"logo\":{\"@type\":\"ImageObject\",\"inLanguage\":\"fr-BE\",\"@id\":\"https:\/\/www.kroftman.com\/en-eu\/#\/schema\/logo\/image\/\",\"url\":\"https:\/\/www.kroftman.com\/wp-content\/uploads\/2019\/05\/kroftman_new_logo_rgb.jpg\",\"contentUrl\":\"https:\/\/www.kroftman.com\/wp-content\/uploads\/2019\/05\/kroftman_new_logo_rgb.jpg\",\"width\":2000,\"height\":402,\"caption\":\"Kroftman\"},\"image\":{\"@id\":\"https:\/\/www.kroftman.com\/en-eu\/#\/schema\/logo\/image\/\"}}]}<\/script>\n<!-- \/ Yoast SEO plugin. -->","yoast_head_json":{"title":"Impressum | Kroftman","robots":{"index":"index","follow":"follow","max-snippet":"max-snippet:-1","max-image-preview":"max-image-preview:large","max-video-preview":"max-video-preview:-1"},"canonical":"https:\/\/www.kroftman.com\/en-eu\/impressum\/","og_locale":"fr_FR","og_type":"article","og_title":"Impressum | Kroftman","og_description":"[vc_row][vc_column][vc_column_text]Responsable de kroftman.com et des produits et services propos\u00e9s par Kroftman: Kroftman Structures BV Veem 3 6909 DZ Babberich Pays-Bas Enregistr\u00e9 \u00e0 la Chambre de Commerce (www.kvk.nl) Num\u00e9ro 09168984 TVA nr. NL817701394B01 Kroftman GmbH Groendahlscher Weg 87 (kein Showroom) 46446 Emmerich am Rhein Deutschland Eingetragen im Handelsregister des Amtsgerichts Kleve unter HRB 13297 USt ID: [&hellip;]","og_url":"https:\/\/www.kroftman.com\/en-eu\/impressum\/","og_site_name":"Kroftman","article_modified_time":"2020-12-29T10:03:39+00:00","twitter_card":"summary_large_image","schema":{"@context":"https:\/\/schema.org","@graph":[{"@type":"WebPage","@id":"https:\/\/www.kroftman.com\/en-eu\/impressum\/","url":"https:\/\/www.kroftman.com\/en-eu\/impressum\/","name":"Impressum | Kroftman","isPartOf":{"@id":"https:\/\/www.kroftman.com\/en-eu\/#website"},"datePublished":"2020-12-29T09:59:14+00:00","dateModified":"2020-12-29T10:03:39+00:00","breadcrumb":{"@id":"https:\/\/www.kroftman.com\/en-eu\/impressum\/#breadcrumb"},"inLanguage":"fr-BE","potentialAction":[{"@type":"ReadAction","target":["https:\/\/www.kroftman.com\/en-eu\/impressum\/"]}]},{"@type":"BreadcrumbList","@id":"https:\/\/www.kroftman.com\/en-eu\/impressum\/#breadcrumb","itemListElement":[{"@type":"ListItem","position":1,"name":"Home","item":"https:\/\/www.kroftman.com\/fr-be\/"},{"@type":"ListItem","position":2,"name":"Impressum"}]},{"@type":"WebSite","@id":"https:\/\/www.kroftman.com\/en-eu\/#website","url":"https:\/\/www.kroftman.com\/en-eu\/","name":"Kroftman","description":"","publisher":{"@id":"https:\/\/www.kroftman.com\/en-eu\/#organization"},"potentialAction":[{"@type":"SearchAction","target":{"@type":"EntryPoint","urlTemplate":"https:\/\/www.kroftman.com\/en-eu\/?s={search_term_string}"},"query-input":{"@type":"PropertyValueSpecification","valueRequired":true,"valueName":"search_term_string"}}],"inLanguage":"fr-BE"},{"@type":"Organization","@id":"https:\/\/www.kroftman.com\/en-eu\/#organization","name":"Kroftman","url":"https:\/\/www.kroftman.com\/en-eu\/","logo":{"@type":"ImageObject","inLanguage":"fr-BE","@id":"https:\/\/www.kroftman.com\/en-eu\/#\/schema\/logo\/image\/","url":"https:\/\/www.kroftman.com\/wp-content\/uploads\/2019\/05\/kroftman_new_logo_rgb.jpg","contentUrl":"https:\/\/www.kroftman.com\/wp-content\/uploads\/2019\/05\/kroftman_new_logo_rgb.jpg","width":2000,"height":402,"caption":"Kroftman"},"image":{"@id":"https:\/\/www.kroftman.com\/en-eu\/#\/schema\/logo\/image\/"}}]}},"_links":{"self":[{"href":"https:\/\/www.kroftman.com\/fr-be\/wp-json\/wp\/v2\/pages\/127373","targetHints":{"allow":["GET"]}}],"collection":[{"href":"https:\/\/www.kroftman.com\/fr-be\/wp-json\/wp\/v2\/pages"}],"about":[{"href":"https:\/\/www.kroftman.com\/fr-be\/wp-json\/wp\/v2\/types\/page"}],"replies":[{"embeddable":true,"href":"https:\/\/www.kroftman.com\/fr-be\/wp-json\/wp\/v2\/comments?post=127373"}],"version-history":[{"count":0,"href":"https:\/\/www.kroftman.com\/fr-be\/wp-json\/wp\/v2\/pages\/127373\/revisions"}],"wp:attachment":[{"href":"https:\/\/www.kroftman.com\/fr-be\/wp-json\/wp\/v2\/media?parent=127373"}],"curies":[{"name":"wp","href":"https:\/\/api.w.org\/{rel}","templated":true}]}}