{"id":7254,"date":"2019-06-19T13:18:33","date_gmt":"2019-06-19T13:18:33","guid":{"rendered":"https:\/\/www.kroftman.com\/shop\/unkategorisiert\/tc1012\/"},"modified":"2026-02-20T15:13:39","modified_gmt":"2026-02-20T15:13:39","slug":"containerueberdachung-10x12m-rundbogen-dach","status":"publish","type":"product","link":"https:\/\/www.kroftman.com\/de-de\/shop\/containerueberdachungen\/containerueberdachung-10x12m-rundbogen-dach\/","title":{"rendered":"Container\u00fcberdachung 10x12m Rundbogen Dach"},"content":{"rendered":"","protected":false},"excerpt":{"rendered":"<ul>\n<li>Firsth\u00f6he: 7,6 m (Au\u00dfenma\u00df)<\/li>\n<li>Inkl. Zeltbuch nach EN13782-Norm<\/li>\n<li>Montage m\u00f6glich auf offener Seite oder Highcube<\/li>\n<\/ul>\n","protected":false},"featured_media":329338,"template":"","meta":{"_acf_changed":false,"content-type":"","inline_featured_image":false},"product_brand":[],"product_cat":[181],"product_tag":[],"class_list":{"0":"post-7254","1":"product","2":"type-product","3":"status-publish","4":"has-post-thumbnail","6":"product_cat-containerueberdachungen","7":"product_shipping_class-tc1000-de-de","9":"first","10":"instock","11":"taxable","12":"shipping-taxable","13":"purchasable","14":"product-type-composite"},"composite_virtual":false,"composite_layout":"paged","composite_add_to_cart_form_location":"default","composite_editable_in_cart":true,"composite_sold_individually_context":"product","composite_shop_price_calc":"defaults","composite_components":[{"id":"1560950385","title":"Plane","description":"<p><span class=\"extra-notice\"> Dachrinne auf Anfrage lieferbar. <a href=\"https:\/\/www.kroftman.com\/wp-content\/uploads\/2026\/02\/Prijslijst_regengoot_DE_v1.pdf\" target=\"_blank\">Preise ansehen<\/a> oder kontaktieren Sie uns direkt. <\/span><\/p>\n","query_type":"product_ids","query_ids":[6956,6978,327259,327269,327246,253588],"default_option_id":6956,"thumbnail_id":"","thumbnail_src":"","quantity_min":1,"quantity_max":1,"priced_individually":true,"shipped_individually":false,"optional":false,"discount":"","options_style":"radios","pagination_style":"classic","display_prices":"absolute","show_sorting_options":false,"show_filtering_options":false,"attribute_filter_ids":[],"select_action":"view","product_title_visible":false,"product_descr_visible":false,"product_price_visible":false,"product_thumb_visible":false,"subtotal_visible_product":true,"subtotal_visible_cart":true,"subtotal_visible_orders":true},{"id":"1602140921","title":"HDPE W\u00e4nde","description":"","query_type":"product_ids","query_ids":[108205,276063,276073,276083],"default_option_id":108205,"thumbnail_id":"","thumbnail_src":"","quantity_min":1,"quantity_max":1,"priced_individually":true,"shipped_individually":false,"optional":false,"discount":"","options_style":"radios","pagination_style":"classic","display_prices":"absolute","show_sorting_options":false,"show_filtering_options":false,"attribute_filter_ids":[],"select_action":"view","product_title_visible":false,"product_descr_visible":false,"product_price_visible":false,"product_thumb_visible":false,"subtotal_visible_product":true,"subtotal_visible_cart":true,"subtotal_visible_orders":true},{"id":"1602140922","title":"PVC W\u00e4nde","description":"","query_type":"product_ids","query_ids":[108205,276093,276103,276114],"default_option_id":108205,"thumbnail_id":"","thumbnail_src":"","quantity_min":1,"quantity_max":1,"priced_individually":true,"shipped_individually":false,"optional":false,"discount":"","options_style":"radios","pagination_style":"classic","display_prices":"absolute","show_sorting_options":false,"show_filtering_options":false,"attribute_filter_ids":[],"select_action":"view","product_title_visible":false,"product_descr_visible":false,"product_price_visible":false,"product_thumb_visible":false,"subtotal_visible_product":true,"subtotal_visible_cart":true,"subtotal_visible_orders":true},{"id":"1561017473","title":"Befestigung","description":"<p><span class='toggle_custom_title_toggle'>?<\/span><span class='toggle_custom_title'>Ben\u00f6tigen Sie Hilfe bei der Auswahl der richtigen Befestigungsoption? Laden Sie <a href=\"https:\/\/www.kroftman.com\/wp-content\/uploads\/2025\/02\/Kroftman-Bevestigingsopties-DE.pdf\">hier<\/a> die Beschreibung aller Befestigungsm\u00f6glichkeiten herunter. <\/span><\/p>\n","query_type":"product_ids","query_ids":[6999,6740,9382],"default_option_id":6999,"thumbnail_id":"","thumbnail_src":"","quantity_min":1,"quantity_max":1,"priced_individually":true,"shipped_individually":false,"optional":false,"discount":"","options_style":"radios","pagination_style":"classic","display_prices":"absolute","show_sorting_options":false,"show_filtering_options":false,"attribute_filter_ids":[],"select_action":"view","product_title_visible":false,"product_descr_visible":false,"product_price_visible":false,"product_thumb_visible":false,"subtotal_visible_product":true,"subtotal_visible_cart":true,"subtotal_visible_orders":true}],"composite_scenarios":[{"id":"1602141030","name":"HDPE","description":"","configuration":[{"component_id":"1560950385","options_modifier":"in","component_options":[6956,6978]}],"actions":[{"action_id":"compat_group","is_active":false},{"action_id":"conditional_components","is_active":true,"hidden_components":["1602140922"]},{"action_id":"conditional_options","is_active":false,"hidden_options":[]}],"enabled":true},{"id":"1716370858","name":"HDPE","description":"","configuration":[{"component_id":"1560950385","options_modifier":"in","component_options":[]}],"actions":[{"action_id":"compat_group","is_active":true},{"action_id":"conditional_components","is_active":false,"hidden_components":[]},{"action_id":"conditional_options","is_active":false,"hidden_options":[]}],"enabled":false},{"id":"1602141031","name":"PVC","description":"","configuration":[{"component_id":"1560950385","options_modifier":"in","component_options":[327259,327269,327246,253588]}],"actions":[{"action_id":"compat_group","is_active":false},{"action_id":"conditional_components","is_active":true,"hidden_components":["1602140921"]},{"action_id":"conditional_options","is_active":false,"hidden_options":[]}],"enabled":true},{"id":"1716370859","name":"PVC","description":"","configuration":[{"component_id":"1560950385","options_modifier":"in","component_options":[]}],"actions":[{"action_id":"compat_group","is_active":true},{"action_id":"conditional_components","is_active":false,"hidden_components":[]},{"action_id":"conditional_options","is_active":false,"hidden_options":[]}],"enabled":false}],"acf":[],"yoast_head":"<!-- This site is optimized with the Yoast SEO plugin v27.1.1 - https:\/\/yoast.com\/product\/yoast-seo-wordpress\/ -->\n<title>Container\u00fcberdachung 10x12m Rundbogen Dach | Kroftman<\/title>\n<meta name=\"robots\" content=\"index, follow, max-snippet:-1, max-image-preview:large, max-video-preview:-1\" \/>\n<link rel=\"canonical\" href=\"https:\/\/www.kroftman.com\/de-de\/shop\/container-shelters\/containerueberdachung-10x12m-rundbogen-dach\/\" \/>\n<meta property=\"og:locale\" content=\"de_DE\" \/>\n<meta property=\"og:type\" content=\"article\" \/>\n<meta property=\"og:title\" content=\"Container\u00fcberdachung 10x12m Rundbogen Dach | Kroftman\" \/>\n<meta property=\"og:description\" content=\"Firsth\u00f6he: 7,6 m (Au\u00dfenma\u00df)  Inkl. Zeltbuch nach EN13782-Norm  Montage m\u00f6glich auf offener Seite oder Highcube\" \/>\n<meta property=\"og:url\" content=\"https:\/\/www.kroftman.com\/de-de\/shop\/container-shelters\/containerueberdachung-10x12m-rundbogen-dach\/\" \/>\n<meta property=\"og:site_name\" content=\"Kroftman\" \/>\n<meta property=\"article:modified_time\" content=\"2026-02-20T15:13:39+00:00\" \/>\n<meta property=\"og:image\" content=\"https:\/\/www.kroftman.com\/wp-content\/uploads\/2025\/05\/10x12-arch-\u2013-1.jpg\" \/>\n\t<meta property=\"og:image:width\" content=\"510\" \/>\n\t<meta property=\"og:image:height\" content=\"354\" \/>\n\t<meta property=\"og:image:type\" content=\"image\/jpeg\" \/>\n<meta name=\"twitter:card\" content=\"summary_large_image\" \/>\n<meta name=\"twitter:label1\" content=\"Gesch\u00e4tzte Lesezeit\" \/>\n\t<meta name=\"twitter:data1\" content=\"1\u00a0Minute\" \/>\n<script type=\"application\/ld+json\" class=\"yoast-schema-graph\">{\"@context\":\"https:\/\/schema.org\",\"@graph\":[{\"@type\":\"WebPage\",\"@id\":\"https:\/\/www.kroftman.com\/de-de\/shop\/container-shelters\/containerueberdachung-10x12m-rundbogen-dach\/\",\"url\":\"https:\/\/www.kroftman.com\/de-de\/shop\/container-shelters\/containerueberdachung-10x12m-rundbogen-dach\/\",\"name\":\"Container\u00fcberdachung 10x12m Rundbogen Dach | Kroftman\",\"isPartOf\":{\"@id\":\"https:\/\/www.kroftman.com\/en-eu\/#website\"},\"primaryImageOfPage\":{\"@id\":\"https:\/\/www.kroftman.com\/de-de\/shop\/container-shelters\/containerueberdachung-10x12m-rundbogen-dach\/#primaryimage\"},\"image\":{\"@id\":\"https:\/\/www.kroftman.com\/de-de\/shop\/container-shelters\/containerueberdachung-10x12m-rundbogen-dach\/#primaryimage\"},\"thumbnailUrl\":\"https:\/\/www.kroftman.com\/wp-content\/uploads\/2025\/05\/10x12-arch-\u2013-1.jpg\",\"datePublished\":\"2019-06-19T13:18:33+00:00\",\"dateModified\":\"2026-02-20T15:13:39+00:00\",\"breadcrumb\":{\"@id\":\"https:\/\/www.kroftman.com\/de-de\/shop\/container-shelters\/containerueberdachung-10x12m-rundbogen-dach\/#breadcrumb\"},\"inLanguage\":\"de\",\"potentialAction\":[{\"@type\":\"ReadAction\",\"target\":[\"https:\/\/www.kroftman.com\/de-de\/shop\/container-shelters\/containerueberdachung-10x12m-rundbogen-dach\/\"]}]},{\"@type\":\"ImageObject\",\"inLanguage\":\"de\",\"@id\":\"https:\/\/www.kroftman.com\/de-de\/shop\/container-shelters\/containerueberdachung-10x12m-rundbogen-dach\/#primaryimage\",\"url\":\"https:\/\/www.kroftman.com\/wp-content\/uploads\/2025\/05\/10x12-arch-\u2013-1.jpg\",\"contentUrl\":\"https:\/\/www.kroftman.com\/wp-content\/uploads\/2025\/05\/10x12-arch-\u2013-1.jpg\",\"width\":510,\"height\":354},{\"@type\":\"BreadcrumbList\",\"@id\":\"https:\/\/www.kroftman.com\/de-de\/shop\/container-shelters\/containerueberdachung-10x12m-rundbogen-dach\/#breadcrumb\",\"itemListElement\":[{\"@type\":\"ListItem\",\"position\":1,\"name\":\"Home\",\"item\":\"https:\/\/www.kroftman.com\/de-de\/\"},{\"@type\":\"ListItem\",\"position\":2,\"name\":\"Shop\",\"item\":\"https:\/\/www.kroftman.com\/de-de\/shop\/\"},{\"@type\":\"ListItem\",\"position\":3,\"name\":\"Container\u00fcberdachung 10x12m Rundbogen Dach\"}]},{\"@type\":\"WebSite\",\"@id\":\"https:\/\/www.kroftman.com\/en-eu\/#website\",\"url\":\"https:\/\/www.kroftman.com\/en-eu\/\",\"name\":\"Kroftman\",\"description\":\"\",\"publisher\":{\"@id\":\"https:\/\/www.kroftman.com\/en-eu\/#organization\"},\"potentialAction\":[{\"@type\":\"SearchAction\",\"target\":{\"@type\":\"EntryPoint\",\"urlTemplate\":\"https:\/\/www.kroftman.com\/en-eu\/?s={search_term_string}\"},\"query-input\":{\"@type\":\"PropertyValueSpecification\",\"valueRequired\":true,\"valueName\":\"search_term_string\"}}],\"inLanguage\":\"de\"},{\"@type\":\"Organization\",\"@id\":\"https:\/\/www.kroftman.com\/en-eu\/#organization\",\"name\":\"Kroftman\",\"url\":\"https:\/\/www.kroftman.com\/en-eu\/\",\"logo\":{\"@type\":\"ImageObject\",\"inLanguage\":\"de\",\"@id\":\"https:\/\/www.kroftman.com\/en-eu\/#\/schema\/logo\/image\/\",\"url\":\"https:\/\/www.kroftman.com\/wp-content\/uploads\/2019\/05\/kroftman_new_logo_rgb.jpg\",\"contentUrl\":\"https:\/\/www.kroftman.com\/wp-content\/uploads\/2019\/05\/kroftman_new_logo_rgb.jpg\",\"width\":2000,\"height\":402,\"caption\":\"Kroftman\"},\"image\":{\"@id\":\"https:\/\/www.kroftman.com\/en-eu\/#\/schema\/logo\/image\/\"}}]}<\/script>\n<!-- \/ Yoast SEO plugin. -->","yoast_head_json":{"title":"Container\u00fcberdachung 10x12m Rundbogen Dach | Kroftman","robots":{"index":"index","follow":"follow","max-snippet":"max-snippet:-1","max-image-preview":"max-image-preview:large","max-video-preview":"max-video-preview:-1"},"canonical":"https:\/\/www.kroftman.com\/de-de\/shop\/container-shelters\/containerueberdachung-10x12m-rundbogen-dach\/","og_locale":"de_DE","og_type":"article","og_title":"Container\u00fcberdachung 10x12m Rundbogen Dach | Kroftman","og_description":"Firsth\u00f6he: 7,6 m (Au\u00dfenma\u00df)  Inkl. Zeltbuch nach EN13782-Norm  Montage m\u00f6glich auf offener Seite oder Highcube","og_url":"https:\/\/www.kroftman.com\/de-de\/shop\/container-shelters\/containerueberdachung-10x12m-rundbogen-dach\/","og_site_name":"Kroftman","article_modified_time":"2026-02-20T15:13:39+00:00","og_image":[{"width":510,"height":354,"url":"https:\/\/www.kroftman.com\/wp-content\/uploads\/2025\/05\/10x12-arch-\u2013-1.jpg","type":"image\/jpeg"}],"twitter_card":"summary_large_image","twitter_misc":{"Gesch\u00e4tzte Lesezeit":"1\u00a0Minute"},"schema":{"@context":"https:\/\/schema.org","@graph":[{"@type":"WebPage","@id":"https:\/\/www.kroftman.com\/de-de\/shop\/container-shelters\/containerueberdachung-10x12m-rundbogen-dach\/","url":"https:\/\/www.kroftman.com\/de-de\/shop\/container-shelters\/containerueberdachung-10x12m-rundbogen-dach\/","name":"Container\u00fcberdachung 10x12m Rundbogen Dach | Kroftman","isPartOf":{"@id":"https:\/\/www.kroftman.com\/en-eu\/#website"},"primaryImageOfPage":{"@id":"https:\/\/www.kroftman.com\/de-de\/shop\/container-shelters\/containerueberdachung-10x12m-rundbogen-dach\/#primaryimage"},"image":{"@id":"https:\/\/www.kroftman.com\/de-de\/shop\/container-shelters\/containerueberdachung-10x12m-rundbogen-dach\/#primaryimage"},"thumbnailUrl":"https:\/\/www.kroftman.com\/wp-content\/uploads\/2025\/05\/10x12-arch-\u2013-1.jpg","datePublished":"2019-06-19T13:18:33+00:00","dateModified":"2026-02-20T15:13:39+00:00","breadcrumb":{"@id":"https:\/\/www.kroftman.com\/de-de\/shop\/container-shelters\/containerueberdachung-10x12m-rundbogen-dach\/#breadcrumb"},"inLanguage":"de","potentialAction":[{"@type":"ReadAction","target":["https:\/\/www.kroftman.com\/de-de\/shop\/container-shelters\/containerueberdachung-10x12m-rundbogen-dach\/"]}]},{"@type":"ImageObject","inLanguage":"de","@id":"https:\/\/www.kroftman.com\/de-de\/shop\/container-shelters\/containerueberdachung-10x12m-rundbogen-dach\/#primaryimage","url":"https:\/\/www.kroftman.com\/wp-content\/uploads\/2025\/05\/10x12-arch-\u2013-1.jpg","contentUrl":"https:\/\/www.kroftman.com\/wp-content\/uploads\/2025\/05\/10x12-arch-\u2013-1.jpg","width":510,"height":354},{"@type":"BreadcrumbList","@id":"https:\/\/www.kroftman.com\/de-de\/shop\/container-shelters\/containerueberdachung-10x12m-rundbogen-dach\/#breadcrumb","itemListElement":[{"@type":"ListItem","position":1,"name":"Home","item":"https:\/\/www.kroftman.com\/de-de\/"},{"@type":"ListItem","position":2,"name":"Shop","item":"https:\/\/www.kroftman.com\/de-de\/shop\/"},{"@type":"ListItem","position":3,"name":"Container\u00fcberdachung 10x12m Rundbogen Dach"}]},{"@type":"WebSite","@id":"https:\/\/www.kroftman.com\/en-eu\/#website","url":"https:\/\/www.kroftman.com\/en-eu\/","name":"Kroftman","description":"","publisher":{"@id":"https:\/\/www.kroftman.com\/en-eu\/#organization"},"potentialAction":[{"@type":"SearchAction","target":{"@type":"EntryPoint","urlTemplate":"https:\/\/www.kroftman.com\/en-eu\/?s={search_term_string}"},"query-input":{"@type":"PropertyValueSpecification","valueRequired":true,"valueName":"search_term_string"}}],"inLanguage":"de"},{"@type":"Organization","@id":"https:\/\/www.kroftman.com\/en-eu\/#organization","name":"Kroftman","url":"https:\/\/www.kroftman.com\/en-eu\/","logo":{"@type":"ImageObject","inLanguage":"de","@id":"https:\/\/www.kroftman.com\/en-eu\/#\/schema\/logo\/image\/","url":"https:\/\/www.kroftman.com\/wp-content\/uploads\/2019\/05\/kroftman_new_logo_rgb.jpg","contentUrl":"https:\/\/www.kroftman.com\/wp-content\/uploads\/2019\/05\/kroftman_new_logo_rgb.jpg","width":2000,"height":402,"caption":"Kroftman"},"image":{"@id":"https:\/\/www.kroftman.com\/en-eu\/#\/schema\/logo\/image\/"}}]}},"_links":{"self":[{"href":"https:\/\/www.kroftman.com\/de-de\/wp-json\/wp\/v2\/product\/7254","targetHints":{"allow":["GET"]}}],"collection":[{"href":"https:\/\/www.kroftman.com\/de-de\/wp-json\/wp\/v2\/product"}],"about":[{"href":"https:\/\/www.kroftman.com\/de-de\/wp-json\/wp\/v2\/types\/product"}],"wp:featuredmedia":[{"embeddable":true,"href":"https:\/\/www.kroftman.com\/de-de\/wp-json\/wp\/v2\/media\/329338"}],"wp:attachment":[{"href":"https:\/\/www.kroftman.com\/de-de\/wp-json\/wp\/v2\/media?parent=7254"}],"wp:term":[{"taxonomy":"product_brand","embeddable":true,"href":"https:\/\/www.kroftman.com\/de-de\/wp-json\/wp\/v2\/product_brand?post=7254"},{"taxonomy":"product_cat","embeddable":true,"href":"https:\/\/www.kroftman.com\/de-de\/wp-json\/wp\/v2\/product_cat?post=7254"},{"taxonomy":"product_tag","embeddable":true,"href":"https:\/\/www.kroftman.com\/de-de\/wp-json\/wp\/v2\/product_tag?post=7254"}],"curies":[{"name":"wp","href":"https:\/\/api.w.org\/{rel}","templated":true}]}}