{"id":99398,"date":"2020-08-25T13:22:19","date_gmt":"2020-08-25T13:22:19","guid":{"rendered":"https:\/\/www.kroftman.com\/your-opinion\/"},"modified":"2020-09-01T06:59:56","modified_gmt":"2020-09-01T06:59:56","slug":"ihre-meinung","status":"publish","type":"page","link":"https:\/\/www.kroftman.com\/de-de\/ihre-meinung\/","title":{"rendered":"Ihre Erfahrung und Meinung"},"content":{"rendered":"<div class=\"wpb-content-wrapper\"><p>[vc_row][vc_column][vc_column_text]Vielen Dank f\u00fcr Ihre Bewertung! Ihre Erfahrung und Meinung sind f\u00fcr uns sehr wichtig. Was h\u00e4tten wir anders machen m\u00fcssen, um eine Bewertung von 4 oder 5 Sternen zu erhalten? Schon einmal vielen Dank f\u00fcr Ihre M\u00fche und R\u00fcckmeldung!<\/p>\n<p>Wozu m\u00f6chten Sie Ihre R\u00fcckmeldung geben? (mehrere Antworten m\u00f6glich)[\/vc_column_text][\/vc_column][\/vc_row][vc_row][vc_column]\n<div class=\"wpcf7 no-js\" id=\"wpcf7-f99401-o1\" lang=\"en-EU\" dir=\"ltr\" data-wpcf7-id=\"99401\">\n<div class=\"screen-reader-response\"><p role=\"status\" aria-live=\"polite\" aria-atomic=\"true\"><\/p> <ul><\/ul><\/div>\n<form action=\"\/de-de\/wp-json\/wp\/v2\/pages\/99398#wpcf7-f99401-o1\" method=\"post\" class=\"wpcf7-form init\" aria-label=\"Kontaktformular\" novalidate=\"novalidate\" data-status=\"init\">\n<fieldset class=\"hidden-fields-container\"><input type=\"hidden\" name=\"_wpcf7\" value=\"99401\" \/><input type=\"hidden\" name=\"_wpcf7_version\" value=\"6.1.5\" \/><input type=\"hidden\" name=\"_wpcf7_locale\" value=\"en_EU\" \/><input type=\"hidden\" name=\"_wpcf7_unit_tag\" value=\"wpcf7-f99401-o1\" \/><input type=\"hidden\" name=\"_wpcf7_container_post\" value=\"0\" \/><input type=\"hidden\" name=\"_wpcf7_posted_data_hash\" value=\"\" \/><input type=\"hidden\" name=\"_wpcf7_recaptcha_response\" value=\"\" \/>\n<\/fieldset>\n<span class=\"wpcf7-form-control-wrap\" data-name=\"checkbox-nl\"><span class=\"wpcf7-form-control wpcf7-checkbox\" id=\"form_nl_submit\"><span class=\"wpcf7-list-item first\"><input type=\"checkbox\" name=\"checkbox-nl[]\" value=\"Angebot\" \/><span class=\"wpcf7-list-item-label\">Angebot<\/span><\/span><span class=\"wpcf7-list-item\"><input type=\"checkbox\" name=\"checkbox-nl[]\" value=\"Produkt\" \/><span class=\"wpcf7-list-item-label\">Produkt<\/span><\/span><span class=\"wpcf7-list-item\"><input type=\"checkbox\" name=\"checkbox-nl[]\" value=\"Lieferung\" \/><span class=\"wpcf7-list-item-label\">Lieferung<\/span><\/span><span class=\"wpcf7-list-item\"><input type=\"checkbox\" name=\"checkbox-nl[]\" value=\"Montage\" \/><span class=\"wpcf7-list-item-label\">Montage<\/span><\/span><span class=\"wpcf7-list-item\"><input type=\"checkbox\" name=\"checkbox-nl[]\" value=\"Bezahlung\" \/><span class=\"wpcf7-list-item-label\">Bezahlung<\/span><\/span><span class=\"wpcf7-list-item\"><input type=\"checkbox\" name=\"checkbox-nl[]\" value=\"Kommunikation\" \/><span class=\"wpcf7-list-item-label\">Kommunikation<\/span><\/span><span class=\"wpcf7-list-item\"><input type=\"checkbox\" name=\"checkbox-nl[]\" value=\"Telefonische Erreichbarkeit\" \/><span class=\"wpcf7-list-item-label\">Telefonische Erreichbarkeit<\/span><\/span><span class=\"wpcf7-list-item last\"><input type=\"checkbox\" name=\"checkbox-nl[]\" value=\"Website\" \/><span class=\"wpcf7-list-item-label\">Website<\/span><\/span><\/span><\/span>\n\n<div class=\"form-row\">\n<div class=\"column-full\">\nErkl\u00e4rung \/ Tipps \/ Verbesserungsvorschl\u00e4ge *\n<span class=\"wpcf7-form-control-wrap\" data-name=\"textarea-nl\"><textarea cols=\"40\" rows=\"10\" maxlength=\"2000\" class=\"wpcf7-form-control wpcf7-textarea wpcf7-validates-as-required\" aria-required=\"true\" aria-invalid=\"false\" name=\"textarea-nl\"><\/textarea><\/span>\n<\/div>\n<\/div>\n\n<label> Name *\n<span class=\"wpcf7-form-control-wrap\" data-name=\"your-name\"><input size=\"40\" maxlength=\"400\" class=\"wpcf7-form-control wpcf7-text wpcf7-validates-as-required\" aria-required=\"true\" aria-invalid=\"false\" value=\"\" type=\"text\" name=\"your-name\" \/><\/span> <\/label>\n\n<label> E-Mail-Adresse *\n<span class=\"wpcf7-form-control-wrap\" data-name=\"your-email\"><input size=\"40\" maxlength=\"400\" class=\"wpcf7-form-control wpcf7-email wpcf7-validates-as-required wpcf7-text wpcf7-validates-as-email\" aria-required=\"true\" aria-invalid=\"false\" value=\"\" type=\"email\" name=\"your-email\" \/><\/span><\/label>\n   \n<input class=\"wpcf7-form-control wpcf7-submit has-spinner\" type=\"submit\" value=\"Senden\" \/><div class=\"wpcf7-response-output\" aria-hidden=\"true\"><\/div>\n<\/form>\n<\/div>\n[\/vc_column][\/vc_row]<\/p>\n<\/div>","protected":false},"excerpt":{"rendered":"<p>[vc_row][vc_column][vc_column_text]Vielen Dank f\u00fcr Ihre Bewertung! Ihre Erfahrung und Meinung sind f\u00fcr uns sehr wichtig. Was h\u00e4tten wir anders machen m\u00fcssen, um eine Bewertung von 4 oder 5 Sternen zu erhalten? Schon einmal vielen Dank f\u00fcr Ihre M\u00fche und R\u00fcckmeldung! Wozu m\u00f6chten Sie Ihre R\u00fcckmeldung geben? (mehrere Antworten m\u00f6glich)[\/vc_column_text][\/vc_column][\/vc_row][vc_row][vc_column][\/vc_column][\/vc_row]<\/p>\n","protected":false},"author":55,"featured_media":0,"parent":0,"menu_order":0,"comment_status":"closed","ping_status":"closed","template":"","meta":{"_acf_changed":false,"content-type":"","inline_featured_image":false,"footnotes":""},"class_list":["post-99398","page","type-page","status-publish","hentry"],"acf":[],"yoast_head":"<!-- This site is optimized with the Yoast SEO plugin v27.1.1 - https:\/\/yoast.com\/product\/yoast-seo-wordpress\/ -->\n<title>Ihre Erfahrung und Meinung | Kroftman<\/title>\n<meta name=\"robots\" content=\"index, follow, max-snippet:-1, max-image-preview:large, max-video-preview:-1\" \/>\n<link rel=\"canonical\" href=\"https:\/\/www.kroftman.com\/en-eu\/your-opinion\/\" \/>\n<meta property=\"og:locale\" content=\"de_DE\" \/>\n<meta property=\"og:type\" content=\"article\" \/>\n<meta property=\"og:title\" content=\"Ihre Erfahrung und Meinung | Kroftman\" \/>\n<meta property=\"og:description\" content=\"[vc_row][vc_column][vc_column_text]Vielen Dank f\u00fcr Ihre Bewertung! Ihre Erfahrung und Meinung sind f\u00fcr uns sehr wichtig. Was h\u00e4tten wir anders machen m\u00fcssen, um eine Bewertung von 4 oder 5 Sternen zu erhalten? Schon einmal vielen Dank f\u00fcr Ihre M\u00fche und R\u00fcckmeldung! Wozu m\u00f6chten Sie Ihre R\u00fcckmeldung geben? (mehrere Antworten m\u00f6glich)[\/vc_column_text][\/vc_column][\/vc_row][vc_row][vc_column][\/vc_column][\/vc_row]\" \/>\n<meta property=\"og:url\" content=\"https:\/\/www.kroftman.com\/en-eu\/your-opinion\/\" \/>\n<meta property=\"og:site_name\" content=\"Kroftman\" \/>\n<meta property=\"article:modified_time\" content=\"2020-09-01T06:59:56+00:00\" \/>\n<meta name=\"twitter:card\" content=\"summary_large_image\" \/>\n<script type=\"application\/ld+json\" class=\"yoast-schema-graph\">{\"@context\":\"https:\/\/schema.org\",\"@graph\":[{\"@type\":\"WebPage\",\"@id\":\"https:\/\/www.kroftman.com\/en-eu\/your-opinion\/\",\"url\":\"https:\/\/www.kroftman.com\/en-eu\/your-opinion\/\",\"name\":\"Ihre Erfahrung und Meinung | Kroftman\",\"isPartOf\":{\"@id\":\"https:\/\/www.kroftman.com\/en-eu\/#website\"},\"datePublished\":\"2020-08-25T13:22:19+00:00\",\"dateModified\":\"2020-09-01T06:59:56+00:00\",\"breadcrumb\":{\"@id\":\"https:\/\/www.kroftman.com\/en-eu\/your-opinion\/#breadcrumb\"},\"inLanguage\":\"de\",\"potentialAction\":[{\"@type\":\"ReadAction\",\"target\":[\"https:\/\/www.kroftman.com\/en-eu\/your-opinion\/\"]}]},{\"@type\":\"BreadcrumbList\",\"@id\":\"https:\/\/www.kroftman.com\/en-eu\/your-opinion\/#breadcrumb\",\"itemListElement\":[{\"@type\":\"ListItem\",\"position\":1,\"name\":\"Home\",\"item\":\"https:\/\/www.kroftman.com\/de-de\/\"},{\"@type\":\"ListItem\",\"position\":2,\"name\":\"Ihre Erfahrung und Meinung\"}]},{\"@type\":\"WebSite\",\"@id\":\"https:\/\/www.kroftman.com\/en-eu\/#website\",\"url\":\"https:\/\/www.kroftman.com\/en-eu\/\",\"name\":\"Kroftman\",\"description\":\"\",\"publisher\":{\"@id\":\"https:\/\/www.kroftman.com\/en-eu\/#organization\"},\"potentialAction\":[{\"@type\":\"SearchAction\",\"target\":{\"@type\":\"EntryPoint\",\"urlTemplate\":\"https:\/\/www.kroftman.com\/en-eu\/?s={search_term_string}\"},\"query-input\":{\"@type\":\"PropertyValueSpecification\",\"valueRequired\":true,\"valueName\":\"search_term_string\"}}],\"inLanguage\":\"de\"},{\"@type\":\"Organization\",\"@id\":\"https:\/\/www.kroftman.com\/en-eu\/#organization\",\"name\":\"Kroftman\",\"url\":\"https:\/\/www.kroftman.com\/en-eu\/\",\"logo\":{\"@type\":\"ImageObject\",\"inLanguage\":\"de\",\"@id\":\"https:\/\/www.kroftman.com\/en-eu\/#\/schema\/logo\/image\/\",\"url\":\"https:\/\/www.kroftman.com\/wp-content\/uploads\/2019\/05\/kroftman_new_logo_rgb.jpg\",\"contentUrl\":\"https:\/\/www.kroftman.com\/wp-content\/uploads\/2019\/05\/kroftman_new_logo_rgb.jpg\",\"width\":2000,\"height\":402,\"caption\":\"Kroftman\"},\"image\":{\"@id\":\"https:\/\/www.kroftman.com\/en-eu\/#\/schema\/logo\/image\/\"}}]}<\/script>\n<!-- \/ Yoast SEO plugin. -->","yoast_head_json":{"title":"Ihre Erfahrung und Meinung | Kroftman","robots":{"index":"index","follow":"follow","max-snippet":"max-snippet:-1","max-image-preview":"max-image-preview:large","max-video-preview":"max-video-preview:-1"},"canonical":"https:\/\/www.kroftman.com\/en-eu\/your-opinion\/","og_locale":"de_DE","og_type":"article","og_title":"Ihre Erfahrung und Meinung | Kroftman","og_description":"[vc_row][vc_column][vc_column_text]Vielen Dank f\u00fcr Ihre Bewertung! Ihre Erfahrung und Meinung sind f\u00fcr uns sehr wichtig. Was h\u00e4tten wir anders machen m\u00fcssen, um eine Bewertung von 4 oder 5 Sternen zu erhalten? Schon einmal vielen Dank f\u00fcr Ihre M\u00fche und R\u00fcckmeldung! Wozu m\u00f6chten Sie Ihre R\u00fcckmeldung geben? (mehrere Antworten m\u00f6glich)[\/vc_column_text][\/vc_column][\/vc_row][vc_row][vc_column][\/vc_column][\/vc_row]","og_url":"https:\/\/www.kroftman.com\/en-eu\/your-opinion\/","og_site_name":"Kroftman","article_modified_time":"2020-09-01T06:59:56+00:00","twitter_card":"summary_large_image","schema":{"@context":"https:\/\/schema.org","@graph":[{"@type":"WebPage","@id":"https:\/\/www.kroftman.com\/en-eu\/your-opinion\/","url":"https:\/\/www.kroftman.com\/en-eu\/your-opinion\/","name":"Ihre Erfahrung und Meinung | Kroftman","isPartOf":{"@id":"https:\/\/www.kroftman.com\/en-eu\/#website"},"datePublished":"2020-08-25T13:22:19+00:00","dateModified":"2020-09-01T06:59:56+00:00","breadcrumb":{"@id":"https:\/\/www.kroftman.com\/en-eu\/your-opinion\/#breadcrumb"},"inLanguage":"de","potentialAction":[{"@type":"ReadAction","target":["https:\/\/www.kroftman.com\/en-eu\/your-opinion\/"]}]},{"@type":"BreadcrumbList","@id":"https:\/\/www.kroftman.com\/en-eu\/your-opinion\/#breadcrumb","itemListElement":[{"@type":"ListItem","position":1,"name":"Home","item":"https:\/\/www.kroftman.com\/de-de\/"},{"@type":"ListItem","position":2,"name":"Ihre Erfahrung und Meinung"}]},{"@type":"WebSite","@id":"https:\/\/www.kroftman.com\/en-eu\/#website","url":"https:\/\/www.kroftman.com\/en-eu\/","name":"Kroftman","description":"","publisher":{"@id":"https:\/\/www.kroftman.com\/en-eu\/#organization"},"potentialAction":[{"@type":"SearchAction","target":{"@type":"EntryPoint","urlTemplate":"https:\/\/www.kroftman.com\/en-eu\/?s={search_term_string}"},"query-input":{"@type":"PropertyValueSpecification","valueRequired":true,"valueName":"search_term_string"}}],"inLanguage":"de"},{"@type":"Organization","@id":"https:\/\/www.kroftman.com\/en-eu\/#organization","name":"Kroftman","url":"https:\/\/www.kroftman.com\/en-eu\/","logo":{"@type":"ImageObject","inLanguage":"de","@id":"https:\/\/www.kroftman.com\/en-eu\/#\/schema\/logo\/image\/","url":"https:\/\/www.kroftman.com\/wp-content\/uploads\/2019\/05\/kroftman_new_logo_rgb.jpg","contentUrl":"https:\/\/www.kroftman.com\/wp-content\/uploads\/2019\/05\/kroftman_new_logo_rgb.jpg","width":2000,"height":402,"caption":"Kroftman"},"image":{"@id":"https:\/\/www.kroftman.com\/en-eu\/#\/schema\/logo\/image\/"}}]}},"_links":{"self":[{"href":"https:\/\/www.kroftman.com\/de-de\/wp-json\/wp\/v2\/pages\/99398","targetHints":{"allow":["GET"]}}],"collection":[{"href":"https:\/\/www.kroftman.com\/de-de\/wp-json\/wp\/v2\/pages"}],"about":[{"href":"https:\/\/www.kroftman.com\/de-de\/wp-json\/wp\/v2\/types\/page"}],"author":[{"embeddable":true,"href":"https:\/\/www.kroftman.com\/de-de\/wp-json\/wp\/v2\/users\/55"}],"replies":[{"embeddable":true,"href":"https:\/\/www.kroftman.com\/de-de\/wp-json\/wp\/v2\/comments?post=99398"}],"version-history":[{"count":0,"href":"https:\/\/www.kroftman.com\/de-de\/wp-json\/wp\/v2\/pages\/99398\/revisions"}],"wp:attachment":[{"href":"https:\/\/www.kroftman.com\/de-de\/wp-json\/wp\/v2\/media?parent=99398"}],"curies":[{"name":"wp","href":"https:\/\/api.w.org\/{rel}","templated":true}]}}