{"id":29838,"date":"2019-05-27T08:11:17","date_gmt":"2019-05-27T08:11:17","guid":{"rendered":"https:\/\/www.kroftman.com\/disclaimer\/"},"modified":"2019-11-04T14:21:53","modified_gmt":"2019-11-04T14:21:53","slug":"haftungsausschluss","status":"publish","type":"page","link":"https:\/\/www.kroftman.com\/de-de\/haftungsausschluss\/","title":{"rendered":"Kroftman-Haftungsausschluss"},"content":{"rendered":"<div class=\"wpb-content-wrapper\"><p>[vc_row][vc_column][vc_column_text]<\/p>\n<ol>\n<li>Annahme unserer Bedingungen<br \/>\nDurch den Besuch der Website www.kroftman.com, das Anzeigen, Zugreifen auf oder anderweitige Verwenden von Diensten oder Informationen, die auf www.kroftman.com erstellt, gesammelt, kompiliert oder \u00fcbermittelt wurden, stimmen Sie den folgenden Allgemeinen Nutzungsbedingungen zu. Wenn Sie nicht an unsere Nutzungsbedingungen gebunden sein m\u00f6chten, besteht Ihre einzige M\u00f6glichkeit darin, die Dienste von www.kroftman.com nicht zu besuchen, anzuzeigen oder anderweitig zu nutzen. Sie verstehen, stimmen zu und erkennen an, dass diese Nutzungsbedingungen eine rechtsverbindliche Vereinbarung zwischen Ihnen und www.kroftman.com darstellen, und dass Ihre Nutzung von www.kroftman.com Ihre endg\u00fcltige Annahme dieser Vereinbarung bedeutet.<\/li>\n<li>Erbringung von Diensten<br \/>\nSie stimmen zu und erkennen an, dass www.kroftman.com berechtigt ist, nach eigenem Ermessen und ohne vorherige Ank\u00fcndigung einen seiner Dienste zu \u00e4ndern, zu verbessern oder einzustellen, auch wenn dies dazu f\u00fchren kann, dass Sie nicht auf die darin enthaltenen Informationen zugreifen k\u00f6nnen. Dar\u00fcber hinaus stimmen Sie zu und erkennen an, dass www.kroftman.com berechtigt ist, Ihnen Dienstleistungen \u00fcber Tochterunternehmen oder verbundene Unternehmen zu erbringen.<\/li>\n<li>Eigentumsrechte<br \/>\nSie erkennen an und stimmen zu, dass www.kroftman.com gesch\u00fctzte und vertrauliche Informationen enthalten kann, einschlie\u00dflich Marken, Dienstleistungsmarken und Patente, die durch Gesetze zum Schutz geistigen Eigentums und internationale Vertr\u00e4ge zum Schutz geistigen Eigentums gesch\u00fctzt sind. Auf www.kroftman.com k\u00f6nnen Sie Teile des Inhalts f\u00fcr den Offline-, pers\u00f6nlichen und nichtkommerziellen Gebrauch einzeln anzeigen und kopieren. Unser Inhalt darf ohne unsere schriftliche Genehmigung nicht verkauft, vervielf\u00e4ltigt oder verbreitet werden. Alle Marken, Dienstleistungsmarken und Logos von Dritten sind Eigentum ihrer jeweiligen Inhaber. Alle weiteren hier nicht ausdr\u00fccklich gew\u00e4hrten Rechte bleiben vorbehalten.<\/li>\n<li>\u00dcbermittelte Inhalte<br \/>\nWenn Sie Inhalte an www.kroftman.com \u00fcbermitteln, erteilen Sie www.kroftman.com gleichzeitig eine unwiderrufliche, weltweite, geb\u00fchrenfreie Lizenz zum Ver\u00f6ffentlichen, Anzeigen, \u00c4ndern, Verteilen und Syndizieren Ihrer Inhalte weltweit. Sie best\u00e4tigen und \u00fcbernehmen die Gew\u00e4hr, dass Sie \u00fcber die erforderlichen Befugnisse verf\u00fcgen, www.kroftman.com die oben genannte Lizenz einzur\u00e4umen.<\/li>\n<li>K\u00fcndigung der Vereinbarung<br \/>\nDie Bestimmungen dieser Vereinbarung gelten bis zur fristlosen K\u00fcndigung durch eine der Parteien ohne Angabe von Gr\u00fcnden. Unbefristete Bedingungen bleiben von der Beendigung dieser Vereinbarung unber\u00fchrt.<\/li>\n<li>Gew\u00e4hrleistungsausschluss<br \/>\nSie verstehen und stimmen zu, dass Ihre Nutzung von www.kroftman.com auf eigenes Risiko erfolgt und dass unsere Dienste \u201ewie besehen\u201c und \u201ewie verf\u00fcgbar\u201c bereitgestellt werden. www.kroftman.com gibt keine ausdr\u00fccklichen oder stillschweigenden Garantien, Vermerke oder Zusicherungen in Bezug auf den Betrieb der Website, Informationen, Inhalte, Materialien oder Produkte von www.kroftman.com. Dies umfasst unter anderem stillschweigende Gew\u00e4hrleistungen f\u00fcr die Marktg\u00e4ngigkeit und Eignung f\u00fcr einen bestimmten Zweck sowie die Nichtverletzung und Gew\u00e4hrleistungen daf\u00fcr, dass der Zugang zu oder die Nutzung des Dienstes ununterbrochen oder fehlerfrei erfolgt, oder dass vorliegende M\u00e4ngel im Dienst korrigiert werden.<\/li>\n<li>Haftungsbeschr\u00e4nkung<br \/>\nSie verstehen und stimmen zu, dass www.kroftman.com und seine Tochtergesellschaften oder verbundenen Unternehmen in keinem Falle f\u00fcr direkte, indirekte, Folge- oder exemplarische Sch\u00e4den haften. Dies umfasst unter anderem Sch\u00e4den aus Gewinnverlusten, Unterbrechung der Gesch\u00e4ftst\u00e4tigkeit, gesch\u00e4ftlicher Reputation oder Goodwill, den Verlust von Programmen oder Daten oder andere nicht materielle Verluste, die auf die Nutzung oder Unm\u00f6glichkeit der Nutzung der Leistungen oder Daten oder andere andauernde oder vor\u00fcbergehende Leistungsunterbrechungen oder Datenzug\u00e4nge oder die L\u00f6schung oder Besch\u00e4digung von Inhalten oder Daten, oder die Unm\u00f6glichkeit, Inhalte oder Daten zu speichern, zur\u00fcckzuf\u00fchren sind. Die vorstehende Einschr\u00e4nkung gilt unabh\u00e4ngig davon, ob www.kroftman.com auf die M\u00f6glichkeit solcher Sch\u00e4den hingewiesen wurde oder h\u00e4tte hingewiesen werden m\u00fcssen. In L\u00e4ndern, in denen der Ausschluss oder die Beschr\u00e4nkung der Haftung f\u00fcr Folgesch\u00e4den oder indirekte Sch\u00e4den nicht zul\u00e4ssig ist, ist die Haftung von www.kroftman.com auf das gesetzlich zul\u00e4ssige Ma\u00df beschr\u00e4nkt.<\/li>\n<li>Externe Inhalte<br \/>\nwww.kroftman.com kann Hyperlinks zu Inhalten, Werbung oder Websites Dritter enthalten. Sie erkennen an und stimmen zu, dass www.kroftman.com nicht f\u00fcr Werbung, Produkte oder Daten aus derartigen Quellen oder Websites haftet oder Zusicherungen \u00fcbernimmt.<\/li>\n<li>Gerichtsstand<br \/>\nSie verstehen ausdr\u00fccklich und stimmen zu, sich der pers\u00f6nlichen und ausschlie\u00dflichen Zust\u00e4ndigkeit der Gerichte des Landes, Bundesstaates, der Provinz oder des Bereichs zu unterwerfen, die ausschlie\u00dflich von www.kroftman.com bestimmt werden, um rechtliche Fragen zu kl\u00e4ren, die sich aus dieser Vereinbarung ergeben oder mit Ihrer Nutzung von www.kroftman.com zusammenh\u00e4ngen. Wenn das zust\u00e4ndige Gericht feststellt, dass eine Bestimmung der Vereinbarung ung\u00fcltig ist, wird diese Bestimmung aus den Nutzungsbedingungen entfernt und die \u00fcbrigen Nutzungsbedingungen behalten ihre G\u00fcltigkeit.<\/li>\n<li>Gesamte Vereinbarung<br \/>\nSie verstehen und stimmen zu, dass die obigen Nutzungsbedingungen die gesamte allgemeine Vereinbarung zwischen Ihnen und www.kroftman.com darstellen. M\u00f6glicherweise unterliegen Sie zus\u00e4tzlichen Nutzungsbedingungen, wenn Sie andere Dienste, Partnerdienste oder Inhalte oder Materialien von Dritten nutzen, kaufen oder darauf zugreifen.<\/li>\n<li>\u00c4nderungen der Bedingungen<br \/>\nwww.kroftman.com beh\u00e4lt sich das Recht vor, diese Nutzungsbedingungen von Zeit zu Zeit nach eigenem Ermessen und ohne vorherige Ank\u00fcndigung zu \u00e4ndern. \u00c4nderungen an unseren Nutzungsbedingungen werden mit dem Datum wirksam, an dem sie ver\u00f6ffentlicht wurden. Wenn Sie www.kroftman.com nach einer \u00c4nderung der Nutzungsbedingungen weiterhin nutzen, bedeutet dies implizit Ihre Zustimmung, daran gebunden zu sein.<\/li>\n<\/ol>\n<p>[\/vc_column_text][\/vc_column][\/vc_row][vc_row][vc_column]<div class=\"porto-block\" data-id=\"285962\"><style>.vc_custom_1571382867772{padding-top: 10px !important;padding-bottom: 10px !important;background-color: #ffffff !important;}<\/style>[vc_row full_width=\"stretch_row\" wrap_container=\"yes\" css=\".vc_custom_1571382867772{padding-top: 10px !important;padding-bottom: 10px !important;background-color: #ffffff !important;}\"][vc_column width=\"1\/4\"][vc_column_text]<span style=\"color: #002b7f; font-family: roboto condensed; font-size: 18px;\"><img loading=\"lazy\" decoding=\"async\" class=\"alignleft wp-image-29659\" src=\"https:\/\/www.kroftman.com\/wp-content\/uploads\/2019\/11\/Schild-01.png\" alt=\"\" width=\"26\" height=\"30\" \/>Sichere\r\nWebsite\r\n<\/span>[\/vc_column_text][\/vc_column][vc_column width=\"1\/4\"][vc_column_text]<span style=\"color: #002b7f; font-family: roboto condensed; font-size: 18px;\"><img loading=\"lazy\" decoding=\"async\" class=\"alignleft wp-image-29692\" src=\"https:\/\/www.kroftman.com\/wp-content\/uploads\/2019\/11\/EU-01.png\" alt=\"\" width=\"30\" height=\"30\" \/>Gem\u00e4\u00df\r\nEurocode<\/span>[\/vc_column_text][\/vc_column][vc_column width=\"1\/4\"][vc_column_text]<span style=\"color: #002b7f; font-family: roboto condensed; font-size: 18px;\"><img loading=\"lazy\" decoding=\"async\" class=\"alignleft wp-image-19308\" src=\"https:\/\/www.kroftman.com\/wp-content\/uploads\/2019\/09\/Veilig-afrekenen-01.png\" alt=\"\" width=\"46\" height=\"30\" \/>Sichere\r\nBezahlung<\/span>[\/vc_column_text][\/vc_column][vc_column width=\"1\/4\"][vc_column_text]<span style=\"color: #002b7f; font-family: roboto condensed; font-size: 18px;\"><img loading=\"lazy\" decoding=\"async\" class=\"alignleft wp-image-3248\" src=\"https:\/\/www.kroftman.com\/wp-content\/uploads\/2019\/06\/pin-01.png\" alt=\"\" width=\"24\" height=\"30\" \/>Mehr als 12.800\r\nProjekte weltweit<\/span>[\/vc_column_text][\/vc_column][\/vc_row]<\/div>[\/vc_column][\/vc_row]<\/p>\n<\/div>","protected":false},"excerpt":{"rendered":"<p>[vc_row][vc_column][vc_column_text] Annahme unserer Bedingungen Durch den Besuch der Website www.kroftman.com, das Anzeigen, Zugreifen auf oder anderweitige Verwenden von Diensten oder Informationen, die auf www.kroftman.com erstellt, gesammelt, kompiliert oder \u00fcbermittelt wurden, stimmen Sie den folgenden Allgemeinen Nutzungsbedingungen zu. Wenn Sie nicht an unsere Nutzungsbedingungen gebunden sein m\u00f6chten, besteht Ihre einzige M\u00f6glichkeit darin, die Dienste von www.kroftman.com [&hellip;]<\/p>\n","protected":false},"author":0,"featured_media":0,"parent":0,"menu_order":0,"comment_status":"closed","ping_status":"closed","template":"","meta":{"_acf_changed":false,"content-type":"","inline_featured_image":false,"footnotes":""},"class_list":["post-29838","page","type-page","status-publish","hentry"],"acf":[],"yoast_head":"<!-- This site is optimized with the Yoast SEO plugin v27.1.1 - https:\/\/yoast.com\/product\/yoast-seo-wordpress\/ -->\n<title>Haftungsausschluss | Kroftman<\/title>\n<meta name=\"description\" content=\"Kroftman Structures BV disclaimer of www.kroftman.com\" \/>\n<meta name=\"robots\" content=\"index, follow, max-snippet:-1, max-image-preview:large, max-video-preview:-1\" \/>\n<link rel=\"canonical\" href=\"https:\/\/www.kroftman.com\/en-eu\/disclaimer\/\" \/>\n<meta property=\"og:locale\" content=\"de_DE\" \/>\n<meta property=\"og:type\" content=\"article\" \/>\n<meta property=\"og:title\" content=\"Haftungsausschluss | Kroftman\" \/>\n<meta property=\"og:description\" content=\"Kroftman Structures BV disclaimer of www.kroftman.com\" \/>\n<meta property=\"og:url\" content=\"https:\/\/www.kroftman.com\/en-eu\/disclaimer\/\" \/>\n<meta property=\"og:site_name\" content=\"Kroftman\" \/>\n<meta property=\"article:modified_time\" content=\"2019-11-04T14:21:53+00:00\" \/>\n<meta name=\"twitter:card\" content=\"summary_large_image\" \/>\n<meta name=\"twitter:label1\" content=\"Gesch\u00e4tzte Lesezeit\" \/>\n\t<meta name=\"twitter:data1\" content=\"5\u00a0Minuten\" \/>\n<script type=\"application\/ld+json\" class=\"yoast-schema-graph\">{\"@context\":\"https:\/\/schema.org\",\"@graph\":[{\"@type\":\"WebPage\",\"@id\":\"https:\/\/www.kroftman.com\/en-eu\/disclaimer\/\",\"url\":\"https:\/\/www.kroftman.com\/en-eu\/disclaimer\/\",\"name\":\"Haftungsausschluss | Kroftman\",\"isPartOf\":{\"@id\":\"https:\/\/www.kroftman.com\/en-eu\/#website\"},\"datePublished\":\"2019-05-27T08:11:17+00:00\",\"dateModified\":\"2019-11-04T14:21:53+00:00\",\"description\":\"Kroftman Structures BV disclaimer of www.kroftman.com\",\"breadcrumb\":{\"@id\":\"https:\/\/www.kroftman.com\/en-eu\/disclaimer\/#breadcrumb\"},\"inLanguage\":\"de\",\"potentialAction\":[{\"@type\":\"ReadAction\",\"target\":[\"https:\/\/www.kroftman.com\/en-eu\/disclaimer\/\"]}]},{\"@type\":\"BreadcrumbList\",\"@id\":\"https:\/\/www.kroftman.com\/en-eu\/disclaimer\/#breadcrumb\",\"itemListElement\":[{\"@type\":\"ListItem\",\"position\":1,\"name\":\"Home\",\"item\":\"https:\/\/www.kroftman.com\/de-de\/\"},{\"@type\":\"ListItem\",\"position\":2,\"name\":\"Kroftman-Haftungsausschluss\"}]},{\"@type\":\"WebSite\",\"@id\":\"https:\/\/www.kroftman.com\/en-eu\/#website\",\"url\":\"https:\/\/www.kroftman.com\/en-eu\/\",\"name\":\"Kroftman\",\"description\":\"\",\"publisher\":{\"@id\":\"https:\/\/www.kroftman.com\/en-eu\/#organization\"},\"potentialAction\":[{\"@type\":\"SearchAction\",\"target\":{\"@type\":\"EntryPoint\",\"urlTemplate\":\"https:\/\/www.kroftman.com\/en-eu\/?s={search_term_string}\"},\"query-input\":{\"@type\":\"PropertyValueSpecification\",\"valueRequired\":true,\"valueName\":\"search_term_string\"}}],\"inLanguage\":\"de\"},{\"@type\":\"Organization\",\"@id\":\"https:\/\/www.kroftman.com\/en-eu\/#organization\",\"name\":\"Kroftman\",\"url\":\"https:\/\/www.kroftman.com\/en-eu\/\",\"logo\":{\"@type\":\"ImageObject\",\"inLanguage\":\"de\",\"@id\":\"https:\/\/www.kroftman.com\/en-eu\/#\/schema\/logo\/image\/\",\"url\":\"https:\/\/www.kroftman.com\/wp-content\/uploads\/2019\/05\/kroftman_new_logo_rgb.jpg\",\"contentUrl\":\"https:\/\/www.kroftman.com\/wp-content\/uploads\/2019\/05\/kroftman_new_logo_rgb.jpg\",\"width\":2000,\"height\":402,\"caption\":\"Kroftman\"},\"image\":{\"@id\":\"https:\/\/www.kroftman.com\/en-eu\/#\/schema\/logo\/image\/\"}}]}<\/script>\n<!-- \/ Yoast SEO plugin. -->","yoast_head_json":{"title":"Haftungsausschluss | Kroftman","description":"Kroftman Structures BV disclaimer of www.kroftman.com","robots":{"index":"index","follow":"follow","max-snippet":"max-snippet:-1","max-image-preview":"max-image-preview:large","max-video-preview":"max-video-preview:-1"},"canonical":"https:\/\/www.kroftman.com\/en-eu\/disclaimer\/","og_locale":"de_DE","og_type":"article","og_title":"Haftungsausschluss | Kroftman","og_description":"Kroftman Structures BV disclaimer of www.kroftman.com","og_url":"https:\/\/www.kroftman.com\/en-eu\/disclaimer\/","og_site_name":"Kroftman","article_modified_time":"2019-11-04T14:21:53+00:00","twitter_card":"summary_large_image","twitter_misc":{"Gesch\u00e4tzte Lesezeit":"5\u00a0Minuten"},"schema":{"@context":"https:\/\/schema.org","@graph":[{"@type":"WebPage","@id":"https:\/\/www.kroftman.com\/en-eu\/disclaimer\/","url":"https:\/\/www.kroftman.com\/en-eu\/disclaimer\/","name":"Haftungsausschluss | Kroftman","isPartOf":{"@id":"https:\/\/www.kroftman.com\/en-eu\/#website"},"datePublished":"2019-05-27T08:11:17+00:00","dateModified":"2019-11-04T14:21:53+00:00","description":"Kroftman Structures BV disclaimer of www.kroftman.com","breadcrumb":{"@id":"https:\/\/www.kroftman.com\/en-eu\/disclaimer\/#breadcrumb"},"inLanguage":"de","potentialAction":[{"@type":"ReadAction","target":["https:\/\/www.kroftman.com\/en-eu\/disclaimer\/"]}]},{"@type":"BreadcrumbList","@id":"https:\/\/www.kroftman.com\/en-eu\/disclaimer\/#breadcrumb","itemListElement":[{"@type":"ListItem","position":1,"name":"Home","item":"https:\/\/www.kroftman.com\/de-de\/"},{"@type":"ListItem","position":2,"name":"Kroftman-Haftungsausschluss"}]},{"@type":"WebSite","@id":"https:\/\/www.kroftman.com\/en-eu\/#website","url":"https:\/\/www.kroftman.com\/en-eu\/","name":"Kroftman","description":"","publisher":{"@id":"https:\/\/www.kroftman.com\/en-eu\/#organization"},"potentialAction":[{"@type":"SearchAction","target":{"@type":"EntryPoint","urlTemplate":"https:\/\/www.kroftman.com\/en-eu\/?s={search_term_string}"},"query-input":{"@type":"PropertyValueSpecification","valueRequired":true,"valueName":"search_term_string"}}],"inLanguage":"de"},{"@type":"Organization","@id":"https:\/\/www.kroftman.com\/en-eu\/#organization","name":"Kroftman","url":"https:\/\/www.kroftman.com\/en-eu\/","logo":{"@type":"ImageObject","inLanguage":"de","@id":"https:\/\/www.kroftman.com\/en-eu\/#\/schema\/logo\/image\/","url":"https:\/\/www.kroftman.com\/wp-content\/uploads\/2019\/05\/kroftman_new_logo_rgb.jpg","contentUrl":"https:\/\/www.kroftman.com\/wp-content\/uploads\/2019\/05\/kroftman_new_logo_rgb.jpg","width":2000,"height":402,"caption":"Kroftman"},"image":{"@id":"https:\/\/www.kroftman.com\/en-eu\/#\/schema\/logo\/image\/"}}]}},"_links":{"self":[{"href":"https:\/\/www.kroftman.com\/de-de\/wp-json\/wp\/v2\/pages\/29838","targetHints":{"allow":["GET"]}}],"collection":[{"href":"https:\/\/www.kroftman.com\/de-de\/wp-json\/wp\/v2\/pages"}],"about":[{"href":"https:\/\/www.kroftman.com\/de-de\/wp-json\/wp\/v2\/types\/page"}],"replies":[{"embeddable":true,"href":"https:\/\/www.kroftman.com\/de-de\/wp-json\/wp\/v2\/comments?post=29838"}],"version-history":[{"count":0,"href":"https:\/\/www.kroftman.com\/de-de\/wp-json\/wp\/v2\/pages\/29838\/revisions"}],"wp:attachment":[{"href":"https:\/\/www.kroftman.com\/de-de\/wp-json\/wp\/v2\/media?parent=29838"}],"curies":[{"name":"wp","href":"https:\/\/api.w.org\/{rel}","templated":true}]}}