{"id":29772,"date":"2019-05-27T07:22:17","date_gmt":"2019-05-27T07:22:17","guid":{"rendered":"https:\/\/www.kroftman.com\/cookie-policy\/"},"modified":"2020-12-18T14:29:40","modified_gmt":"2020-12-18T14:29:40","slug":"cookie-richtlinie","status":"publish","type":"page","link":"https:\/\/www.kroftman.com\/de-de\/cookie-richtlinie\/","title":{"rendered":"Cookie-Richtlinie Kroftman Structures BV \/ Kroftman GmbH"},"content":{"rendered":"<div class=\"wpb-content-wrapper\"><p>[vc_row][vc_column][vc_column_text]Kroftman Structures verwendet Cookies und andere Techniken wie JavaScripts und Web-Beacons auf seinen Websites und verwandten Websites. Da wir Ihre Privatsph\u00e4re wahren m\u00f6chten und die Benutzerfreundlichkeit Ihrer Besuche auf unseren Websites verbessern wollen, ist es uns wichtig, dass Sie wissen, wie und warum wir Cookies verwenden. Im Folgenden versuchen wir, Ihnen so viele Informationen wie m\u00f6glich \u00fcber die Verwendung von Cookies durch Kroftman Structures zur Verf\u00fcgung zu stellen.<\/p>\n<p>&nbsp;<\/p>\n<h2>Wer ist f\u00fcr die Verarbeitung Ihrer Daten verantwortlich?<\/h2>\n<p>Kroftman Structures BV, mit Sitz in Veem 3, 6909 DZ in Babberich, Niederlande,\u00a0ist f\u00fcr die Datenverarbeitung gem\u00e4\u00df dieser Cookie-Richtlinie verantwortlich.<\/p>\n<p>Die folgenden Websites und Anwendungen geh\u00f6ren zu Kroftman Structures BV:<\/p>\n<ul>\n<li>Kroftman.com<\/li>\n<li>Kroftman.com\/de-at\/<\/li>\n<li>Kroftman.com\/de-de\/<\/li>\n<li>Kroftman.com\/en-eu\/<\/li>\n<li>Kroftman.com\/en-gb\/<\/li>\n<li>Kroftman.com\/en-ww\/<\/li>\n<li>Kroftman.com\/fr-be\/<\/li>\n<li>Kroftman.com\/fr-fr\/<\/li>\n<li>Kroftman.com\/fr-lu\/<\/li>\n<li>Kroftman.com\/nl-be\/<\/li>\n<li>Kroftman.com\/nl-nl\/<\/li>\n<\/ul>\n<p>&nbsp;<\/p>\n<p>&nbsp;<\/p>\n<h2>Die Datenschutzerkl\u00e4rung von Kroftman Structures BV<\/h2>\n<p>In unserer <a class=\"\" href=\"https:\/\/www.kroftman.com\/de-de\/datenschutzerklarung\/\">Datenschutzerkl\u00e4rung<\/a>\u00a0finden Sie weitere Informationen dar\u00fcber, wie Kroftman Structures BV mit Ihrer Privatsph\u00e4re umgeht.<\/p>\n<p>&nbsp;<\/p>\n<h2>Schlussbemerkungen<\/h2>\n<p>Wir werden unsere Erkl\u00e4rungen aktualisieren, wenn sich unsere Websites oder die Regeln f\u00fcr Cookies \u00e4ndern. Sie k\u00f6nnen die aktuelle Version dieser Cookie-Richtlinie auf unserer Website einsehen.<\/p>\n<p>&nbsp;<\/p>\n<h2>Fragen?<\/h2>\n<p>Haben Sie eine Frage oder eine Beschwerde \u00fcber die Verwendung von Cookies durch Kroftman oder m\u00f6chten Sie auf unsere Cookie-Richtlinie antworten? Dann k\u00f6nnen Sie Kroftman Structures \u00fcber\u00a0<a href=\"mailto:online@kroftman.nl\">online@kroftman.nl<\/a>\u00a0kontaktieren.<\/p>\n<p>&nbsp;<\/p>\n<p><strong>\u2013 Version 1 Oktober 2018 \u2013<\/strong>[\/vc_column_text][\/vc_column][\/vc_row][vc_row][vc_column]<div class=\"porto-block\" data-id=\"285962\"><style>.vc_custom_1571382867772{padding-top: 10px !important;padding-bottom: 10px !important;background-color: #ffffff !important;}<\/style>[vc_row full_width=\"stretch_row\" wrap_container=\"yes\" css=\".vc_custom_1571382867772{padding-top: 10px !important;padding-bottom: 10px !important;background-color: #ffffff !important;}\"][vc_column width=\"1\/4\"][vc_column_text]<span style=\"color: #002b7f; font-family: roboto condensed; font-size: 18px;\"><img loading=\"lazy\" decoding=\"async\" class=\"alignleft wp-image-29659\" src=\"https:\/\/www.kroftman.com\/wp-content\/uploads\/2019\/11\/Schild-01.png\" alt=\"\" width=\"26\" height=\"30\" \/>Sichere\r\nWebsite\r\n<\/span>[\/vc_column_text][\/vc_column][vc_column width=\"1\/4\"][vc_column_text]<span style=\"color: #002b7f; font-family: roboto condensed; font-size: 18px;\"><img loading=\"lazy\" decoding=\"async\" class=\"alignleft wp-image-29692\" src=\"https:\/\/www.kroftman.com\/wp-content\/uploads\/2019\/11\/EU-01.png\" alt=\"\" width=\"30\" height=\"30\" \/>Gem\u00e4\u00df\r\nEurocode<\/span>[\/vc_column_text][\/vc_column][vc_column width=\"1\/4\"][vc_column_text]<span style=\"color: #002b7f; font-family: roboto condensed; font-size: 18px;\"><img loading=\"lazy\" decoding=\"async\" class=\"alignleft wp-image-19308\" src=\"https:\/\/www.kroftman.com\/wp-content\/uploads\/2019\/09\/Veilig-afrekenen-01.png\" alt=\"\" width=\"46\" height=\"30\" \/>Sichere\r\nBezahlung<\/span>[\/vc_column_text][\/vc_column][vc_column width=\"1\/4\"][vc_column_text]<span style=\"color: #002b7f; font-family: roboto condensed; font-size: 18px;\"><img loading=\"lazy\" decoding=\"async\" class=\"alignleft wp-image-3248\" src=\"https:\/\/www.kroftman.com\/wp-content\/uploads\/2019\/06\/pin-01.png\" alt=\"\" width=\"24\" height=\"30\" \/>Mehr als 12.800\r\nProjekte weltweit<\/span>[\/vc_column_text][\/vc_column][\/vc_row]<\/div>[\/vc_column][\/vc_row]<\/p>\n<\/div>","protected":false},"excerpt":{"rendered":"<p>[vc_row][vc_column][vc_column_text]Kroftman Structures verwendet Cookies und andere Techniken wie JavaScripts und Web-Beacons auf seinen Websites und verwandten Websites. Da wir Ihre Privatsph\u00e4re wahren m\u00f6chten und die Benutzerfreundlichkeit Ihrer Besuche auf unseren Websites verbessern wollen, ist es uns wichtig, dass Sie wissen, wie und warum wir Cookies verwenden. Im Folgenden versuchen wir, Ihnen so viele Informationen wie [&hellip;]<\/p>\n","protected":false},"author":0,"featured_media":0,"parent":0,"menu_order":0,"comment_status":"closed","ping_status":"closed","template":"","meta":{"_acf_changed":false,"content-type":"","inline_featured_image":false,"footnotes":""},"class_list":["post-29772","page","type-page","status-publish","hentry"],"acf":[],"yoast_head":"<!-- This site is optimized with the Yoast SEO plugin v27.1.1 - https:\/\/yoast.com\/product\/yoast-seo-wordpress\/ -->\n<title>Cookie-Richtlinie | Kroftman<\/title>\n<meta name=\"description\" content=\"Kroftman Structures utilizes cookies and other technologies such as JavaScripts and web beacons on its websites and associated sites.\" \/>\n<meta name=\"robots\" content=\"index, follow, max-snippet:-1, max-image-preview:large, max-video-preview:-1\" \/>\n<link rel=\"canonical\" href=\"https:\/\/www.kroftman.com\/en-eu\/cookie-policy\/\" \/>\n<meta property=\"og:locale\" content=\"de_DE\" \/>\n<meta property=\"og:type\" content=\"article\" \/>\n<meta property=\"og:title\" content=\"Cookie-Richtlinie | Kroftman\" \/>\n<meta property=\"og:description\" content=\"Kroftman Structures utilizes cookies and other technologies such as JavaScripts and web beacons on its websites and associated sites.\" \/>\n<meta property=\"og:url\" content=\"https:\/\/www.kroftman.com\/en-eu\/cookie-policy\/\" \/>\n<meta property=\"og:site_name\" content=\"Kroftman\" \/>\n<meta property=\"article:modified_time\" content=\"2020-12-18T14:29:40+00:00\" \/>\n<meta name=\"twitter:card\" content=\"summary_large_image\" \/>\n<meta name=\"twitter:label1\" content=\"Gesch\u00e4tzte Lesezeit\" \/>\n\t<meta name=\"twitter:data1\" content=\"1\u00a0Minute\" \/>\n<script type=\"application\/ld+json\" class=\"yoast-schema-graph\">{\"@context\":\"https:\/\/schema.org\",\"@graph\":[{\"@type\":\"WebPage\",\"@id\":\"https:\/\/www.kroftman.com\/en-eu\/cookie-policy\/\",\"url\":\"https:\/\/www.kroftman.com\/en-eu\/cookie-policy\/\",\"name\":\"Cookie-Richtlinie | Kroftman\",\"isPartOf\":{\"@id\":\"https:\/\/www.kroftman.com\/en-eu\/#website\"},\"datePublished\":\"2019-05-27T07:22:17+00:00\",\"dateModified\":\"2020-12-18T14:29:40+00:00\",\"description\":\"Kroftman Structures utilizes cookies and other technologies such as JavaScripts and web beacons on its websites and associated sites.\",\"breadcrumb\":{\"@id\":\"https:\/\/www.kroftman.com\/en-eu\/cookie-policy\/#breadcrumb\"},\"inLanguage\":\"de\",\"potentialAction\":[{\"@type\":\"ReadAction\",\"target\":[\"https:\/\/www.kroftman.com\/en-eu\/cookie-policy\/\"]}]},{\"@type\":\"BreadcrumbList\",\"@id\":\"https:\/\/www.kroftman.com\/en-eu\/cookie-policy\/#breadcrumb\",\"itemListElement\":[{\"@type\":\"ListItem\",\"position\":1,\"name\":\"Home\",\"item\":\"https:\/\/www.kroftman.com\/de-de\/\"},{\"@type\":\"ListItem\",\"position\":2,\"name\":\"Cookie-Richtlinie Kroftman Structures BV \/ Kroftman GmbH\"}]},{\"@type\":\"WebSite\",\"@id\":\"https:\/\/www.kroftman.com\/en-eu\/#website\",\"url\":\"https:\/\/www.kroftman.com\/en-eu\/\",\"name\":\"Kroftman\",\"description\":\"\",\"publisher\":{\"@id\":\"https:\/\/www.kroftman.com\/en-eu\/#organization\"},\"potentialAction\":[{\"@type\":\"SearchAction\",\"target\":{\"@type\":\"EntryPoint\",\"urlTemplate\":\"https:\/\/www.kroftman.com\/en-eu\/?s={search_term_string}\"},\"query-input\":{\"@type\":\"PropertyValueSpecification\",\"valueRequired\":true,\"valueName\":\"search_term_string\"}}],\"inLanguage\":\"de\"},{\"@type\":\"Organization\",\"@id\":\"https:\/\/www.kroftman.com\/en-eu\/#organization\",\"name\":\"Kroftman\",\"url\":\"https:\/\/www.kroftman.com\/en-eu\/\",\"logo\":{\"@type\":\"ImageObject\",\"inLanguage\":\"de\",\"@id\":\"https:\/\/www.kroftman.com\/en-eu\/#\/schema\/logo\/image\/\",\"url\":\"https:\/\/www.kroftman.com\/wp-content\/uploads\/2019\/05\/kroftman_new_logo_rgb.jpg\",\"contentUrl\":\"https:\/\/www.kroftman.com\/wp-content\/uploads\/2019\/05\/kroftman_new_logo_rgb.jpg\",\"width\":2000,\"height\":402,\"caption\":\"Kroftman\"},\"image\":{\"@id\":\"https:\/\/www.kroftman.com\/en-eu\/#\/schema\/logo\/image\/\"}}]}<\/script>\n<!-- \/ Yoast SEO plugin. -->","yoast_head_json":{"title":"Cookie-Richtlinie | Kroftman","description":"Kroftman Structures utilizes cookies and other technologies such as JavaScripts and web beacons on its websites and associated sites.","robots":{"index":"index","follow":"follow","max-snippet":"max-snippet:-1","max-image-preview":"max-image-preview:large","max-video-preview":"max-video-preview:-1"},"canonical":"https:\/\/www.kroftman.com\/en-eu\/cookie-policy\/","og_locale":"de_DE","og_type":"article","og_title":"Cookie-Richtlinie | Kroftman","og_description":"Kroftman Structures utilizes cookies and other technologies such as JavaScripts and web beacons on its websites and associated sites.","og_url":"https:\/\/www.kroftman.com\/en-eu\/cookie-policy\/","og_site_name":"Kroftman","article_modified_time":"2020-12-18T14:29:40+00:00","twitter_card":"summary_large_image","twitter_misc":{"Gesch\u00e4tzte Lesezeit":"1\u00a0Minute"},"schema":{"@context":"https:\/\/schema.org","@graph":[{"@type":"WebPage","@id":"https:\/\/www.kroftman.com\/en-eu\/cookie-policy\/","url":"https:\/\/www.kroftman.com\/en-eu\/cookie-policy\/","name":"Cookie-Richtlinie | Kroftman","isPartOf":{"@id":"https:\/\/www.kroftman.com\/en-eu\/#website"},"datePublished":"2019-05-27T07:22:17+00:00","dateModified":"2020-12-18T14:29:40+00:00","description":"Kroftman Structures utilizes cookies and other technologies such as JavaScripts and web beacons on its websites and associated sites.","breadcrumb":{"@id":"https:\/\/www.kroftman.com\/en-eu\/cookie-policy\/#breadcrumb"},"inLanguage":"de","potentialAction":[{"@type":"ReadAction","target":["https:\/\/www.kroftman.com\/en-eu\/cookie-policy\/"]}]},{"@type":"BreadcrumbList","@id":"https:\/\/www.kroftman.com\/en-eu\/cookie-policy\/#breadcrumb","itemListElement":[{"@type":"ListItem","position":1,"name":"Home","item":"https:\/\/www.kroftman.com\/de-de\/"},{"@type":"ListItem","position":2,"name":"Cookie-Richtlinie Kroftman Structures BV \/ Kroftman GmbH"}]},{"@type":"WebSite","@id":"https:\/\/www.kroftman.com\/en-eu\/#website","url":"https:\/\/www.kroftman.com\/en-eu\/","name":"Kroftman","description":"","publisher":{"@id":"https:\/\/www.kroftman.com\/en-eu\/#organization"},"potentialAction":[{"@type":"SearchAction","target":{"@type":"EntryPoint","urlTemplate":"https:\/\/www.kroftman.com\/en-eu\/?s={search_term_string}"},"query-input":{"@type":"PropertyValueSpecification","valueRequired":true,"valueName":"search_term_string"}}],"inLanguage":"de"},{"@type":"Organization","@id":"https:\/\/www.kroftman.com\/en-eu\/#organization","name":"Kroftman","url":"https:\/\/www.kroftman.com\/en-eu\/","logo":{"@type":"ImageObject","inLanguage":"de","@id":"https:\/\/www.kroftman.com\/en-eu\/#\/schema\/logo\/image\/","url":"https:\/\/www.kroftman.com\/wp-content\/uploads\/2019\/05\/kroftman_new_logo_rgb.jpg","contentUrl":"https:\/\/www.kroftman.com\/wp-content\/uploads\/2019\/05\/kroftman_new_logo_rgb.jpg","width":2000,"height":402,"caption":"Kroftman"},"image":{"@id":"https:\/\/www.kroftman.com\/en-eu\/#\/schema\/logo\/image\/"}}]}},"_links":{"self":[{"href":"https:\/\/www.kroftman.com\/de-de\/wp-json\/wp\/v2\/pages\/29772","targetHints":{"allow":["GET"]}}],"collection":[{"href":"https:\/\/www.kroftman.com\/de-de\/wp-json\/wp\/v2\/pages"}],"about":[{"href":"https:\/\/www.kroftman.com\/de-de\/wp-json\/wp\/v2\/types\/page"}],"replies":[{"embeddable":true,"href":"https:\/\/www.kroftman.com\/de-de\/wp-json\/wp\/v2\/comments?post=29772"}],"version-history":[{"count":0,"href":"https:\/\/www.kroftman.com\/de-de\/wp-json\/wp\/v2\/pages\/29772\/revisions"}],"wp:attachment":[{"href":"https:\/\/www.kroftman.com\/de-de\/wp-json\/wp\/v2\/media?parent=29772"}],"curies":[{"name":"wp","href":"https:\/\/api.w.org\/{rel}","templated":true}]}}