{"id":21982,"date":"2019-07-08T13:12:02","date_gmt":"2019-07-08T13:12:02","guid":{"rendered":"https:\/\/www.kroftman.com\/overview\/"},"modified":"2020-10-01T11:12:59","modified_gmt":"2020-10-01T11:12:59","slug":"uebersicht","status":"publish","type":"page","link":"https:\/\/www.kroftman.com\/de-de\/uebersicht\/","title":{"rendered":"\u00dcbersicht"},"content":{"rendered":"<div class=\"wpb-content-wrapper\"><p>[vc_row][vc_column][vc_column_text]<\/p>\n<h1>\u00dcbersicht<\/h1>\n<p>[\/vc_column_text][\/vc_column][\/vc_row][vc_row css=&#8220;.vc_custom_1569826581028{margin-top: 20px !important;}&#8220;][vc_column][vc_column_text]<\/p>\n<h3>\u00c4hnliche Fragen und Antworten<\/h3>\n<p>[\/vc_column_text][\/vc_column][\/vc_row][vc_row][vc_column]<div class=\"porto-faqs porto-faqs7jlh wpb_content_element \">\r\n\t<div class=\"page-faqs clearfix wpb_custom_7fe7ddf8f1a240d6488c8a8c41279112\" id=\"porto_faqs_o2tn\">\r\n\r\n\t\t\r\n\t\t\r\n\t\t<div class=\"faq-row faqs-container\">\r\n\t\t\t\r\n<article class=\"faq overview-page-de-de quote-request-de-de post-22929 type-faq status-publish hentry faq_cat-overview-page-de-de faq_cat-quote-request-de-de\">\r\n\t<section class=\"toggle\">\r\n\t\t<label>Wann erhalte ich mein Angebot?<\/label>\r\n\t\t<div class=\"toggle-content\">\r\n\t\t<span class=\"entry-title\" style=\"display: none;\">Wann erhalte ich mein Angebot?<\/span><span class=\"vcard\" style=\"display: none;\"><span class=\"fn\"><\/span><\/span><span class=\"updated\" style=\"display:none\">2019-10-04T07:17:28+00:00<\/span><div class=\"wpb-content-wrapper\"><p>[vc_row][vc_column][vc_column_text]Das Angebot wird automatisch erstellt, sobald Sie die Pflichtfelder ausgef\u00fcllt haben und auf &#8222;&#8220;Absenden&#8220;&#8220; klicken. F\u00fcr ein Angebot ben\u00f6tigen wir von Ihnen nur die folgenden Informationen: Land, Postleitzahl (zur Ermittlung von Lieferoptionen und -kosten) und E-Mail-Adresse. Weitere Informationen sind von Nutzen, damit wir Sie bei Bedarf schnellstm\u00f6glich kontaktieren k\u00f6nnen.<\/p>\n<p>Ihr Angebot finden Sie in Ihrem pers\u00f6nlichen Konto, das automatisch f\u00fcr Sie erstellt wird. M\u00f6chten Sie mehrere Angebote einholen, um verschiedene Optionen vergleichen zu k\u00f6nnen? Dann werden Sie diese \u00fcbersichtlich gesammelt in Ihrem Konto finden.[\/vc_column_text][\/vc_column][\/vc_row]<\/p>\n<\/div>\t\t<\/div>\r\n\t<\/section>\r\n<\/article>\r\n\r\n<article class=\"faq overview-page-de-de post-22941 type-faq status-publish hentry faq_cat-overview-page-de-de\">\r\n\t<section class=\"toggle\">\r\n\t\t<label>Welche Schritte durchlaufe ich, wenn ich auf &#8222;Auftrag&#8220; klicke?<\/label>\r\n\t\t<div class=\"toggle-content\">\r\n\t\t<span class=\"entry-title\" style=\"display: none;\">Welche Schritte durchlaufe ich, wenn ich auf &#8222;Auftrag&#8220; klicke?<\/span><span class=\"vcard\" style=\"display: none;\"><span class=\"fn\"><\/span><\/span><span class=\"updated\" style=\"display:none\">2019-10-04T08:09:13+00:00<\/span><div class=\"wpb-content-wrapper\"><p>[vc_row][vc_column][vc_column_text]Sie geben Ihre vollst\u00e4ndigen Daten ein und w\u00e4hlen eine Zahlungsmethode. Klicken Sie dann auf &#8222;Bestellung aufgeben&#8220;. Wenn Sie eine Online-Zahlungsmethode gew\u00e4hlt haben, werden Sie zur Zahlung in eine sichere Zahlungsumgebung weitergeleitet. Wenn Sie sich f\u00fcr eine direkte Bank\u00fcberweisung entschieden haben, erhalten Sie zun\u00e4chst eine Rechnung von uns.<\/p>\n<p>Sobald wir Ihre Bestellung erhalten haben, werden wir Sie kontaktieren, um die Details der Bestellung und der Lieferung zu \u00fcberpr\u00fcfen. Sobald wir Ihre (An-)Zahlung erhalten haben, bearbeiten wir die Bestellung. Wenn die Bestellung versandfertig ist, benachrichtigen wir Sie per E-Mail.[\/vc_column_text][\/vc_column][\/vc_row]<\/p>\n<\/div>\t\t<\/div>\r\n\t<\/section>\r\n<\/article>\r\n\r\n<article class=\"faq checkout-de-de checkout-page-de-de overview-page-de-de post-23021 type-faq status-publish hentry faq_cat-checkout-de-de faq_cat-checkout-page-de-de faq_cat-overview-page-de-de\">\r\n\t<section class=\"toggle\">\r\n\t\t<label>Welcher Mehrwertsteuersatz werde mich berechnet?<\/label>\r\n\t\t<div class=\"toggle-content\">\r\n\t\t<span class=\"entry-title\" style=\"display: none;\">Welcher Mehrwertsteuersatz werde mich berechnet?<\/span><span class=\"vcard\" style=\"display: none;\"><span class=\"fn\"><\/span><\/span><span class=\"updated\" style=\"display:none\">2019-10-04T10:02:15+00:00<\/span><div class=\"wpb-content-wrapper\"><p>[vc_row][vc_column][vc_column_text]<strong>0% (innergemeinschaftliche Lieferung):<\/strong><\/p>\n<ul>\n<li>EU-Unternehmen au\u00dferhalb der Niederlande mit einer g\u00fcltigen EU-Mehrwertsteuernummer<\/li>\n<li>Privatpersonen und Unternehmen au\u00dferhalb der EU<\/li>\n<\/ul>\n<p><strong>19% (Fernabsatz)<\/strong><\/p>\n<ul>\n<li>Privatpersonen in Deutschland<\/li>\n<li>Deutsche Landwirte<\/li>\n<li>Deutsche Unternehmen, die ausschlie\u00dflich steuerbefreite Leistungen erbringen<\/li>\n<\/ul>\n<p>Ein Fernabsatz liegt nur vor, wenn die gelieferte Ware direkt \/ indirekt von oder im Auftrag von Kroftman von den Niederlanden nach Deutschland transportiert wird.<\/p>\n<p><strong>21% (Niederl\u00e4ndischer Mehrwertsteuersatz)<\/strong><\/p>\n<ul>\n<li>Privatpersonen au\u00dferhalb Deutschlands<\/li>\n<li>EU-Unternehmen ohne g\u00fcltige EU-Mehrwertsteuernummer<\/li>\n<li>Niederl\u00e4ndische Unternehmen<\/li>\n<\/ul>\n<p>Wenn Sie Ihre Daten eingeben, haben Sie die M\u00f6glichkeit, Ihre USt-IdNr. einzugeben. In Ihrem Angebot oder Ihrer Bestellung wird dann der f\u00fcr Sie geltende Mehrwertsteuersatz angezeigt.[\/vc_column_text][\/vc_column][\/vc_row]<\/p>\n<\/div>\t\t<\/div>\r\n\t<\/section>\r\n<\/article>\r\n\t\t<\/div>\r\n\r\n\t\t\r\n\t<\/div>\r\n\r\n\t\r\n\t<\/div>[\/vc_column][\/vc_row][vc_row][vc_column]<div class=\"porto-block\" data-id=\"285942\"><style>.vc_custom_1571382867772{padding-top: 10px !important;padding-bottom: 10px !important;background-color: #ffffff !important;}<\/style>[vc_row full_width=\"stretch_row\" wrap_container=\"yes\" css=\".vc_custom_1571382867772{padding-top: 10px !important;padding-bottom: 10px !important;background-color: #ffffff !important;}\"][vc_column width=\"1\/4\"][vc_column_text]<span style=\"color: #002b7f; font-family: roboto condensed; font-size: 18px;\"><img loading=\"lazy\" decoding=\"async\" class=\"alignleft wp-image-19286\" src=\"https:\/\/www.kroftman.com\/wp-content\/uploads\/2019\/09\/Vrachtwagen-01.png\" alt=\"\" width=\"64\" height=\"30\" \/>Schnelle\r\nLieferung<\/span>[\/vc_column_text][\/vc_column][vc_column width=\"1\/4\"][vc_column_text]<span style=\"color: #002b7f; font-family: roboto condensed; font-size: 18px;\"><img loading=\"lazy\" decoding=\"async\" class=\"alignleft wp-image-19297\" src=\"https:\/\/www.kroftman.com\/wp-content\/uploads\/2019\/09\/10-garantie-01.png\" alt=\"\" width=\"32\" height=\"30\" \/>10 Jahre\r\nGarantie<\/span>[\/vc_column_text][\/vc_column][vc_column width=\"1\/4\"][vc_column_text]<span style=\"color: #002b7f; font-family: roboto condensed; font-size: 18px;\"><img loading=\"lazy\" decoding=\"async\" class=\"alignleft wp-image-29659\" src=\"https:\/\/www.kroftman.com\/wp-content\/uploads\/2019\/11\/Schild-01.png\" alt=\"\" width=\"26\" height=\"30\" \/>Sichere\r\nWebsite\r\n<\/span>[\/vc_column_text][\/vc_column][vc_column width=\"1\/4\"][vc_column_text]<span style=\"color: #002b7f; font-family: roboto condensed; font-size: 18px;\"><img loading=\"lazy\" decoding=\"async\" class=\"alignleft wp-image-3248\" src=\"https:\/\/www.kroftman.com\/wp-content\/uploads\/2019\/06\/pin-01.png\" alt=\"\" width=\"24\" height=\"30\" \/>Mehr als 12.800\r\nProjekte weltweit<\/span>[\/vc_column_text][\/vc_column][\/vc_row]<\/div>[\/vc_column][\/vc_row]<\/p>\n<\/div>","protected":false},"excerpt":{"rendered":"<p>[vc_row][vc_column][vc_column_text] \u00dcbersicht [\/vc_column_text][\/vc_column][\/vc_row][vc_row css=&#8220;.vc_custom_1569826581028{margin-top: 20px !important;}&#8220;][vc_column][vc_column_text] \u00c4hnliche Fragen und Antworten [\/vc_column_text][\/vc_column][\/vc_row][vc_row][vc_column][\/vc_column][\/vc_row][vc_row][vc_column][\/vc_column][\/vc_row]<\/p>\n","protected":false},"author":1,"featured_media":0,"parent":0,"menu_order":0,"comment_status":"closed","ping_status":"closed","template":"page-overview.php","meta":{"_acf_changed":false,"content-type":"","inline_featured_image":false,"footnotes":""},"class_list":["post-21982","page","type-page","status-publish","hentry"],"acf":[],"yoast_head":"<!-- This site is optimized with the Yoast SEO plugin v27.1.1 - https:\/\/yoast.com\/product\/yoast-seo-wordpress\/ -->\n<title>\u00dcbersicht | Kroftman<\/title>\n<meta name=\"robots\" content=\"index, follow, max-snippet:-1, max-image-preview:large, max-video-preview:-1\" \/>\n<link rel=\"canonical\" href=\"https:\/\/www.kroftman.com\/en-eu\/overview\/\" \/>\n<meta property=\"og:locale\" content=\"de_DE\" \/>\n<meta property=\"og:type\" content=\"article\" \/>\n<meta property=\"og:title\" content=\"\u00dcbersicht | Kroftman\" \/>\n<meta property=\"og:description\" content=\"[vc_row][vc_column][vc_column_text] \u00dcbersicht [\/vc_column_text][\/vc_column][\/vc_row][vc_row css=&#8220;.vc_custom_1569826581028{margin-top: 20px !important;}&#8220;][vc_column][vc_column_text] \u00c4hnliche Fragen und Antworten [\/vc_column_text][\/vc_column][\/vc_row][vc_row][vc_column][\/vc_column][\/vc_row][vc_row][vc_column][\/vc_column][\/vc_row]\" \/>\n<meta property=\"og:url\" content=\"https:\/\/www.kroftman.com\/en-eu\/overview\/\" \/>\n<meta property=\"og:site_name\" content=\"Kroftman\" \/>\n<meta property=\"article:modified_time\" content=\"2020-10-01T11:12:59+00:00\" \/>\n<meta name=\"twitter:card\" content=\"summary_large_image\" \/>\n<script type=\"application\/ld+json\" class=\"yoast-schema-graph\">{\"@context\":\"https:\/\/schema.org\",\"@graph\":[{\"@type\":\"WebPage\",\"@id\":\"https:\/\/www.kroftman.com\/en-eu\/overview\/\",\"url\":\"https:\/\/www.kroftman.com\/en-eu\/overview\/\",\"name\":\"\u00dcbersicht | Kroftman\",\"isPartOf\":{\"@id\":\"https:\/\/www.kroftman.com\/en-eu\/#website\"},\"datePublished\":\"2019-07-08T13:12:02+00:00\",\"dateModified\":\"2020-10-01T11:12:59+00:00\",\"breadcrumb\":{\"@id\":\"https:\/\/www.kroftman.com\/en-eu\/overview\/#breadcrumb\"},\"inLanguage\":\"de\",\"potentialAction\":[{\"@type\":\"ReadAction\",\"target\":[\"https:\/\/www.kroftman.com\/en-eu\/overview\/\"]}]},{\"@type\":\"BreadcrumbList\",\"@id\":\"https:\/\/www.kroftman.com\/en-eu\/overview\/#breadcrumb\",\"itemListElement\":[{\"@type\":\"ListItem\",\"position\":1,\"name\":\"Home\",\"item\":\"https:\/\/www.kroftman.com\/de-de\/\"},{\"@type\":\"ListItem\",\"position\":2,\"name\":\"\u00dcbersicht\"}]},{\"@type\":\"WebSite\",\"@id\":\"https:\/\/www.kroftman.com\/en-eu\/#website\",\"url\":\"https:\/\/www.kroftman.com\/en-eu\/\",\"name\":\"Kroftman\",\"description\":\"\",\"publisher\":{\"@id\":\"https:\/\/www.kroftman.com\/en-eu\/#organization\"},\"potentialAction\":[{\"@type\":\"SearchAction\",\"target\":{\"@type\":\"EntryPoint\",\"urlTemplate\":\"https:\/\/www.kroftman.com\/en-eu\/?s={search_term_string}\"},\"query-input\":{\"@type\":\"PropertyValueSpecification\",\"valueRequired\":true,\"valueName\":\"search_term_string\"}}],\"inLanguage\":\"de\"},{\"@type\":\"Organization\",\"@id\":\"https:\/\/www.kroftman.com\/en-eu\/#organization\",\"name\":\"Kroftman\",\"url\":\"https:\/\/www.kroftman.com\/en-eu\/\",\"logo\":{\"@type\":\"ImageObject\",\"inLanguage\":\"de\",\"@id\":\"https:\/\/www.kroftman.com\/en-eu\/#\/schema\/logo\/image\/\",\"url\":\"https:\/\/www.kroftman.com\/wp-content\/uploads\/2019\/05\/kroftman_new_logo_rgb.jpg\",\"contentUrl\":\"https:\/\/www.kroftman.com\/wp-content\/uploads\/2019\/05\/kroftman_new_logo_rgb.jpg\",\"width\":2000,\"height\":402,\"caption\":\"Kroftman\"},\"image\":{\"@id\":\"https:\/\/www.kroftman.com\/en-eu\/#\/schema\/logo\/image\/\"}}]}<\/script>\n<!-- \/ Yoast SEO plugin. -->","yoast_head_json":{"title":"\u00dcbersicht | Kroftman","robots":{"index":"index","follow":"follow","max-snippet":"max-snippet:-1","max-image-preview":"max-image-preview:large","max-video-preview":"max-video-preview:-1"},"canonical":"https:\/\/www.kroftman.com\/en-eu\/overview\/","og_locale":"de_DE","og_type":"article","og_title":"\u00dcbersicht | Kroftman","og_description":"[vc_row][vc_column][vc_column_text] \u00dcbersicht [\/vc_column_text][\/vc_column][\/vc_row][vc_row css=&#8220;.vc_custom_1569826581028{margin-top: 20px !important;}&#8220;][vc_column][vc_column_text] \u00c4hnliche Fragen und Antworten [\/vc_column_text][\/vc_column][\/vc_row][vc_row][vc_column][\/vc_column][\/vc_row][vc_row][vc_column][\/vc_column][\/vc_row]","og_url":"https:\/\/www.kroftman.com\/en-eu\/overview\/","og_site_name":"Kroftman","article_modified_time":"2020-10-01T11:12:59+00:00","twitter_card":"summary_large_image","schema":{"@context":"https:\/\/schema.org","@graph":[{"@type":"WebPage","@id":"https:\/\/www.kroftman.com\/en-eu\/overview\/","url":"https:\/\/www.kroftman.com\/en-eu\/overview\/","name":"\u00dcbersicht | Kroftman","isPartOf":{"@id":"https:\/\/www.kroftman.com\/en-eu\/#website"},"datePublished":"2019-07-08T13:12:02+00:00","dateModified":"2020-10-01T11:12:59+00:00","breadcrumb":{"@id":"https:\/\/www.kroftman.com\/en-eu\/overview\/#breadcrumb"},"inLanguage":"de","potentialAction":[{"@type":"ReadAction","target":["https:\/\/www.kroftman.com\/en-eu\/overview\/"]}]},{"@type":"BreadcrumbList","@id":"https:\/\/www.kroftman.com\/en-eu\/overview\/#breadcrumb","itemListElement":[{"@type":"ListItem","position":1,"name":"Home","item":"https:\/\/www.kroftman.com\/de-de\/"},{"@type":"ListItem","position":2,"name":"\u00dcbersicht"}]},{"@type":"WebSite","@id":"https:\/\/www.kroftman.com\/en-eu\/#website","url":"https:\/\/www.kroftman.com\/en-eu\/","name":"Kroftman","description":"","publisher":{"@id":"https:\/\/www.kroftman.com\/en-eu\/#organization"},"potentialAction":[{"@type":"SearchAction","target":{"@type":"EntryPoint","urlTemplate":"https:\/\/www.kroftman.com\/en-eu\/?s={search_term_string}"},"query-input":{"@type":"PropertyValueSpecification","valueRequired":true,"valueName":"search_term_string"}}],"inLanguage":"de"},{"@type":"Organization","@id":"https:\/\/www.kroftman.com\/en-eu\/#organization","name":"Kroftman","url":"https:\/\/www.kroftman.com\/en-eu\/","logo":{"@type":"ImageObject","inLanguage":"de","@id":"https:\/\/www.kroftman.com\/en-eu\/#\/schema\/logo\/image\/","url":"https:\/\/www.kroftman.com\/wp-content\/uploads\/2019\/05\/kroftman_new_logo_rgb.jpg","contentUrl":"https:\/\/www.kroftman.com\/wp-content\/uploads\/2019\/05\/kroftman_new_logo_rgb.jpg","width":2000,"height":402,"caption":"Kroftman"},"image":{"@id":"https:\/\/www.kroftman.com\/en-eu\/#\/schema\/logo\/image\/"}}]}},"_links":{"self":[{"href":"https:\/\/www.kroftman.com\/de-de\/wp-json\/wp\/v2\/pages\/21982","targetHints":{"allow":["GET"]}}],"collection":[{"href":"https:\/\/www.kroftman.com\/de-de\/wp-json\/wp\/v2\/pages"}],"about":[{"href":"https:\/\/www.kroftman.com\/de-de\/wp-json\/wp\/v2\/types\/page"}],"author":[{"embeddable":true,"href":"https:\/\/www.kroftman.com\/de-de\/wp-json\/wp\/v2\/users\/1"}],"replies":[{"embeddable":true,"href":"https:\/\/www.kroftman.com\/de-de\/wp-json\/wp\/v2\/comments?post=21982"}],"version-history":[{"count":0,"href":"https:\/\/www.kroftman.com\/de-de\/wp-json\/wp\/v2\/pages\/21982\/revisions"}],"wp:attachment":[{"href":"https:\/\/www.kroftman.com\/de-de\/wp-json\/wp\/v2\/media?parent=21982"}],"curies":[{"name":"wp","href":"https:\/\/api.w.org\/{rel}","templated":true}]}}