{"id":326470,"date":"2025-04-28T11:33:42","date_gmt":"2025-04-28T11:33:42","guid":{"rendered":"https:\/\/www.kroftman.com\/?post_type=product&#038;p=326470"},"modified":"2026-02-26T08:38:30","modified_gmt":"2026-02-26T08:38:30","slug":"schuttgutuberdachung15x12m-rundbogen-dach","status":"publish","type":"product","link":"https:\/\/www.kroftman.com\/de-at\/shop\/containeruberdachungen\/schuttgutuberdachung15x12m-rundbogen-dach\/","title":{"rendered":"Sch\u00fcttgut\u00fcberdachung15x12m Rundbogen Dach"},"content":{"rendered":"","protected":false},"excerpt":{"rendered":"<ul>\n<li>Firsth\u00f6he: 10,5 m (Au\u00dfenma\u00df)<\/li>\n<li>Inkl. Zeltbuch nach EN13782-Norm<\/li>\n<\/ul>\n","protected":false},"featured_media":338674,"template":"","meta":{"_acf_changed":false,"content-type":"","inline_featured_image":false},"product_brand":[],"product_cat":[173],"product_tag":[],"class_list":{"0":"post-326470","1":"product","2":"type-product","3":"status-publish","4":"has-post-thumbnail","6":"product_cat-containeruberdachungen","7":"product_shipping_class-tc800-de-at","9":"first","10":"instock","11":"taxable","12":"shipping-taxable","13":"purchasable","14":"product-type-composite"},"composite_virtual":false,"composite_layout":"paged","composite_add_to_cart_form_location":"default","composite_editable_in_cart":true,"composite_sold_individually_context":"product","composite_shop_price_calc":"defaults","composite_components":[{"id":"1560946406","title":"Plane","description":"<p><span class=\"extra-notice\"> Dachrinne auf Anfrage lieferbar. <a href=\"https:\/\/www.kroftman.com\/wp-content\/uploads\/2026\/02\/Prijslijst_regengoot_DE_v1.pdf\" target=\"_blank\">Preise ansehen<\/a> oder kontaktieren Sie uns direkt. <\/span><\/p>\n","query_type":"product_ids","query_ids":[326336,326346],"default_option_id":326336,"thumbnail_id":"","thumbnail_src":"","quantity_min":1,"quantity_max":1,"priced_individually":true,"shipped_individually":false,"optional":false,"discount":"","options_style":"radios","pagination_style":"classic","display_prices":"absolute","show_sorting_options":false,"show_filtering_options":false,"attribute_filter_ids":[],"select_action":"view","product_title_visible":false,"product_descr_visible":false,"product_price_visible":false,"product_thumb_visible":false,"subtotal_visible_product":true,"subtotal_visible_cart":true,"subtotal_visible_orders":true},{"id":"1602076045","title":"Giebel","description":"","query_type":"product_ids","query_ids":[326369,326357],"default_option_id":326369,"thumbnail_id":"","thumbnail_src":"","quantity_min":1,"quantity_max":1,"priced_individually":true,"shipped_individually":false,"optional":false,"discount":"","options_style":"radios","pagination_style":"classic","display_prices":"absolute","show_sorting_options":false,"show_filtering_options":false,"attribute_filter_ids":[],"select_action":"view","product_title_visible":false,"product_descr_visible":false,"product_price_visible":false,"product_thumb_visible":false,"subtotal_visible_product":true,"subtotal_visible_cart":true,"subtotal_visible_orders":true},{"id":"1560947412","title":"Befestigung","description":"<p><span class='toggle_custom_title_toggle'>?<\/span><span class='toggle_custom_title'>Ben\u00f6tigen Sie Hilfe bei der Auswahl der richtigen Befestigungsoption? Laden Sie <a href=\"https:\/\/www.kroftman.com\/wp-content\/uploads\/2025\/02\/Kroftman-Bevestigingsopties-DE.pdf\">hier<\/a> die Beschreibung aller Befestigungsm\u00f6glichkeiten herunter. <\/span><\/p>\n","query_type":"product_ids","query_ids":[326389,326379],"default_option_id":326389,"thumbnail_id":"","thumbnail_src":"","quantity_min":1,"quantity_max":1,"priced_individually":true,"shipped_individually":false,"optional":false,"discount":"","options_style":"radios","pagination_style":"classic","display_prices":"absolute","show_sorting_options":false,"show_filtering_options":false,"attribute_filter_ids":[],"select_action":"view","product_title_visible":false,"product_descr_visible":false,"product_price_visible":false,"product_thumb_visible":false,"subtotal_visible_product":true,"subtotal_visible_cart":true,"subtotal_visible_orders":true}],"composite_scenarios":[],"acf":[],"yoast_head":"<!-- This site is optimized with the Yoast SEO plugin v27.1.1 - https:\/\/yoast.com\/product\/yoast-seo-wordpress\/ -->\n<title>Sch\u00fcttgut\u00fcberdachung15x12m Rundbogen Dach | Kroftman<\/title>\n<meta name=\"robots\" content=\"index, follow, max-snippet:-1, max-image-preview:large, max-video-preview:-1\" \/>\n<link rel=\"canonical\" href=\"https:\/\/www.kroftman.com\/de-at\/shop\/container-shelters\/schuttgutuberdachung15x12m-rundbogen-dach\/\" \/>\n<meta property=\"og:locale\" content=\"de_DE\" \/>\n<meta property=\"og:type\" content=\"article\" \/>\n<meta property=\"og:title\" content=\"Sch\u00fcttgut\u00fcberdachung15x12m Rundbogen Dach | Kroftman\" \/>\n<meta property=\"og:description\" content=\"Firsth\u00f6he: 10,5 m (Au\u00dfenma\u00df)  Inkl. Zeltbuch nach EN13782-Norm\" \/>\n<meta property=\"og:url\" content=\"https:\/\/www.kroftman.com\/de-at\/shop\/container-shelters\/schuttgutuberdachung15x12m-rundbogen-dach\/\" \/>\n<meta property=\"og:site_name\" content=\"Kroftman\" \/>\n<meta property=\"article:modified_time\" content=\"2026-02-26T08:38:30+00:00\" \/>\n<meta property=\"og:image\" content=\"https:\/\/www.kroftman.com\/wp-content\/uploads\/2025\/04\/CTA1512-B-CategoryPage-EN.jpg\" \/>\n\t<meta property=\"og:image:width\" content=\"510\" \/>\n\t<meta property=\"og:image:height\" content=\"354\" \/>\n\t<meta property=\"og:image:type\" content=\"image\/jpeg\" \/>\n<meta name=\"twitter:card\" content=\"summary_large_image\" \/>\n<meta name=\"twitter:label1\" content=\"Gesch\u00e4tzte Lesezeit\" \/>\n\t<meta name=\"twitter:data1\" content=\"1 Minute\" \/>\n<script type=\"application\/ld+json\" class=\"yoast-schema-graph\">{\"@context\":\"https:\/\/schema.org\",\"@graph\":[{\"@type\":\"WebPage\",\"@id\":\"https:\/\/www.kroftman.com\/de-at\/shop\/container-shelters\/schuttgutuberdachung15x12m-rundbogen-dach\/\",\"url\":\"https:\/\/www.kroftman.com\/de-at\/shop\/container-shelters\/schuttgutuberdachung15x12m-rundbogen-dach\/\",\"name\":\"Sch\u00fcttgut\u00fcberdachung15x12m Rundbogen Dach | Kroftman\",\"isPartOf\":{\"@id\":\"https:\/\/www.kroftman.com\/en-eu\/#website\"},\"primaryImageOfPage\":{\"@id\":\"https:\/\/www.kroftman.com\/de-at\/shop\/container-shelters\/schuttgutuberdachung15x12m-rundbogen-dach\/#primaryimage\"},\"image\":{\"@id\":\"https:\/\/www.kroftman.com\/de-at\/shop\/container-shelters\/schuttgutuberdachung15x12m-rundbogen-dach\/#primaryimage\"},\"thumbnailUrl\":\"https:\/\/www.kroftman.com\/wp-content\/uploads\/2025\/04\/CTA1512-B-CategoryPage-EN.jpg\",\"datePublished\":\"2025-04-28T11:33:42+00:00\",\"dateModified\":\"2026-02-26T08:38:30+00:00\",\"breadcrumb\":{\"@id\":\"https:\/\/www.kroftman.com\/de-at\/shop\/container-shelters\/schuttgutuberdachung15x12m-rundbogen-dach\/#breadcrumb\"},\"inLanguage\":\"de-AT\",\"potentialAction\":[{\"@type\":\"ReadAction\",\"target\":[\"https:\/\/www.kroftman.com\/de-at\/shop\/container-shelters\/schuttgutuberdachung15x12m-rundbogen-dach\/\"]}]},{\"@type\":\"ImageObject\",\"inLanguage\":\"de-AT\",\"@id\":\"https:\/\/www.kroftman.com\/de-at\/shop\/container-shelters\/schuttgutuberdachung15x12m-rundbogen-dach\/#primaryimage\",\"url\":\"https:\/\/www.kroftman.com\/wp-content\/uploads\/2025\/04\/CTA1512-B-CategoryPage-EN.jpg\",\"contentUrl\":\"https:\/\/www.kroftman.com\/wp-content\/uploads\/2025\/04\/CTA1512-B-CategoryPage-EN.jpg\",\"width\":510,\"height\":354},{\"@type\":\"BreadcrumbList\",\"@id\":\"https:\/\/www.kroftman.com\/de-at\/shop\/container-shelters\/schuttgutuberdachung15x12m-rundbogen-dach\/#breadcrumb\",\"itemListElement\":[{\"@type\":\"ListItem\",\"position\":1,\"name\":\"Home\",\"item\":\"https:\/\/www.kroftman.com\/de-at\/\"},{\"@type\":\"ListItem\",\"position\":2,\"name\":\"Shop\",\"item\":\"https:\/\/www.kroftman.com\/en-eu\/shop\/\"},{\"@type\":\"ListItem\",\"position\":3,\"name\":\"Sch\u00fcttgut\u00fcberdachung15x12m Rundbogen Dach\"}]},{\"@type\":\"WebSite\",\"@id\":\"https:\/\/www.kroftman.com\/en-eu\/#website\",\"url\":\"https:\/\/www.kroftman.com\/en-eu\/\",\"name\":\"Kroftman\",\"description\":\"\",\"publisher\":{\"@id\":\"https:\/\/www.kroftman.com\/en-eu\/#organization\"},\"potentialAction\":[{\"@type\":\"SearchAction\",\"target\":{\"@type\":\"EntryPoint\",\"urlTemplate\":\"https:\/\/www.kroftman.com\/en-eu\/?s={search_term_string}\"},\"query-input\":{\"@type\":\"PropertyValueSpecification\",\"valueRequired\":true,\"valueName\":\"search_term_string\"}}],\"inLanguage\":\"de-AT\"},{\"@type\":\"Organization\",\"@id\":\"https:\/\/www.kroftman.com\/en-eu\/#organization\",\"name\":\"Kroftman\",\"url\":\"https:\/\/www.kroftman.com\/en-eu\/\",\"logo\":{\"@type\":\"ImageObject\",\"inLanguage\":\"de-AT\",\"@id\":\"https:\/\/www.kroftman.com\/en-eu\/#\/schema\/logo\/image\/\",\"url\":\"https:\/\/www.kroftman.com\/wp-content\/uploads\/2019\/05\/kroftman_new_logo_rgb.jpg\",\"contentUrl\":\"https:\/\/www.kroftman.com\/wp-content\/uploads\/2019\/05\/kroftman_new_logo_rgb.jpg\",\"width\":2000,\"height\":402,\"caption\":\"Kroftman\"},\"image\":{\"@id\":\"https:\/\/www.kroftman.com\/en-eu\/#\/schema\/logo\/image\/\"}}]}<\/script>\n<!-- \/ Yoast SEO plugin. -->","yoast_head_json":{"title":"Sch\u00fcttgut\u00fcberdachung15x12m Rundbogen Dach | Kroftman","robots":{"index":"index","follow":"follow","max-snippet":"max-snippet:-1","max-image-preview":"max-image-preview:large","max-video-preview":"max-video-preview:-1"},"canonical":"https:\/\/www.kroftman.com\/de-at\/shop\/container-shelters\/schuttgutuberdachung15x12m-rundbogen-dach\/","og_locale":"de_DE","og_type":"article","og_title":"Sch\u00fcttgut\u00fcberdachung15x12m Rundbogen Dach | Kroftman","og_description":"Firsth\u00f6he: 10,5 m (Au\u00dfenma\u00df)  Inkl. Zeltbuch nach EN13782-Norm","og_url":"https:\/\/www.kroftman.com\/de-at\/shop\/container-shelters\/schuttgutuberdachung15x12m-rundbogen-dach\/","og_site_name":"Kroftman","article_modified_time":"2026-02-26T08:38:30+00:00","og_image":[{"width":510,"height":354,"url":"https:\/\/www.kroftman.com\/wp-content\/uploads\/2025\/04\/CTA1512-B-CategoryPage-EN.jpg","type":"image\/jpeg"}],"twitter_card":"summary_large_image","twitter_misc":{"Gesch\u00e4tzte Lesezeit":"1 Minute"},"schema":{"@context":"https:\/\/schema.org","@graph":[{"@type":"WebPage","@id":"https:\/\/www.kroftman.com\/de-at\/shop\/container-shelters\/schuttgutuberdachung15x12m-rundbogen-dach\/","url":"https:\/\/www.kroftman.com\/de-at\/shop\/container-shelters\/schuttgutuberdachung15x12m-rundbogen-dach\/","name":"Sch\u00fcttgut\u00fcberdachung15x12m Rundbogen Dach | Kroftman","isPartOf":{"@id":"https:\/\/www.kroftman.com\/en-eu\/#website"},"primaryImageOfPage":{"@id":"https:\/\/www.kroftman.com\/de-at\/shop\/container-shelters\/schuttgutuberdachung15x12m-rundbogen-dach\/#primaryimage"},"image":{"@id":"https:\/\/www.kroftman.com\/de-at\/shop\/container-shelters\/schuttgutuberdachung15x12m-rundbogen-dach\/#primaryimage"},"thumbnailUrl":"https:\/\/www.kroftman.com\/wp-content\/uploads\/2025\/04\/CTA1512-B-CategoryPage-EN.jpg","datePublished":"2025-04-28T11:33:42+00:00","dateModified":"2026-02-26T08:38:30+00:00","breadcrumb":{"@id":"https:\/\/www.kroftman.com\/de-at\/shop\/container-shelters\/schuttgutuberdachung15x12m-rundbogen-dach\/#breadcrumb"},"inLanguage":"de-AT","potentialAction":[{"@type":"ReadAction","target":["https:\/\/www.kroftman.com\/de-at\/shop\/container-shelters\/schuttgutuberdachung15x12m-rundbogen-dach\/"]}]},{"@type":"ImageObject","inLanguage":"de-AT","@id":"https:\/\/www.kroftman.com\/de-at\/shop\/container-shelters\/schuttgutuberdachung15x12m-rundbogen-dach\/#primaryimage","url":"https:\/\/www.kroftman.com\/wp-content\/uploads\/2025\/04\/CTA1512-B-CategoryPage-EN.jpg","contentUrl":"https:\/\/www.kroftman.com\/wp-content\/uploads\/2025\/04\/CTA1512-B-CategoryPage-EN.jpg","width":510,"height":354},{"@type":"BreadcrumbList","@id":"https:\/\/www.kroftman.com\/de-at\/shop\/container-shelters\/schuttgutuberdachung15x12m-rundbogen-dach\/#breadcrumb","itemListElement":[{"@type":"ListItem","position":1,"name":"Home","item":"https:\/\/www.kroftman.com\/de-at\/"},{"@type":"ListItem","position":2,"name":"Shop","item":"https:\/\/www.kroftman.com\/en-eu\/shop\/"},{"@type":"ListItem","position":3,"name":"Sch\u00fcttgut\u00fcberdachung15x12m Rundbogen Dach"}]},{"@type":"WebSite","@id":"https:\/\/www.kroftman.com\/en-eu\/#website","url":"https:\/\/www.kroftman.com\/en-eu\/","name":"Kroftman","description":"","publisher":{"@id":"https:\/\/www.kroftman.com\/en-eu\/#organization"},"potentialAction":[{"@type":"SearchAction","target":{"@type":"EntryPoint","urlTemplate":"https:\/\/www.kroftman.com\/en-eu\/?s={search_term_string}"},"query-input":{"@type":"PropertyValueSpecification","valueRequired":true,"valueName":"search_term_string"}}],"inLanguage":"de-AT"},{"@type":"Organization","@id":"https:\/\/www.kroftman.com\/en-eu\/#organization","name":"Kroftman","url":"https:\/\/www.kroftman.com\/en-eu\/","logo":{"@type":"ImageObject","inLanguage":"de-AT","@id":"https:\/\/www.kroftman.com\/en-eu\/#\/schema\/logo\/image\/","url":"https:\/\/www.kroftman.com\/wp-content\/uploads\/2019\/05\/kroftman_new_logo_rgb.jpg","contentUrl":"https:\/\/www.kroftman.com\/wp-content\/uploads\/2019\/05\/kroftman_new_logo_rgb.jpg","width":2000,"height":402,"caption":"Kroftman"},"image":{"@id":"https:\/\/www.kroftman.com\/en-eu\/#\/schema\/logo\/image\/"}}]}},"_links":{"self":[{"href":"https:\/\/www.kroftman.com\/de-at\/wp-json\/wp\/v2\/product\/326470","targetHints":{"allow":["GET"]}}],"collection":[{"href":"https:\/\/www.kroftman.com\/de-at\/wp-json\/wp\/v2\/product"}],"about":[{"href":"https:\/\/www.kroftman.com\/de-at\/wp-json\/wp\/v2\/types\/product"}],"wp:featuredmedia":[{"embeddable":true,"href":"https:\/\/www.kroftman.com\/de-at\/wp-json\/wp\/v2\/media\/338674"}],"wp:attachment":[{"href":"https:\/\/www.kroftman.com\/de-at\/wp-json\/wp\/v2\/media?parent=326470"}],"wp:term":[{"taxonomy":"product_brand","embeddable":true,"href":"https:\/\/www.kroftman.com\/de-at\/wp-json\/wp\/v2\/product_brand?post=326470"},{"taxonomy":"product_cat","embeddable":true,"href":"https:\/\/www.kroftman.com\/de-at\/wp-json\/wp\/v2\/product_cat?post=326470"},{"taxonomy":"product_tag","embeddable":true,"href":"https:\/\/www.kroftman.com\/de-at\/wp-json\/wp\/v2\/product_tag?post=326470"}],"curies":[{"name":"wp","href":"https:\/\/api.w.org\/{rel}","templated":true}]}}