{"id":304207,"date":"2024-10-24T12:19:28","date_gmt":"2024-10-24T12:19:28","guid":{"rendered":"https:\/\/www.kroftman.com\/quality-and-confirmity\/"},"modified":"2024-11-28T14:25:51","modified_gmt":"2024-11-28T14:25:51","slug":"quality-and-confirmity","status":"publish","type":"page","link":"https:\/\/www.kroftman.com\/de-at\/quality-and-confirmity\/","title":{"rendered":"Qualit\u00e4t und Konformit\u00e4t"},"content":{"rendered":"<div class=\"wpb-content-wrapper\"><p>[vc_row full_width=&#8220;stretch_row&#8220; css=&#8220;.vc_custom_1731412693021{background-image: url(https:\/\/www.kroftman.com\/wp-content\/uploads\/2024\/11\/Header-DE-2.jpg?id=306544) !important;background-position: center !important;background-repeat: no-repeat !important;background-size: cover !important;}&#8220; el_class=&#8220;category-header desktop_only content_on_top bg_bottom&#8220; conditional_render=&#8220;%5B%7B%22value_role%22%3A%22administrator%22%7D%5D&#8220; css_params=&#8220;&#8220;][vc_column width=&#8220;1\/2&#8243;][vc_column_text css=&#8220;&#8220; text_color=&#8220;var(&#8211;porto-light-color)&#8220;]<\/p>\n<h1><span data-sheets-root=\"1\">QUALIT\u00c4T UND<br \/>\nKONFORMIT\u00c4T<\/span><\/h1>\n<p><span data-sheets-root=\"1\">Alles, was wir herstellen, ist pr\u00e4zise entworfen und gefertigt, um eine lange Lebensdauer zu gew\u00e4hrleisten. Alle Konstruktionszeichnungen und Berechnungen k\u00f6nnen kostenlos heruntergeladen werden.<\/span>[\/vc_column_text][\/vc_column][vc_column width=&#8220;1\/2&#8243; css=&#8220;.vc_custom_1571228320980{margin-bottom: 0px !important;border-bottom-width: 0px !important;padding-bottom: 0px !important;}&#8220;][\/vc_column][\/vc_row][vc_row full_width=&#8220;stretch_row_content_no_spaces&#8220; css=&#8220;.vc_custom_1730112440353{background-position: center !important;background-repeat: no-repeat !important;background-size: cover !important;}&#8220; el_class=&#8220;category-header mobile_only content_on_top&#8220; conditional_render=&#8220;%5B%7B%22value_role%22%3A%22administrator%22%7D%5D&#8220;][vc_column][vc_single_image image=&#8220;305316&#8243; img_size=&#8220;full&#8220; css=&#8220;&#8220;][vc_column_text css=&#8220;&#8220;]<\/p>\n<h1>QUALIT\u00c4T UND<br \/>\nKONFORMIT\u00c4T<\/h1>\n<p><span data-sheets-root=\"1\">Alles, was wir herstellen, ist pr\u00e4zise entworfen und gefertigt, um eine lange Lebensdauer zu gew\u00e4hrleisten. Alle Konstruktionszeichnungen und Berechnungen k\u00f6nnen kostenlos heruntergeladen werden.<\/span>[\/vc_column_text][\/vc_column][\/vc_row][vc_row full_width=&#8220;stretch_row&#8220; equal_height=&#8220;yes&#8220; content_placement=&#8220;middle&#8220; conditional_render=&#8220;%5B%7B%22value_role%22%3A%22administrator%22%7D%5D&#8220; css=&#8220;.vc_custom_1729772855478{padding-top: 55px !important;padding-bottom: 55px !important;}&#8220;][vc_column width=&#8220;4\/12&#8243;][vc_column_text css=&#8220;.vc_custom_1730399261650{margin-bottom: 20px !important;padding-top: 10px !important;padding-bottom: 10px !important;}&#8220;]<\/p>\n<h5><span data-sheets-root=\"1\">LEISTUNG STEHT<br \/>\nF\u00dcR UNS IM<br \/>\nVORDERGRUND<\/span><\/h5>\n<p>[\/vc_column_text]<div class=\"porto-btn-ctn-left kmbutton standard scroll_link\"><a class=\"porto-btn porto-adjust-bottom-margin porto-btn-normal porto-btn-no-hover-bg   wpb_custom_fa51088c2567b780100c1edcf8821d3b  porto-btn-left \"  rel='' href = \"#form\"  data-hover=\"#62d403\" data-border-color=\"\" data-bg=\"#62d403\" data-hover-bg=\"\" data-border-hover=\"\" data-shadow-click=\"none\" data-shadow=\"\" style=\"border:none;background: #62d403;color: #00002e;\"><span class=\"porto-btn-hover\"><\/span><span class=\"porto-btn-data porto-btn-text \" >Zeltbuch herunterladen<\/span><\/a><\/div>[\/vc_column][vc_column width=&#8220;1\/12&#8243; el_class=&#8220;desktop_only&#8220; conditional_render=&#8220;%5B%7B%22value_role%22%3A%22administrator%22%7D%5D&#8220;][\/vc_column][vc_column width=&#8220;7\/12&#8243;][vc_column_text css=&#8220;&#8220;]<span data-sheets-root=\"1\">Wir priorisieren die Leistung in allem, was wir bauen. Jedes Produkt ist so gestaltet, dass es den h\u00f6chsten Industriestandards entspricht, was Zuverl\u00e4ssigkeit unter verschiedenen Bedingungen garantiert. Unsere Strukturen sind nach den EN13782-Normen entworfen, was Sicherheit und Stabilit\u00e4t gew\u00e4hrleistet. Dar\u00fcber hinaus k\u00f6nnen Sie alle Konstruktionszeichnungen und Berechnungen kostenlos herunterladen, was vollst\u00e4ndige Transparenz bietet und Vertrauen in die Qualit\u00e4t und Nachhaltigkeit unserer L\u00f6sungen schafft. We&#8217;ve got you covered!<\/span>[\/vc_column_text][\/vc_column][\/vc_row][vc_row full_width=&#8220;stretch_row_content&#8220; equal_height=&#8220;yes&#8220; content_placement=&#8220;middle&#8220; el_class=&#8220;image-grid&#8220; conditional_render=&#8220;%5B%7B%22value_role%22%3A%22administrator%22%7D%5D&#8220; css=&#8220;.vc_custom_1730112858484{margin-right: -20px !important;margin-left: -20px !important;}&#8220; css_params=&#8220;{&#8222;css_margin_right_md&#8222;:&#8222;0px&#8222;,&#8222;css_margin_left_md&#8222;:&#8222;0px&#8222;}&#8220; custom_css_response=&#8220;@media(max-width:767px){.vc_custom_1730112858484{margin-right:0px!important;margin-left:0px!important;}}&#8220;][vc_column width=&#8220;1\/3&#8243; conditional_render=&#8220;%5B%7B%22value_role%22%3A%22administrator%22%7D%5D&#8220; css=&#8220;.vc_custom_1730112764571{margin-left: 40px !important;}&#8220; css_params=&#8220;{&#8222;css_margin_top_md&#8222;:&#8222;0px&#8222;,&#8222;css_margin_right_md&#8222;:&#8222;0px&#8222;,&#8222;css_margin_bottom_md&#8222;:&#8222;20px&#8222;,&#8222;css_margin_left_md&#8222;:&#8222;0px&#8222;}&#8220; custom_css_response=&#8220;@media(max-width:767px){.vc_custom_1730112764571{margin-top:0px!important;margin-right:0px!important;margin-bottom:20px!important;margin-left:0px!important;}}&#8220;][vc_single_image image=&#8220;304802&#8243; img_size=&#8220;full&#8220; css=&#8220;&#8220;][vc_column_text css=&#8220;&#8220; text_color=&#8220;var(&#8211;porto-light-color)&#8220;]<\/p>\n<h5><span data-sheets-root=\"1\">STAHLSTRUKTUREN MIT<br \/>\nBEW\u00c4HRTER NACHHALTIGKEIT<\/span><\/h5>\n<p><span data-sheets-root=\"1\">Hergestellt f\u00fcr eine langfristige Leistung.<br \/>\nEntworfen f\u00fcr St\u00e4rke und Widerstandsf\u00e4higkeit.<br \/>\nNachhaltigkeit in anspruchsvollen Umgebungen.<\/span>[\/vc_column_text][\/vc_column][vc_column width=&#8220;1\/3&#8243; conditional_render=&#8220;%5B%7B%22value_role%22%3A%22administrator%22%7D%5D&#8220; css=&#8220;.vc_custom_1730112775706{margin-right: -20px !important;margin-left: -20px !important;}&#8220; css_params=&#8220;{&#8222;css_margin_top_md&#8222;:&#8222;0px&#8222;,&#8222;css_margin_right_md&#8222;:&#8222;0px&#8222;,&#8222;css_margin_bottom_md&#8222;:&#8222;20px&#8222;,&#8222;css_margin_left_md&#8222;:&#8222;0px&#8222;}&#8220; custom_css_response=&#8220;@media(max-width:767px){.vc_custom_1730112775706{margin-top:0px!important;margin-right:0px!important;margin-bottom:20px!important;margin-left:0px!important;}}&#8220;][vc_single_image image=&#8220;308912&#8243; img_size=&#8220;625 x 689&#8243; css=&#8220;&#8220; label=&#8220;&#8220; css_params=&#8220;&#8220;][vc_column_text css=&#8220;&#8220;]<\/p>\n<h5><span data-sheets-root=\"1\">IN-HOUSE ENGINEERING ENTSPRICHT<br \/>\nEUROP\u00c4ISCHEN NORMEN<\/span><\/h5>\n<p><span data-sheets-root=\"1\">Dies gew\u00e4hrleistet, dass jedes Produkt den<br \/>\nstrengen europ\u00e4ischen Vorschriften entspricht<br \/>\nund Sicherheit, Zuverl\u00e4ssigkeit und Leistung bietet.<\/span>[\/vc_column_text][\/vc_column][vc_column width=&#8220;1\/3&#8243; css=&#8220;.vc_custom_1730112787342{porto_vc_design_option}&#8220; conditional_render=&#8220;%5B%7B%22value_role%22%3A%22administrator%22%7D%5D&#8220; css_params=&#8220;{&#8222;css_margin_top_md&#8222;:&#8222;0px&#8222;,&#8222;css_margin_right_md&#8222;:&#8222;0px&#8222;,&#8222;css_margin_bottom_md&#8222;:&#8222;0px&#8222;,&#8222;css_margin_left_md&#8222;:&#8222;0px&#8222;}&#8220; custom_css_response=&#8220;@media(max-width:767px){.vc_custom_1730112787342{margin-top:0px!important;margin-right:0px!important;margin-bottom:0px!important;margin-left:0px!important;}}&#8220;][vc_single_image image=&#8220;304867&#8243; img_size=&#8220;full&#8220; css=&#8220;&#8220;][vc_column_text css=&#8220;&#8220;]<\/p>\n<h5><span data-sheets-root=\"1\">GARANTIERT F\u00dcR<br \/>\n10 JAHRE<\/span><\/h5>\n<p><span data-sheets-root=\"1\">Jedes Produkt ist so konzipiert und getestet,<br \/>\ndass es strengen Nachhaltigkeitsstandards<br \/>\nentspricht, was langfristige Leistung unter<br \/>\nherausfordernden Bedingungen garantiert.<\/span>[\/vc_column_text][\/vc_column][\/vc_row][vc_row full_width=&#8220;stretch_row&#8220; equal_height=&#8220;yes&#8220; content_placement=&#8220;middle&#8220; conditional_render=&#8220;%5B%7B%22value_role%22%3A%22administrator%22%7D%5D&#8220; css=&#8220;.vc_custom_1730112948261{padding-top: 60px !important;}&#8220; css_params=&#8220;{&#8222;css_padding_top_md&#8222;:&#8222;0px&#8222;}&#8220; custom_css_response=&#8220;@media(max-width:767px){.vc_custom_1730112948261{padding-top:0px!important;}}&#8220;][vc_column width=&#8220;1\/2&#8243; conditional_render=&#8220;%5B%7B%22value_role%22%3A%22administrator%22%7D%5D&#8220; css=&#8220;.vc_custom_1729773472921{padding-right: 50px !important;}&#8220;][vc_column_text css=&#8220;&#8220;]<\/p>\n<h5><span data-sheets-root=\"1\">F\u00dcR ALLE WETTERBEDINGUNGEN<br \/>\nGEEIGNET<\/span><\/h5>\n<p><span data-sheets-root=\"1\">Sie brauchen sich keine Sorgen zu machen, dass Ihre Container\u00fcberdachung unter schwerem Schnee oder st\u00fcrmischem Wind zusammenbricht. Alle unsere Produkte entsprechen den europ\u00e4ischen Gesetzen und Vorschriften in diesem Bereich. Auf unserer Website finden Sie unter jedem Typ von Container\u00fcberdachung den Tab \u201eSpezifikationen\u201c. Diese Spezifikationen zeigen die maximalen Wind- und Schneelasten, f\u00fcr die eine \u00dcberdachung ausgelegt ist. Diese werden in den offiziellen Tragf\u00e4higkeitsberechnungen festgehalten. Wir empfehlen, die Container\u00fcberdachung nur in Wind- und Schneezonen zu installieren, die diese Normen nicht \u00fcberschreiten.<\/span><\/p>\n<p><a class=\"button kmbutton button-\" href=\"https:\/\/www.kroftman.com\/de-at\/containeruberdachungen\/\">Schauen Sie sich unsere Container\u00fcberdachungen an<\/a>[\/vc_column_text][\/vc_column][vc_column width=&#8220;1\/2&#8243;][vc_single_image image=&#8220;298993&#8243; img_size=&#8220;full&#8220; css=&#8220;&#8220;][\/vc_column][\/vc_row][vc_row css=&#8220;.vc_custom_1730121454027{margin-top: 90px !important;margin-bottom: 90px !important;}&#8220; conditional_render=&#8220;%5B%7B%22value_role%22%3A%22administrator%22%7D%5D&#8220; el_id=&#8220;form&#8220;][vc_column]<div class=\"porto-block\" data-id=\"295242\"><style>.vc_custom_1721308278276{background-color: #00002e !important;}.vc_custom_1732188156933{margin-top: 35px !important;margin-left: 35px !important;}.vc_custom_1723714297138{margin-top: 35px !important;}<\/style>[vc_row equal_height=\"yes\" content_placement=\"middle\" el_class=\"download_brochure_block\" css=\".vc_custom_1721308278276{background-color: #00002e !important;}\" conditional_render=\"%5B%7B%22value_role%22%3A%22administrator%22%7D%5D\"][vc_column width=\"3\/5\" offset=\"vc_col-xs-12\"][vc_column_text css=\".vc_custom_1732188156933{margin-top: 35px !important;margin-left: 35px !important;}\" css_params=\"\"]\r\n<h3><span style=\"color: #ffffff;\">ZELTBUCH\r\nHERUNTERLADEN<\/span><\/h3>\r\n<span class='block_product_details'>Qualit\u00e4t und Konformit\u00e4t<br><\/span><img loading=\"lazy\" decoding=\"async\" class=\"alignnone size-full wp-image-307951\" src=\"https:\/\/www.kroftman.com\/wp-content\/uploads\/2024\/08\/bouwboek-mockup-de_sized.png\" alt=\"\" width=\"400\" height=\"300\" srcset=\"https:\/\/www.kroftman.com\/wp-content\/uploads\/2024\/08\/bouwboek-mockup-de_sized.png 400w, https:\/\/www.kroftman.com\/wp-content\/uploads\/2024\/08\/bouwboek-mockup-de_sized-367x275.png 367w, https:\/\/www.kroftman.com\/wp-content\/uploads\/2024\/08\/bouwboek-mockup-de_sized-320x240.png 320w\" sizes=\"auto, (max-width: 400px) 100vw, 400px\" \/>[\/vc_column_text][\/vc_column][vc_column width=\"2\/5\" offset=\"vc_col-xs-12\"][vc_column_text css=\".vc_custom_1723714297138{margin-top: 35px !important;}\" el_class=\"porto-block-form\"]\n<div class=\"wpcf7 no-js\" id=\"wpcf7-f295216-o1\" lang=\"en-EU\" dir=\"ltr\" data-wpcf7-id=\"295216\">\n<div class=\"screen-reader-response\"><p role=\"status\" aria-live=\"polite\" aria-atomic=\"true\"><\/p> <ul><\/ul><\/div>\n<form action=\"\/de-at\/wp-json\/wp\/v2\/pages\/304207#wpcf7-f295216-o1\" method=\"post\" class=\"wpcf7-form init\" aria-label=\"Contact form\" novalidate=\"novalidate\" data-status=\"init\">\n<fieldset class=\"hidden-fields-container\"><input type=\"hidden\" name=\"_wpcf7\" value=\"295216\" \/><input type=\"hidden\" name=\"_wpcf7_version\" value=\"6.1.5\" \/><input type=\"hidden\" name=\"_wpcf7_locale\" value=\"en_EU\" \/><input type=\"hidden\" name=\"_wpcf7_unit_tag\" value=\"wpcf7-f295216-o1\" \/><input type=\"hidden\" name=\"_wpcf7_container_post\" value=\"0\" \/><input type=\"hidden\" name=\"_wpcf7_posted_data_hash\" value=\"\" \/><input type=\"hidden\" name=\"_wpcf7_recaptcha_response\" value=\"\" \/>\n<\/fieldset>\nSie k\u00f6nnen das Zeltbuch mit allen vorgeschriebenen technischen Berechnungen sowohl digital oder per Post erhalten. Sie erhalten dann eine E-Mail mit der Aufforderung, Ihre Daten f\u00fcr den Versand des Buches zu \u00fcbermitteln. \n\n<span class=\"wpcf7-form-control-wrap\" data-name=\"items\"><span class=\"wpcf7-form-control wpcf7-checkbox\"><span class=\"wpcf7-list-item first\"><label><input type=\"checkbox\" name=\"items[]\" value=\"Digital\" checked=\"checked\" \/><span class=\"wpcf7-list-item-label\">Digital<\/span><\/label><\/span><span class=\"wpcf7-list-item last\"><label><input type=\"checkbox\" name=\"items[]\" value=\"Per Post\" \/><span class=\"wpcf7-list-item-label\">Per Post<\/span><\/label><\/span><\/span><\/span>\n<span class=\"wpcf7-form-control-wrap\" data-name=\"your-email\"><input size=\"40\" maxlength=\"400\" class=\"wpcf7-form-control wpcf7-email wpcf7-validates-as-required wpcf7-text wpcf7-validates-as-email\" autocomplete=\"email\" aria-required=\"true\" aria-invalid=\"false\" placeholder=\"Ihre E-Mailadresse\" value=\"\" type=\"email\" name=\"your-email\" \/><\/span><input class=\"wpcf7-form-control wpcf7-submit has-spinner\" type=\"submit\" value=\"Send\" \/><div class=\"wpcf7-response-output\" aria-hidden=\"true\"><\/div>\n<\/form>\n<\/div>\n[\/vc_column_text][\/vc_column][\/vc_row][vc_row el_class=\"sp-logos\" conditional_render=\"%5B%7B%22value_role%22%3A%22administrator%22%7D%5D\"][vc_column][\/vc_column][\/vc_row]<\/div>[\/vc_column][\/vc_row][vc_row][vc_column][vc_column_text css=&#8220;&#8220;]<\/p>\n<h5>VERWANDTE BLOGS<\/h5>\n<p>[\/vc_column_text][porto_tb_posts post_type=&#8220;post&#8220; orderby=&#8220;date&#8220; order=&#8220;DESC&#8220; columns=&#8220;3&#8243; image_size=&#8220;blog-medium&#8220; builder_id=&#8220;299920&#8243; count=&#8220;3&#8243; el_class=&#8220;blog&#8220; post_ids=&#8220;308596, 307797, 305395&#8243;][\/vc_column][\/vc_row]<\/p>\n<\/div>","protected":false},"excerpt":{"rendered":"<p>[vc_row full_width=&#8220;stretch_row&#8220; css=&#8220;.vc_custom_1731412693021{background-image: url(https:\/\/www.kroftman.com\/wp-content\/uploads\/2024\/11\/Header-DE-2.jpg?id=306544) !important;background-position: center !important;background-repeat: no-repeat !important;background-size: cover !important;}&#8220; el_class=&#8220;category-header desktop_only content_on_top bg_bottom&#8220; conditional_render=&#8220;%5B%7B%22value_role%22%3A%22administrator%22%7D%5D&#8220; css_params=&#8220;&#8220;][vc_column width=&#8220;1\/2&#8243;][vc_column_text css=&#8220;&#8220; text_color=&#8220;var(&#8211;porto-light-color)&#8220;] QUALIT\u00c4T UND KONFORMIT\u00c4T Alles, was wir herstellen, ist pr\u00e4zise entworfen und gefertigt, um eine lange Lebensdauer zu gew\u00e4hrleisten. Alle Konstruktionszeichnungen und Berechnungen k\u00f6nnen kostenlos heruntergeladen werden.[\/vc_column_text][\/vc_column][vc_column width=&#8220;1\/2&#8243; css=&#8220;.vc_custom_1571228320980{margin-bottom: 0px !important;border-bottom-width: 0px !important;padding-bottom: 0px !important;}&#8220;][\/vc_column][\/vc_row][vc_row full_width=&#8220;stretch_row_content_no_spaces&#8220; [&hellip;]<\/p>\n","protected":false},"author":57844,"featured_media":0,"parent":0,"menu_order":0,"comment_status":"closed","ping_status":"closed","template":"","meta":{"_acf_changed":false,"content-type":"","inline_featured_image":false,"footnotes":""},"class_list":["post-304207","page","type-page","status-publish","hentry"],"acf":[],"yoast_head":"<!-- This site is optimized with the Yoast SEO plugin v27.1.1 - https:\/\/yoast.com\/product\/yoast-seo-wordpress\/ -->\n<title>Qualit\u00e4t und Konformit\u00e4t | Kroftman<\/title>\n<meta name=\"robots\" content=\"index, follow, max-snippet:-1, max-image-preview:large, max-video-preview:-1\" \/>\n<link rel=\"canonical\" href=\"https:\/\/www.kroftman.com\/de-at\/quality-and-confirmity\/\" \/>\n<meta property=\"og:locale\" content=\"de_DE\" \/>\n<meta property=\"og:type\" content=\"article\" \/>\n<meta property=\"og:title\" content=\"Qualit\u00e4t und Konformit\u00e4t | Kroftman\" \/>\n<meta property=\"og:description\" content=\"[vc_row full_width=&#8220;stretch_row&#8220; css=&#8220;.vc_custom_1731412693021{background-image: url(https:\/\/www.kroftman.com\/wp-content\/uploads\/2024\/11\/Header-DE-2.jpg?id=306544) !important;background-position: center !important;background-repeat: no-repeat !important;background-size: cover !important;}&#8220; el_class=&#8220;category-header desktop_only content_on_top bg_bottom&#8220; conditional_render=&#8220;%5B%7B%22value_role%22%3A%22administrator%22%7D%5D&#8220; css_params=&#8220;&#8220;][vc_column width=&#8220;1\/2&#8243;][vc_column_text css=&#8220;&#8220; text_color=&#8220;var(&#8211;porto-light-color)&#8220;] QUALIT\u00c4T UND KONFORMIT\u00c4T Alles, was wir herstellen, ist pr\u00e4zise entworfen und gefertigt, um eine lange Lebensdauer zu gew\u00e4hrleisten. Alle Konstruktionszeichnungen und Berechnungen k\u00f6nnen kostenlos heruntergeladen werden.[\/vc_column_text][\/vc_column][vc_column width=&#8220;1\/2&#8243; css=&#8220;.vc_custom_1571228320980{margin-bottom: 0px !important;border-bottom-width: 0px !important;padding-bottom: 0px !important;}&#8220;][\/vc_column][\/vc_row][vc_row full_width=&#8220;stretch_row_content_no_spaces&#8220; [&hellip;]\" \/>\n<meta property=\"og:url\" content=\"https:\/\/www.kroftman.com\/de-at\/quality-and-confirmity\/\" \/>\n<meta property=\"og:site_name\" content=\"Kroftman\" \/>\n<meta property=\"article:modified_time\" content=\"2024-11-28T14:25:51+00:00\" \/>\n<meta name=\"twitter:card\" content=\"summary_large_image\" \/>\n<meta name=\"twitter:label1\" content=\"Gesch\u00e4tzte Lesezeit\" \/>\n\t<meta name=\"twitter:data1\" content=\"3 Minuten\" \/>\n<script type=\"application\/ld+json\" class=\"yoast-schema-graph\">{\"@context\":\"https:\/\/schema.org\",\"@graph\":[{\"@type\":\"WebPage\",\"@id\":\"https:\/\/www.kroftman.com\/de-at\/quality-and-confirmity\/\",\"url\":\"https:\/\/www.kroftman.com\/de-at\/quality-and-confirmity\/\",\"name\":\"Qualit\u00e4t und Konformit\u00e4t | Kroftman\",\"isPartOf\":{\"@id\":\"https:\/\/www.kroftman.com\/en-eu\/#website\"},\"datePublished\":\"2024-10-24T12:19:28+00:00\",\"dateModified\":\"2024-11-28T14:25:51+00:00\",\"breadcrumb\":{\"@id\":\"https:\/\/www.kroftman.com\/de-at\/quality-and-confirmity\/#breadcrumb\"},\"inLanguage\":\"de-AT\",\"potentialAction\":[{\"@type\":\"ReadAction\",\"target\":[\"https:\/\/www.kroftman.com\/de-at\/quality-and-confirmity\/\"]}]},{\"@type\":\"BreadcrumbList\",\"@id\":\"https:\/\/www.kroftman.com\/de-at\/quality-and-confirmity\/#breadcrumb\",\"itemListElement\":[{\"@type\":\"ListItem\",\"position\":1,\"name\":\"Home\",\"item\":\"https:\/\/www.kroftman.com\/de-at\/\"},{\"@type\":\"ListItem\",\"position\":2,\"name\":\"Qualit\u00e4t und Konformit\u00e4t\"}]},{\"@type\":\"WebSite\",\"@id\":\"https:\/\/www.kroftman.com\/en-eu\/#website\",\"url\":\"https:\/\/www.kroftman.com\/en-eu\/\",\"name\":\"Kroftman\",\"description\":\"\",\"publisher\":{\"@id\":\"https:\/\/www.kroftman.com\/en-eu\/#organization\"},\"potentialAction\":[{\"@type\":\"SearchAction\",\"target\":{\"@type\":\"EntryPoint\",\"urlTemplate\":\"https:\/\/www.kroftman.com\/en-eu\/?s={search_term_string}\"},\"query-input\":{\"@type\":\"PropertyValueSpecification\",\"valueRequired\":true,\"valueName\":\"search_term_string\"}}],\"inLanguage\":\"de-AT\"},{\"@type\":\"Organization\",\"@id\":\"https:\/\/www.kroftman.com\/en-eu\/#organization\",\"name\":\"Kroftman\",\"url\":\"https:\/\/www.kroftman.com\/en-eu\/\",\"logo\":{\"@type\":\"ImageObject\",\"inLanguage\":\"de-AT\",\"@id\":\"https:\/\/www.kroftman.com\/en-eu\/#\/schema\/logo\/image\/\",\"url\":\"https:\/\/www.kroftman.com\/wp-content\/uploads\/2019\/05\/kroftman_new_logo_rgb.jpg\",\"contentUrl\":\"https:\/\/www.kroftman.com\/wp-content\/uploads\/2019\/05\/kroftman_new_logo_rgb.jpg\",\"width\":2000,\"height\":402,\"caption\":\"Kroftman\"},\"image\":{\"@id\":\"https:\/\/www.kroftman.com\/en-eu\/#\/schema\/logo\/image\/\"}}]}<\/script>\n<!-- \/ Yoast SEO plugin. -->","yoast_head_json":{"title":"Qualit\u00e4t und Konformit\u00e4t | Kroftman","robots":{"index":"index","follow":"follow","max-snippet":"max-snippet:-1","max-image-preview":"max-image-preview:large","max-video-preview":"max-video-preview:-1"},"canonical":"https:\/\/www.kroftman.com\/de-at\/quality-and-confirmity\/","og_locale":"de_DE","og_type":"article","og_title":"Qualit\u00e4t und Konformit\u00e4t | Kroftman","og_description":"[vc_row full_width=&#8220;stretch_row&#8220; css=&#8220;.vc_custom_1731412693021{background-image: url(https:\/\/www.kroftman.com\/wp-content\/uploads\/2024\/11\/Header-DE-2.jpg?id=306544) !important;background-position: center !important;background-repeat: no-repeat !important;background-size: cover !important;}&#8220; el_class=&#8220;category-header desktop_only content_on_top bg_bottom&#8220; conditional_render=&#8220;%5B%7B%22value_role%22%3A%22administrator%22%7D%5D&#8220; css_params=&#8220;&#8220;][vc_column width=&#8220;1\/2&#8243;][vc_column_text css=&#8220;&#8220; text_color=&#8220;var(&#8211;porto-light-color)&#8220;] QUALIT\u00c4T UND KONFORMIT\u00c4T Alles, was wir herstellen, ist pr\u00e4zise entworfen und gefertigt, um eine lange Lebensdauer zu gew\u00e4hrleisten. Alle Konstruktionszeichnungen und Berechnungen k\u00f6nnen kostenlos heruntergeladen werden.[\/vc_column_text][\/vc_column][vc_column width=&#8220;1\/2&#8243; css=&#8220;.vc_custom_1571228320980{margin-bottom: 0px !important;border-bottom-width: 0px !important;padding-bottom: 0px !important;}&#8220;][\/vc_column][\/vc_row][vc_row full_width=&#8220;stretch_row_content_no_spaces&#8220; [&hellip;]","og_url":"https:\/\/www.kroftman.com\/de-at\/quality-and-confirmity\/","og_site_name":"Kroftman","article_modified_time":"2024-11-28T14:25:51+00:00","twitter_card":"summary_large_image","twitter_misc":{"Gesch\u00e4tzte Lesezeit":"3 Minuten"},"schema":{"@context":"https:\/\/schema.org","@graph":[{"@type":"WebPage","@id":"https:\/\/www.kroftman.com\/de-at\/quality-and-confirmity\/","url":"https:\/\/www.kroftman.com\/de-at\/quality-and-confirmity\/","name":"Qualit\u00e4t und Konformit\u00e4t | Kroftman","isPartOf":{"@id":"https:\/\/www.kroftman.com\/en-eu\/#website"},"datePublished":"2024-10-24T12:19:28+00:00","dateModified":"2024-11-28T14:25:51+00:00","breadcrumb":{"@id":"https:\/\/www.kroftman.com\/de-at\/quality-and-confirmity\/#breadcrumb"},"inLanguage":"de-AT","potentialAction":[{"@type":"ReadAction","target":["https:\/\/www.kroftman.com\/de-at\/quality-and-confirmity\/"]}]},{"@type":"BreadcrumbList","@id":"https:\/\/www.kroftman.com\/de-at\/quality-and-confirmity\/#breadcrumb","itemListElement":[{"@type":"ListItem","position":1,"name":"Home","item":"https:\/\/www.kroftman.com\/de-at\/"},{"@type":"ListItem","position":2,"name":"Qualit\u00e4t und Konformit\u00e4t"}]},{"@type":"WebSite","@id":"https:\/\/www.kroftman.com\/en-eu\/#website","url":"https:\/\/www.kroftman.com\/en-eu\/","name":"Kroftman","description":"","publisher":{"@id":"https:\/\/www.kroftman.com\/en-eu\/#organization"},"potentialAction":[{"@type":"SearchAction","target":{"@type":"EntryPoint","urlTemplate":"https:\/\/www.kroftman.com\/en-eu\/?s={search_term_string}"},"query-input":{"@type":"PropertyValueSpecification","valueRequired":true,"valueName":"search_term_string"}}],"inLanguage":"de-AT"},{"@type":"Organization","@id":"https:\/\/www.kroftman.com\/en-eu\/#organization","name":"Kroftman","url":"https:\/\/www.kroftman.com\/en-eu\/","logo":{"@type":"ImageObject","inLanguage":"de-AT","@id":"https:\/\/www.kroftman.com\/en-eu\/#\/schema\/logo\/image\/","url":"https:\/\/www.kroftman.com\/wp-content\/uploads\/2019\/05\/kroftman_new_logo_rgb.jpg","contentUrl":"https:\/\/www.kroftman.com\/wp-content\/uploads\/2019\/05\/kroftman_new_logo_rgb.jpg","width":2000,"height":402,"caption":"Kroftman"},"image":{"@id":"https:\/\/www.kroftman.com\/en-eu\/#\/schema\/logo\/image\/"}}]}},"_links":{"self":[{"href":"https:\/\/www.kroftman.com\/de-at\/wp-json\/wp\/v2\/pages\/304207","targetHints":{"allow":["GET"]}}],"collection":[{"href":"https:\/\/www.kroftman.com\/de-at\/wp-json\/wp\/v2\/pages"}],"about":[{"href":"https:\/\/www.kroftman.com\/de-at\/wp-json\/wp\/v2\/types\/page"}],"author":[{"embeddable":true,"href":"https:\/\/www.kroftman.com\/de-at\/wp-json\/wp\/v2\/users\/57844"}],"replies":[{"embeddable":true,"href":"https:\/\/www.kroftman.com\/de-at\/wp-json\/wp\/v2\/comments?post=304207"}],"version-history":[{"count":4,"href":"https:\/\/www.kroftman.com\/de-at\/wp-json\/wp\/v2\/pages\/304207\/revisions"}],"predecessor-version":[{"id":308930,"href":"https:\/\/www.kroftman.com\/de-at\/wp-json\/wp\/v2\/pages\/304207\/revisions\/308930"}],"wp:attachment":[{"href":"https:\/\/www.kroftman.com\/de-at\/wp-json\/wp\/v2\/media?parent=304207"}],"curies":[{"name":"wp","href":"https:\/\/api.w.org\/{rel}","templated":true}]}}